{"id":80390,"date":"2025-08-07T10:34:56","date_gmt":"2025-08-07T10:34:56","guid":{"rendered":"https:\/\/skinstudio.ee\/?post_type=product&#038;p=80390"},"modified":"2026-04-03T09:47:38","modified_gmt":"2026-04-03T09:47:38","slug":"plump-start","status":"publish","type":"product","link":"https:\/\/skinstudio.ee\/lt\/catalog\/bioelements\/plump-start\/","title":{"rendered":"Plump Start"},"content":{"rendered":"<p data-start=\"3849\" data-end=\"4178\"><strong data-start=\"3849\" data-end=\"3880\">Plump Start nuo Bioelements<\/strong> &#8211; tai antioksidacinis koncentratas, skirtas intensyviam dr\u0117kinimui, odos stangrumo gerinimui ir odos tekst\u016bros vizualiam pagerinimui. Slyv\u0173 ekstraktais praturtinta antioksidacin\u0117 formul\u0117 padeda palaikyti odos pilnum\u0105, i\u0161lyginti smulkias rauk\u0161leles ir suteikti gaivesn\u0119, labiau pri\u017ei\u016br\u0117t\u0105 i\u0161vaizd\u0105.<\/p>\n<p data-start=\"4180\" data-end=\"4495\">I\u0161manioji dr\u0117kinimo sistema prisitaiko prie odos poreiki\u0173, u\u017etikrindama tikslin\u012f dr\u0117kinim\u0105 ten, kur jo labiausiai reikia. Koncentratas padeda suma\u017einti dehidratacijos linij\u0173 ir nelygios tekst\u016bros matomum\u0105, oda atrodo lygesn\u0117, pilnesn\u0117 ir skaistesn\u0117. Lengva tekst\u016bra greitai susigeria ir tinka kasdieniam naudojimui.<\/p>\n<p data-start=\"4497\" data-end=\"4630\"><strong data-start=\"4497\" data-end=\"4523\">Kam tinka Plump Start:<\/strong> dehidratuotai odai su suma\u017e\u0117jusiu stangrumu, smulkiomis rauk\u0161lel\u0117mis, pavargusiu tonu ir nelygia tekst\u016bra.<\/p>\n<p data-start=\"4632\" data-end=\"4648\"><strong data-start=\"4632\" data-end=\"4642\">T\u016bris:<\/strong> 30 ml<\/p>\n","protected":false},"excerpt":{"rendered":"<p data-start=\"4780\" data-end=\"4822\">Antioksidacinis stangrinantis koncentratas<\/p>\n<h2 data-start=\"4824\" data-end=\"4861\"><strong data-start=\"4824\" data-end=\"4861\">Bioelements &#8211; Plump Start Savyb\u0117s<\/strong><\/h2>\n<p data-start=\"4863\" data-end=\"5070\">\u2714\ufe0f Gerina odos stangrum\u0105 ir tankum\u0105<br data-start=\"4898\" data-end=\"4901\" \/>\u2714\ufe0f Intensyviai dr\u0117kina ir ma\u017eina sausum\u0105<br data-start=\"4941\" data-end=\"4944\" \/>\u2714\ufe0f I\u0161lygina smulkias rauk\u0161leles ir tekst\u016br\u0105<br data-start=\"4987\" data-end=\"4990\" \/>\u2714\ufe0f Suteikia antioksidacin\u0119 apsaug\u0105<br data-start=\"5024\" data-end=\"5027\" \/>\u2714\ufe0f Suteikia skaistesn\u0119 ir gaivesn\u0119 i\u0161vaizd\u0105<\/p>\n","protected":false},"featured_media":67954,"template":"","meta":[],"pwb-brand":[1240],"product_brand":[],"product_cat":[740,750,724],"product_tag":[],"giftcard-category":[],"class_list":{"0":"post-80390","1":"product","2":"type-product","3":"status-publish","4":"has-post-thumbnail","6":"pwb-brand-bioelements","7":"product_cat-sausai-odai","8":"product_cat-senstanti-oda","9":"product_cat-serumai","11":"first","12":"instock","13":"taxable","14":"shipping-taxable","15":"purchasable","16":"product-type-simple"},"acf":[],"brands":[{"id":1240,"name":"Bioelements","slug":"bioelements"}],"_links":{"self":[{"href":"https:\/\/skinstudio.ee\/lt\/wp-json\/wp\/v2\/product\/80390","targetHints":{"allow":["GET"]}}],"collection":[{"href":"https:\/\/skinstudio.ee\/lt\/wp-json\/wp\/v2\/product"}],"about":[{"href":"https:\/\/skinstudio.ee\/lt\/wp-json\/wp\/v2\/types\/product"}],"version-history":[{"count":1,"href":"https:\/\/skinstudio.ee\/lt\/wp-json\/wp\/v2\/product\/80390\/revisions"}],"predecessor-version":[{"id":80391,"href":"https:\/\/skinstudio.ee\/lt\/wp-json\/wp\/v2\/product\/80390\/revisions\/80391"}],"wp:featuredmedia":[{"embeddable":true,"href":"https:\/\/skinstudio.ee\/lt\/wp-json\/wp\/v2\/media\/67954"}],"wp:attachment":[{"href":"https:\/\/skinstudio.ee\/lt\/wp-json\/wp\/v2\/media?parent=80390"}],"wp:term":[{"taxonomy":"pwb-brand","embeddable":true,"href":"https:\/\/skinstudio.ee\/lt\/wp-json\/wp\/v2\/pwb-brand?post=80390"},{"taxonomy":"product_brand","embeddable":true,"href":"https:\/\/skinstudio.ee\/lt\/wp-json\/wp\/v2\/product_brand?post=80390"},{"taxonomy":"product_cat","embeddable":true,"href":"https:\/\/skinstudio.ee\/lt\/wp-json\/wp\/v2\/product_cat?post=80390"},{"taxonomy":"product_tag","embeddable":true,"href":"https:\/\/skinstudio.ee\/lt\/wp-json\/wp\/v2\/product_tag?post=80390"},{"taxonomy":"giftcard-category","embeddable":true,"href":"https:\/\/skinstudio.ee\/lt\/wp-json\/wp\/v2\/giftcard-category?post=80390"}],"curies":[{"name":"wp","href":"https:\/\/api.w.org\/{rel}","templated":true}]}}