{"id":80398,"date":"2025-08-07T10:34:12","date_gmt":"2025-08-07T10:34:12","guid":{"rendered":"https:\/\/skinstudio.ee\/?post_type=product&#038;p=80398"},"modified":"2026-04-03T09:47:39","modified_gmt":"2026-04-03T09:47:39","slug":"vc10-daily-glow","status":"publish","type":"product","link":"https:\/\/skinstudio.ee\/lt\/catalog\/bioelements\/vc10-daily-glow\/","title":{"rendered":"VC10 Daily Glow"},"content":{"rendered":"<p data-start=\"4475\" data-end=\"4889\"><strong data-start=\"4475\" data-end=\"4510\">VC10 Daily Glow nuo Bioelements<\/strong> &#8211; tai skaistinantis antioksidacinis serumas su didele vitamino C koncentracija, skirtas suvienodinti odos ton\u0105, sustiprinti \u0161vyt\u0117jim\u0105 ir apsaugoti nuo prie\u0161laikinio sen\u0117jimo veiksni\u0173. 10% trigubos kilm\u0117s vitamino C formul\u0117, \u012fskaitant vitamino C darinius ir nat\u016brali\u0105 acerola, padeda kovoti su laisv\u0173j\u0173 radikal\u0173 poveikiu, susijusiu su saule, aplinkos tar\u0161a ir nat\u016braliu sen\u0117jimu.<\/p>\n<p data-start=\"4891\" data-end=\"5249\">Papildytas vitaminu E, hialurono r\u016bg\u0161timi ir augaliniais ekstraktais, serumas intensyviai dr\u0117kina ir padeda sukurti lygesn\u0119 bei tolygesn\u0119 odos i\u0161vaizd\u0105. Jis padeda \u0161viesinti pigmentacij\u0105, gerinti tekst\u016br\u0105 ir palaikyti kolageno strukt\u016bras, tod\u0117l oda atrodo gaivesn\u0117, skaistesn\u0117 ir labiau pri\u017ei\u016br\u0117ta. Lengva tekst\u016bra greitai susigeria ir tinka rytinei rutinai.<\/p>\n<p data-start=\"5251\" data-end=\"5415\"><strong data-start=\"5251\" data-end=\"5281\">Kam tinka VC10 Daily Glow:<\/strong> odai su pavargusiu tonu, netolygiu pigmentavimu, foto sen\u0117jimo po\u017eymiais, suma\u017e\u0117jusiu \u0161vyt\u0117jimu ir poreikiu antioksidacinei apsaugai.<\/p>\n<p data-start=\"5417\" data-end=\"5433\"><strong data-start=\"5417\" data-end=\"5427\">T\u016bris:<\/strong> 30 ml<\/p>\n","protected":false},"excerpt":{"rendered":"<p data-start=\"5576\" data-end=\"5615\">Skaistinantis serumas su 10% vitaminu C<\/p>\n<h2 data-start=\"5617\" data-end=\"5658\"><strong data-start=\"5617\" data-end=\"5658\">Bioelements &#8211; VC10 Daily Glow Savyb\u0117s<\/strong><\/h2>\n<p data-start=\"5660\" data-end=\"5869\">\u2714\ufe0f Skaistina odos ton\u0105 ir sustiprina nat\u016bral\u0173 \u0161vyt\u0117jim\u0105<br data-start=\"5715\" data-end=\"5718\" \/>\u2714\ufe0f Suvienodina odos ton\u0105 ir ma\u017eina blankum\u0105<br data-start=\"5761\" data-end=\"5764\" \/>\u2714\ufe0f Ma\u017eina tamsi\u0173 d\u0117mi\u0173 matomum\u0105<br data-start=\"5795\" data-end=\"5798\" \/>\u2714\ufe0f Suteikia antioksidacin\u0119 apsaug\u0105<br data-start=\"5832\" data-end=\"5835\" \/>\u2714\ufe0f Palaiko odos dr\u0117gm\u0119 ir glotnum\u0105<\/p>\n","protected":false},"featured_media":67962,"template":"","meta":[],"pwb-brand":[1240],"product_brand":[],"product_cat":[752,724,730],"product_tag":[],"giftcard-category":[],"class_list":{"0":"post-80398","1":"product","2":"type-product","3":"status-publish","4":"has-post-thumbnail","6":"pwb-brand-bioelements","7":"product_cat-pigmentacija-lt","8":"product_cat-serumai","9":"product_cat-vitaminas-c","11":"first","12":"instock","13":"taxable","14":"shipping-taxable","15":"purchasable","16":"product-type-simple"},"acf":[],"brands":[{"id":1240,"name":"Bioelements","slug":"bioelements"}],"_links":{"self":[{"href":"https:\/\/skinstudio.ee\/lt\/wp-json\/wp\/v2\/product\/80398","targetHints":{"allow":["GET"]}}],"collection":[{"href":"https:\/\/skinstudio.ee\/lt\/wp-json\/wp\/v2\/product"}],"about":[{"href":"https:\/\/skinstudio.ee\/lt\/wp-json\/wp\/v2\/types\/product"}],"version-history":[{"count":1,"href":"https:\/\/skinstudio.ee\/lt\/wp-json\/wp\/v2\/product\/80398\/revisions"}],"predecessor-version":[{"id":80399,"href":"https:\/\/skinstudio.ee\/lt\/wp-json\/wp\/v2\/product\/80398\/revisions\/80399"}],"wp:featuredmedia":[{"embeddable":true,"href":"https:\/\/skinstudio.ee\/lt\/wp-json\/wp\/v2\/media\/67962"}],"wp:attachment":[{"href":"https:\/\/skinstudio.ee\/lt\/wp-json\/wp\/v2\/media?parent=80398"}],"wp:term":[{"taxonomy":"pwb-brand","embeddable":true,"href":"https:\/\/skinstudio.ee\/lt\/wp-json\/wp\/v2\/pwb-brand?post=80398"},{"taxonomy":"product_brand","embeddable":true,"href":"https:\/\/skinstudio.ee\/lt\/wp-json\/wp\/v2\/product_brand?post=80398"},{"taxonomy":"product_cat","embeddable":true,"href":"https:\/\/skinstudio.ee\/lt\/wp-json\/wp\/v2\/product_cat?post=80398"},{"taxonomy":"product_tag","embeddable":true,"href":"https:\/\/skinstudio.ee\/lt\/wp-json\/wp\/v2\/product_tag?post=80398"},{"taxonomy":"giftcard-category","embeddable":true,"href":"https:\/\/skinstudio.ee\/lt\/wp-json\/wp\/v2\/giftcard-category?post=80398"}],"curies":[{"name":"wp","href":"https:\/\/api.w.org\/{rel}","templated":true}]}}