{"id":80406,"date":"2025-08-07T10:32:03","date_gmt":"2025-08-07T10:32:03","guid":{"rendered":"https:\/\/skinstudio.ee\/?post_type=product&#038;p=80406"},"modified":"2026-04-03T09:47:39","modified_gmt":"2026-04-03T09:47:39","slug":"vc10-eye-bright-contour","status":"publish","type":"product","link":"https:\/\/skinstudio.ee\/lt\/catalog\/bioelements\/vc10-eye-bright-contour\/","title":{"rendered":"VC10 Eye Bright Contour"},"content":{"rendered":"<p data-start=\"4386\" data-end=\"4777\"><strong data-start=\"4386\" data-end=\"4429\">VC10 Eye Bright Contour nuo Bioelements<\/strong> &#8211; tai klinikinis paaki\u0173 kremas su didele vitamino C koncentracija, skirtas pagrindiniams sen\u0117jimo ir nuovargio po\u017eymiams aki\u0173 srityje ma\u017einti. VC10 kompleksas (10% stabilizuoto trigubos kilm\u0117s vitamino C, \u012fskaitant vitamino C darinius ir nat\u016brali\u0105 acerola) padeda skaistinti odos ton\u0105, ma\u017einti tamsi\u0173 ratil\u0173 matomum\u0105 ir suteikti gaivesn\u0119 i\u0161vaizd\u0105.<\/p>\n<p data-start=\"4779\" data-end=\"5145\">Papildytas dumbliais, peptidais, kofeinu ir agurk\u0173 ekstraktu, kremas padeda ma\u017einti paburkim\u0105, gerinti odos stangrum\u0105 ir palaikyti optimal\u0173 dr\u0117gm\u0117s lyg\u012f. Priemon\u0117 padeda i\u0161lyginti smulkias rauk\u0161leles ir \u201e\u017e\u0105s\u0173 kojeles\u201c, pagerina odos tekst\u016br\u0105 ir suteikia glotnesn\u0119 bei labiau pri\u017ei\u016br\u0117t\u0105 aki\u0173 zonos i\u0161vaizd\u0105. Lengva tekst\u016bra tinka kasdieniam naudojimui ryte ir vakare.<\/p>\n<p data-start=\"5147\" data-end=\"5320\"><strong data-start=\"5147\" data-end=\"5185\">Kam tinka VC10 Eye Bright Contour:<\/strong> aki\u0173 sri\u010diai su tamsiais ratilais, paburkimu, smulkiomis rauk\u0161lel\u0117mis, foto sen\u0117jimo po\u017eymiais, blankiu tonu ir suma\u017e\u0117jusiu stangrumu.<\/p>\n<p data-start=\"5322\" data-end=\"5338\"><strong data-start=\"5322\" data-end=\"5332\">T\u016bris:<\/strong> 15 ml<\/p>\n","protected":false},"excerpt":{"rendered":"<p data-start=\"5456\" data-end=\"5496\">Klinikinis aki\u0173 kremas su 10% vitaminu C<\/p>\n<h2 data-start=\"5498\" data-end=\"5547\"><strong data-start=\"5498\" data-end=\"5547\">Bioelements &#8211; VC10 Eye Bright Contour Savyb\u0117s<\/strong><\/h2>\n<p data-start=\"5549\" data-end=\"5759\">\u2714\ufe0f Skaistina tamsius ratilus po akimis<br data-start=\"5587\" data-end=\"5590\" \/>\u2714\ufe0f Suteikia daugiau \u0161vyt\u0117jimo aki\u0173 zonai<br data-start=\"5630\" data-end=\"5633\" \/>\u2714\ufe0f I\u0161lygina smulkias rauk\u0161les ir \u201e\u017e\u0105s\u0173 kojeles\u201d<br data-start=\"5680\" data-end=\"5683\" \/>\u2714\ufe0f Ma\u017eina matomus nuovargio po\u017eymius<br data-start=\"5719\" data-end=\"5722\" \/>\u2714\ufe0f Gerina odos stangrum\u0105 aki\u0173 srityje<\/p>\n","protected":false},"featured_media":67987,"template":"","meta":[],"pwb-brand":[1240],"product_brand":[],"product_cat":[734,730],"product_tag":[],"giftcard-category":[],"class_list":{"0":"post-80406","1":"product","2":"type-product","3":"status-publish","4":"has-post-thumbnail","6":"pwb-brand-bioelements","7":"product_cat-oda-aplink-akis","8":"product_cat-vitaminas-c","10":"first","11":"instock","12":"taxable","13":"shipping-taxable","14":"purchasable","15":"product-type-simple"},"acf":[],"brands":[{"id":1240,"name":"Bioelements","slug":"bioelements"}],"_links":{"self":[{"href":"https:\/\/skinstudio.ee\/lt\/wp-json\/wp\/v2\/product\/80406","targetHints":{"allow":["GET"]}}],"collection":[{"href":"https:\/\/skinstudio.ee\/lt\/wp-json\/wp\/v2\/product"}],"about":[{"href":"https:\/\/skinstudio.ee\/lt\/wp-json\/wp\/v2\/types\/product"}],"version-history":[{"count":1,"href":"https:\/\/skinstudio.ee\/lt\/wp-json\/wp\/v2\/product\/80406\/revisions"}],"predecessor-version":[{"id":80407,"href":"https:\/\/skinstudio.ee\/lt\/wp-json\/wp\/v2\/product\/80406\/revisions\/80407"}],"wp:featuredmedia":[{"embeddable":true,"href":"https:\/\/skinstudio.ee\/lt\/wp-json\/wp\/v2\/media\/67987"}],"wp:attachment":[{"href":"https:\/\/skinstudio.ee\/lt\/wp-json\/wp\/v2\/media?parent=80406"}],"wp:term":[{"taxonomy":"pwb-brand","embeddable":true,"href":"https:\/\/skinstudio.ee\/lt\/wp-json\/wp\/v2\/pwb-brand?post=80406"},{"taxonomy":"product_brand","embeddable":true,"href":"https:\/\/skinstudio.ee\/lt\/wp-json\/wp\/v2\/product_brand?post=80406"},{"taxonomy":"product_cat","embeddable":true,"href":"https:\/\/skinstudio.ee\/lt\/wp-json\/wp\/v2\/product_cat?post=80406"},{"taxonomy":"product_tag","embeddable":true,"href":"https:\/\/skinstudio.ee\/lt\/wp-json\/wp\/v2\/product_tag?post=80406"},{"taxonomy":"giftcard-category","embeddable":true,"href":"https:\/\/skinstudio.ee\/lt\/wp-json\/wp\/v2\/giftcard-category?post=80406"}],"curies":[{"name":"wp","href":"https:\/\/api.w.org\/{rel}","templated":true}]}}