{"id":80413,"date":"2025-08-07T10:30:31","date_gmt":"2025-08-07T10:30:31","guid":{"rendered":"https:\/\/skinstudio.ee\/?post_type=product&#038;p=80413"},"modified":"2026-04-03T09:47:39","modified_gmt":"2026-04-03T09:47:39","slug":"vc10-nightly-bright","status":"publish","type":"product","link":"https:\/\/skinstudio.ee\/lt\/catalog\/bioelements\/vc10-nightly-bright\/","title":{"rendered":"VC10 Nightly Bright"},"content":{"rendered":"<p data-start=\"5071\" data-end=\"5476\"><strong data-start=\"5071\" data-end=\"5110\">VC10 Nightly Bright nuo Bioelements<\/strong> &#8211; tai naktinis skaistinantis kremas su didele vitamino C koncentracija, skirtas suvienodinti odos ton\u0105, sustiprinti \u0161vyt\u0117jim\u0105 ir palaikyti odos atsinaujinim\u0105 nakties metu. VC10 kompleksas (10% stabilizuoto trigubos kilm\u0117s vitamino C, \u012fskaitant vitamino C darinius ir nat\u016brali\u0105 acerola) padeda ma\u017einti foto sen\u0117jimo po\u017eymius ir suteikia tolygesn\u0119, gaivesn\u0119 i\u0161vaizd\u0105.<\/p>\n<p data-start=\"5478\" data-end=\"5843\">Peril\u0117s, alfa-arbutino, niacinamido ir saldymed\u017eio ekstrakto kompleksas padeda \u0161viesinti pigmentacij\u0105, vizualiai suma\u017einti poras ir pagerinti odos tekst\u016br\u0105. Aksomin\u0117 maitinamoji tekst\u016bra su skvalanu ir spanguoli\u0173 s\u0117kl\u0173 aliejumi intensyviai dr\u0117kina, palaikydama komfort\u0105 nakties metu. Kremas puikiai dera su VC10 Daily Glow, u\u017etikrindamas nuolatin\u012f \u0161vyt\u0117jimo efekt\u0105.<\/p>\n<p data-start=\"5845\" data-end=\"6010\"><strong data-start=\"5845\" data-end=\"5879\">Kam tinka VC10 Nightly Bright:<\/strong> odai su blankiu tonu, netolygiu pigmentavimu, foto sen\u0117jimo po\u017eymiais, suma\u017e\u0117jusiu \u0161vyt\u0117jimu ir poreikiu naktiniam atsinaujinimui.<\/p>\n<p data-start=\"6012\" data-end=\"6028\"><strong data-start=\"6012\" data-end=\"6022\">T\u016bris:<\/strong> 30 ml<\/p>\n","protected":false},"excerpt":{"rendered":"<p data-start=\"6363\" data-end=\"6410\">Naktinis skaistinantis kremas su 10% vitaminu C<\/p>\n<h2 data-start=\"6412\" data-end=\"6457\"><strong data-start=\"6412\" data-end=\"6457\">Bioelements &#8211; VC10 Nightly Bright Savyb\u0117s<\/strong><\/h2>\n<p data-start=\"6459\" data-end=\"6659\">\u2714\ufe0f Skaistina odos ton\u0105 naktin\u0117s prie\u017ei\u016bros metu<br data-start=\"6506\" data-end=\"6509\" \/>\u2714\ufe0f Sustiprina odos \u0161vyt\u0117jim\u0105<br data-start=\"6537\" data-end=\"6540\" \/>\u2714\ufe0f Intensyviai dr\u0117kina su maitinan\u010dia tekst\u016bra<br data-start=\"6586\" data-end=\"6589\" \/>\u2714\ufe0f Ma\u017eina pigmentacijos matomum\u0105<br data-start=\"6621\" data-end=\"6624\" \/>\u2714\ufe0f Vizualiai suma\u017eina por\u0173 matomum\u0105<\/p>\n","protected":false},"featured_media":68012,"template":"","meta":[],"pwb-brand":[1240],"product_brand":[],"product_cat":[738,744,752,730],"product_tag":[],"giftcard-category":[],"class_list":{"0":"post-80413","1":"product","2":"type-product","3":"status-publish","4":"has-post-thumbnail","6":"pwb-brand-bioelements","7":"product_cat-drekinimas","8":"product_cat-issipletusios-poros","9":"product_cat-pigmentacija-lt","10":"product_cat-vitaminas-c","12":"first","13":"instock","14":"taxable","15":"shipping-taxable","16":"purchasable","17":"product-type-simple"},"acf":[],"brands":[{"id":1240,"name":"Bioelements","slug":"bioelements"}],"_links":{"self":[{"href":"https:\/\/skinstudio.ee\/lt\/wp-json\/wp\/v2\/product\/80413","targetHints":{"allow":["GET"]}}],"collection":[{"href":"https:\/\/skinstudio.ee\/lt\/wp-json\/wp\/v2\/product"}],"about":[{"href":"https:\/\/skinstudio.ee\/lt\/wp-json\/wp\/v2\/types\/product"}],"version-history":[{"count":1,"href":"https:\/\/skinstudio.ee\/lt\/wp-json\/wp\/v2\/product\/80413\/revisions"}],"predecessor-version":[{"id":80414,"href":"https:\/\/skinstudio.ee\/lt\/wp-json\/wp\/v2\/product\/80413\/revisions\/80414"}],"wp:featuredmedia":[{"embeddable":true,"href":"https:\/\/skinstudio.ee\/lt\/wp-json\/wp\/v2\/media\/68012"}],"wp:attachment":[{"href":"https:\/\/skinstudio.ee\/lt\/wp-json\/wp\/v2\/media?parent=80413"}],"wp:term":[{"taxonomy":"pwb-brand","embeddable":true,"href":"https:\/\/skinstudio.ee\/lt\/wp-json\/wp\/v2\/pwb-brand?post=80413"},{"taxonomy":"product_brand","embeddable":true,"href":"https:\/\/skinstudio.ee\/lt\/wp-json\/wp\/v2\/product_brand?post=80413"},{"taxonomy":"product_cat","embeddable":true,"href":"https:\/\/skinstudio.ee\/lt\/wp-json\/wp\/v2\/product_cat?post=80413"},{"taxonomy":"product_tag","embeddable":true,"href":"https:\/\/skinstudio.ee\/lt\/wp-json\/wp\/v2\/product_tag?post=80413"},{"taxonomy":"giftcard-category","embeddable":true,"href":"https:\/\/skinstudio.ee\/lt\/wp-json\/wp\/v2\/giftcard-category?post=80413"}],"curies":[{"name":"wp","href":"https:\/\/api.w.org\/{rel}","templated":true}]}}