{"id":80421,"date":"2025-08-07T10:29:11","date_gmt":"2025-08-07T10:29:11","guid":{"rendered":"https:\/\/skinstudio.ee\/?post_type=product&#038;p=80421"},"modified":"2026-04-03T09:47:38","modified_gmt":"2026-04-03T09:47:38","slug":"lip-clinic-exfoliating-butter","status":"publish","type":"product","link":"https:\/\/skinstudio.ee\/lt\/catalog\/bioelements\/lip-clinic-exfoliating-butter\/","title":{"rendered":"Lip Clinic Exfoliating Butter"},"content":{"rendered":"<p data-start=\"3937\" data-end=\"4249\"><strong data-start=\"3937\" data-end=\"3986\">Lip Clinic Exfoliating Butter nuo Bioelements<\/strong> &#8211; tai naktinis glotninantis l\u016bp\u0173 balzamas, skirtas \u0161velniam atnaujinimui, maitinimui ir komforto suteikimui sausoms bei \u0161iurk\u0161\u010dioms l\u016bpoms. AHA ir vaisi\u0173 r\u016bg\u0161\u010di\u0173 formul\u0117 veikia per nakt\u012f, \u0161velniai eksfolijuodama be mechaninio \u0161veitimo ir gerindama l\u016bp\u0173 tekst\u016br\u0105.<\/p>\n<p data-start=\"4251\" data-end=\"4583\">Atkuriamasis soj\u0173, saldymed\u017eio ir fosfolipid\u0173 kompleksas padeda gerinti l\u016bp\u0173 elastingum\u0105 ir glotnum\u0105, o maitinamieji aliejai bei sviestai giliai kondicionuoja od\u0105, ma\u017eindami sausumo poj\u016bt\u012f. Aksomin\u0117 tekst\u016bra suteikia komfort\u0105 ir palieka l\u016bpas mink\u0161tesnes, lygesnes bei labiau pri\u017ei\u016br\u0117tas. Puikiai dera su Lip Clinic Hydrating Serum.<\/p>\n<p data-start=\"4585\" data-end=\"4719\"><strong data-start=\"4585\" data-end=\"4629\">Kam tinka Lip Clinic Exfoliating Butter:<\/strong> sausoms, dehidratuotoms, \u0161iurk\u0161\u010dioms l\u016bpoms su matomomis linijomis ir glotnumo praradimu.<\/p>\n<p data-start=\"4721\" data-end=\"4736\"><strong data-start=\"4721\" data-end=\"4731\">T\u016bris:<\/strong> 9 ml<\/p>\n","protected":false},"excerpt":{"rendered":"<p data-start=\"4861\" data-end=\"4913\">Naktinis glotninantis l\u016bp\u0173 balzamas su AHA r\u016bg\u0161timis<\/p>\n<h2 data-start=\"4915\" data-end=\"4970\"><strong data-start=\"4915\" data-end=\"4970\">Bioelements &#8211; Lip Clinic Exfoliating Butter Savyb\u0117s<\/strong><\/h2>\n<p data-start=\"4972\" data-end=\"5202\">\u2714\ufe0f \u0160velniai atnaujina l\u016bp\u0173 pavir\u0161i\u0173 per nakt\u012f<br data-start=\"5017\" data-end=\"5020\" \/>\u2714\ufe0f Delika\u010diai eksfolijuoja be mechanin\u0117s trinties<br data-start=\"5069\" data-end=\"5072\" \/>\u2714\ufe0f Gerina l\u016bp\u0173 glotnum\u0105 ir elastingum\u0105<br data-start=\"5110\" data-end=\"5113\" \/>\u2714\ufe0f Giliai maitina aliejais ir lipidais<br data-start=\"5151\" data-end=\"5154\" \/>\u2714\ufe0f L\u016bpos tampa mink\u0161tesn\u0117s ir labiau pri\u017ei\u016br\u0117tos<\/p>\n","protected":false},"featured_media":68021,"template":"","meta":[],"pwb-brand":[1240],"product_brand":[],"product_cat":[760],"product_tag":[],"giftcard-category":[],"class_list":{"0":"post-80421","1":"product","2":"type-product","3":"status-publish","4":"has-post-thumbnail","6":"pwb-brand-bioelements","7":"product_cat-lupu-prieziura","9":"first","10":"instock","11":"taxable","12":"shipping-taxable","13":"purchasable","14":"product-type-simple"},"acf":[],"brands":[{"id":1240,"name":"Bioelements","slug":"bioelements"}],"_links":{"self":[{"href":"https:\/\/skinstudio.ee\/lt\/wp-json\/wp\/v2\/product\/80421","targetHints":{"allow":["GET"]}}],"collection":[{"href":"https:\/\/skinstudio.ee\/lt\/wp-json\/wp\/v2\/product"}],"about":[{"href":"https:\/\/skinstudio.ee\/lt\/wp-json\/wp\/v2\/types\/product"}],"version-history":[{"count":1,"href":"https:\/\/skinstudio.ee\/lt\/wp-json\/wp\/v2\/product\/80421\/revisions"}],"predecessor-version":[{"id":80422,"href":"https:\/\/skinstudio.ee\/lt\/wp-json\/wp\/v2\/product\/80421\/revisions\/80422"}],"wp:featuredmedia":[{"embeddable":true,"href":"https:\/\/skinstudio.ee\/lt\/wp-json\/wp\/v2\/media\/68021"}],"wp:attachment":[{"href":"https:\/\/skinstudio.ee\/lt\/wp-json\/wp\/v2\/media?parent=80421"}],"wp:term":[{"taxonomy":"pwb-brand","embeddable":true,"href":"https:\/\/skinstudio.ee\/lt\/wp-json\/wp\/v2\/pwb-brand?post=80421"},{"taxonomy":"product_brand","embeddable":true,"href":"https:\/\/skinstudio.ee\/lt\/wp-json\/wp\/v2\/product_brand?post=80421"},{"taxonomy":"product_cat","embeddable":true,"href":"https:\/\/skinstudio.ee\/lt\/wp-json\/wp\/v2\/product_cat?post=80421"},{"taxonomy":"product_tag","embeddable":true,"href":"https:\/\/skinstudio.ee\/lt\/wp-json\/wp\/v2\/product_tag?post=80421"},{"taxonomy":"giftcard-category","embeddable":true,"href":"https:\/\/skinstudio.ee\/lt\/wp-json\/wp\/v2\/giftcard-category?post=80421"}],"curies":[{"name":"wp","href":"https:\/\/api.w.org\/{rel}","templated":true}]}}