{"id":80429,"date":"2025-08-07T10:28:33","date_gmt":"2025-08-07T10:28:33","guid":{"rendered":"https:\/\/skinstudio.ee\/?post_type=product&#038;p=80429"},"modified":"2026-04-03T09:47:38","modified_gmt":"2026-04-03T09:47:38","slug":"lip-clinic-hydrating-serum","status":"publish","type":"product","link":"https:\/\/skinstudio.ee\/lt\/catalog\/bioelements\/lip-clinic-hydrating-serum\/","title":{"rendered":"Lip Clinic Hydrating Serum"},"content":{"rendered":"<p data-start=\"4171\" data-end=\"4555\"><strong data-start=\"4171\" data-end=\"4217\">Lip Clinic Hydrating Serum nuo Bioelements<\/strong> &#8211; tai daugiafunkcis dr\u0117kinantis l\u016bp\u0173 serumas, skirtas komfortui atkurti, intensyviai maitinti ir stiprinti l\u016bp\u0173 apsaugin\u012f barjer\u0105. Lengva formul\u0117 pranoksta \u012fprast\u0105 blizg\u012f, suteikdama gil\u0173 dr\u0117kinim\u0105 be lipnumo ar dirbtin\u0117s spalvos. Atkuriam\u0173j\u0173 lipid\u0173, skvalano ir taukmed\u017eio sviesto kompleksas padeda palaikyti l\u016bp\u0173 mink\u0161tum\u0105 ir glotnum\u0105.<\/p>\n<p data-start=\"4557\" data-end=\"4860\">Granat\u0173 ir spanguoli\u0173 s\u0117kl\u0173 aliejaus antioksidantai padeda apsaugoti nuo aplinkos poveikio ir palaikyti sveikesn\u0119 l\u016bp\u0173 i\u0161vaizd\u0105. Serumas sukuria komforti\u0161k\u0105 apsaugin\u012f sluoksn\u012f, ma\u017einant\u012f sausumo ir tempimo poj\u016bt\u012f, tod\u0117l l\u016bpos tampa mink\u0161tesn\u0117s ir lygesn\u0117s. Puikiai dera su Lip Clinic Exfoliating Butter.<\/p>\n<p data-start=\"4862\" data-end=\"4999\"><strong data-start=\"4862\" data-end=\"4903\">Kam tinka Lip Clinic Hydrating Serum:<\/strong> sausoms, dehidratuotoms ir jautrioms l\u016bpoms su susilpn\u0117jusiu apsauginiu barjeru ir diskomfortu.<\/p>\n<p data-start=\"5001\" data-end=\"5016\"><strong data-start=\"5001\" data-end=\"5011\">T\u016bris:<\/strong> 9 ml<\/p>\n","protected":false},"excerpt":{"rendered":"<p data-start=\"5129\" data-end=\"5167\">Serumas l\u016bp\u0173 barjero funkcijai atkurti<\/p>\n<h2 data-start=\"5169\" data-end=\"5220\"><strong data-start=\"5169\" data-end=\"5220\">Bioelements &#8211; Lip Clinic Hydating Serum Savyb\u0117s<\/strong><\/h2>\n<p data-start=\"5222\" data-end=\"5420\">\u2714\ufe0f Stiprina apsaugin\u012f l\u016bp\u0173 barjer\u0105<br data-start=\"5256\" data-end=\"5259\" \/>\u2714\ufe0f Intensyviai atkuria dr\u0117gm\u0117s lyg\u012f<br data-start=\"5294\" data-end=\"5297\" \/>\u2714\ufe0f Gerina l\u016bp\u0173 mink\u0161tum\u0105 ir glotnum\u0105<br data-start=\"5333\" data-end=\"5336\" \/>\u2714\ufe0f Ma\u017eina sausumo ir tempimo poj\u016bt\u012f<br data-start=\"5371\" data-end=\"5374\" \/>\u2714\ufe0f Suteikia pri\u017ei\u016br\u0117t\u0105 ir komforti\u0161k\u0105 i\u0161vaizd\u0105<\/p>\n","protected":false},"featured_media":68026,"template":"","meta":[],"pwb-brand":[1240],"product_brand":[],"product_cat":[760],"product_tag":[],"giftcard-category":[],"class_list":{"0":"post-80429","1":"product","2":"type-product","3":"status-publish","4":"has-post-thumbnail","6":"pwb-brand-bioelements","7":"product_cat-lupu-prieziura","9":"first","10":"instock","11":"taxable","12":"shipping-taxable","13":"purchasable","14":"product-type-simple"},"acf":[],"brands":[{"id":1240,"name":"Bioelements","slug":"bioelements"}],"_links":{"self":[{"href":"https:\/\/skinstudio.ee\/lt\/wp-json\/wp\/v2\/product\/80429","targetHints":{"allow":["GET"]}}],"collection":[{"href":"https:\/\/skinstudio.ee\/lt\/wp-json\/wp\/v2\/product"}],"about":[{"href":"https:\/\/skinstudio.ee\/lt\/wp-json\/wp\/v2\/types\/product"}],"version-history":[{"count":1,"href":"https:\/\/skinstudio.ee\/lt\/wp-json\/wp\/v2\/product\/80429\/revisions"}],"predecessor-version":[{"id":80430,"href":"https:\/\/skinstudio.ee\/lt\/wp-json\/wp\/v2\/product\/80429\/revisions\/80430"}],"wp:featuredmedia":[{"embeddable":true,"href":"https:\/\/skinstudio.ee\/lt\/wp-json\/wp\/v2\/media\/68026"}],"wp:attachment":[{"href":"https:\/\/skinstudio.ee\/lt\/wp-json\/wp\/v2\/media?parent=80429"}],"wp:term":[{"taxonomy":"pwb-brand","embeddable":true,"href":"https:\/\/skinstudio.ee\/lt\/wp-json\/wp\/v2\/pwb-brand?post=80429"},{"taxonomy":"product_brand","embeddable":true,"href":"https:\/\/skinstudio.ee\/lt\/wp-json\/wp\/v2\/product_brand?post=80429"},{"taxonomy":"product_cat","embeddable":true,"href":"https:\/\/skinstudio.ee\/lt\/wp-json\/wp\/v2\/product_cat?post=80429"},{"taxonomy":"product_tag","embeddable":true,"href":"https:\/\/skinstudio.ee\/lt\/wp-json\/wp\/v2\/product_tag?post=80429"},{"taxonomy":"giftcard-category","embeddable":true,"href":"https:\/\/skinstudio.ee\/lt\/wp-json\/wp\/v2\/giftcard-category?post=80429"}],"curies":[{"name":"wp","href":"https:\/\/api.w.org\/{rel}","templated":true}]}}