{"id":80436,"date":"2025-08-07T10:28:05","date_gmt":"2025-08-07T10:28:05","guid":{"rendered":"https:\/\/skinstudio.ee\/?post_type=product&#038;p=80436"},"modified":"2026-04-03T09:47:37","modified_gmt":"2026-04-03T09:47:37","slug":"collagen-rehab","status":"publish","type":"product","link":"https:\/\/skinstudio.ee\/lt\/catalog\/bioelements\/collagen-rehab\/","title":{"rendered":"Collagen Rehab"},"content":{"rendered":"<p data-start=\"4358\" data-end=\"4780\"><strong data-start=\"4358\" data-end=\"4392\">Collagen Rehab nuo Bioelements<\/strong> &#8211; tai momentinio poveikio kauk\u0117 veidui ir l\u016bpoms, skirta giliam dr\u0117kinimui, elastingumo atk\u016brimui ir vizualiam odos i\u0161lyginimui. Aminor\u016bg\u0161tys padeda palaikyti kolageno ir elastino funkcij\u0105, tod\u0117l oda atrodo stangresn\u0117, lygesn\u0117 ir gaivesn\u0117. Vitaminas F ir riebal\u0173 r\u016bg\u0161\u010di\u0173 turintys lipidai imituoja nat\u016bralius odos apsauginius mechanizmus, pad\u0117dami stiprinti barjer\u0105 ir i\u0161laikyti komfort\u0105.<\/p>\n<p data-start=\"4782\" data-end=\"5106\">Sodri tekst\u016bra sukuria ry\u0161k\u0173 dr\u0117gm\u0117s barjer\u0105, padedant\u012f i\u0161laikyti dr\u0117gm\u0119 iki 72 valand\u0173, suteikdama pilnesn\u012f ir pamaitint\u0105 poj\u016bt\u012f. Kauk\u0117 padeda su\u0161velninti rauk\u0161li\u0173 i\u0161vaizd\u0105 ir suteikia odai gaivesn\u0119 bei skaistesn\u0119 i\u0161vaizd\u0105. Tinka kaip intensyvi prie\u017ei\u016bra, naktin\u0117 kauk\u0117 arba greito poveikio priemon\u0117 prie\u0161 svarbius \u012fvykius.<\/p>\n<p data-start=\"5108\" data-end=\"5248\"><strong data-start=\"5108\" data-end=\"5137\">Kam tinka Collagen Rehab:<\/strong> dehidratuotai odai, suma\u017e\u0117jusiam elastingumui, matomoms linijoms, sausumo poj\u016b\u010diui ir greitam odos atstatymui.<\/p>\n<p data-start=\"5250\" data-end=\"5266\"><strong data-start=\"5250\" data-end=\"5260\">T\u016bris:<\/strong> 50 ml<\/p>\n","protected":false},"excerpt":{"rendered":"<p data-start=\"5502\" data-end=\"5544\">Momentinio poveikio kauk\u0117 veidui ir l\u016bpoms<\/p>\n<h2 data-start=\"5546\" data-end=\"5586\"><strong data-start=\"5546\" data-end=\"5586\">Bioelements &#8211; Collagen Rehab Savyb\u0117s<\/strong><\/h2>\n<p data-start=\"5588\" data-end=\"5743\">\u2714\ufe0f Intensyviai dr\u0117kina od\u0105<br data-start=\"5614\" data-end=\"5617\" \/>\u2714\ufe0f Didina mink\u0161tumo ir komforto poj\u016bt\u012f<br data-start=\"5655\" data-end=\"5658\" \/>\u2714\ufe0f Palaiko odos elastingum\u0105<br data-start=\"5685\" data-end=\"5688\" \/>\u2714\ufe0f Lygina odos tekst\u016br\u0105<br data-start=\"5711\" data-end=\"5714\" \/>\u2714\ufe0f Suteikia gaivesn\u0119 i\u0161vaizd\u0105<\/p>\n","protected":false},"featured_media":68033,"template":"","meta":[],"pwb-brand":[1240],"product_brand":[],"product_cat":[738,760,726,740],"product_tag":[],"giftcard-category":[],"class_list":{"0":"post-80436","1":"product","2":"type-product","3":"status-publish","4":"has-post-thumbnail","6":"pwb-brand-bioelements","7":"product_cat-drekinimas","8":"product_cat-lupu-prieziura","9":"product_cat-maskas-lt","10":"product_cat-sausai-odai","12":"first","13":"instock","14":"taxable","15":"shipping-taxable","16":"purchasable","17":"product-type-simple"},"acf":[],"brands":[{"id":1240,"name":"Bioelements","slug":"bioelements"}],"_links":{"self":[{"href":"https:\/\/skinstudio.ee\/lt\/wp-json\/wp\/v2\/product\/80436","targetHints":{"allow":["GET"]}}],"collection":[{"href":"https:\/\/skinstudio.ee\/lt\/wp-json\/wp\/v2\/product"}],"about":[{"href":"https:\/\/skinstudio.ee\/lt\/wp-json\/wp\/v2\/types\/product"}],"version-history":[{"count":1,"href":"https:\/\/skinstudio.ee\/lt\/wp-json\/wp\/v2\/product\/80436\/revisions"}],"predecessor-version":[{"id":80437,"href":"https:\/\/skinstudio.ee\/lt\/wp-json\/wp\/v2\/product\/80436\/revisions\/80437"}],"wp:featuredmedia":[{"embeddable":true,"href":"https:\/\/skinstudio.ee\/lt\/wp-json\/wp\/v2\/media\/68033"}],"wp:attachment":[{"href":"https:\/\/skinstudio.ee\/lt\/wp-json\/wp\/v2\/media?parent=80436"}],"wp:term":[{"taxonomy":"pwb-brand","embeddable":true,"href":"https:\/\/skinstudio.ee\/lt\/wp-json\/wp\/v2\/pwb-brand?post=80436"},{"taxonomy":"product_brand","embeddable":true,"href":"https:\/\/skinstudio.ee\/lt\/wp-json\/wp\/v2\/product_brand?post=80436"},{"taxonomy":"product_cat","embeddable":true,"href":"https:\/\/skinstudio.ee\/lt\/wp-json\/wp\/v2\/product_cat?post=80436"},{"taxonomy":"product_tag","embeddable":true,"href":"https:\/\/skinstudio.ee\/lt\/wp-json\/wp\/v2\/product_tag?post=80436"},{"taxonomy":"giftcard-category","embeddable":true,"href":"https:\/\/skinstudio.ee\/lt\/wp-json\/wp\/v2\/giftcard-category?post=80436"}],"curies":[{"name":"wp","href":"https:\/\/api.w.org\/{rel}","templated":true}]}}