{"id":80451,"date":"2025-08-07T10:25:50","date_gmt":"2025-08-07T10:25:50","guid":{"rendered":"https:\/\/skinstudio.ee\/?post_type=product&#038;p=80451"},"modified":"2026-04-03T09:47:37","modified_gmt":"2026-04-03T09:47:37","slug":"kerafole","status":"publish","type":"product","link":"https:\/\/skinstudio.ee\/lt\/catalog\/bioelements\/kerafole\/","title":{"rendered":"Kerafole"},"content":{"rendered":"<p data-start=\"3753\" data-end=\"4042\"><strong data-start=\"3753\" data-end=\"3781\">Kerafole nuo Bioelements<\/strong> &#8211; tai kultin\u0117 lengvai dilg\u010diojanti kauk\u0117, skirta odos atnaujinimui, giliam valymui ir nat\u016bralaus \u0161vyt\u0117jimo sustiprinimui. Nat\u016bralios citrin\u0173 ir obuoli\u0173 r\u016bg\u0161tys \u0161velniai pa\u0161alina negyvas l\u0105steles ir ne\u0161varumus, tod\u0117l odos pavir\u0161ius tampa lygesnis ir tolygesnis.<\/p>\n<p data-start=\"4044\" data-end=\"4326\">Dumbli\u0173, ginkgo biloba ir laminaria kompleksas padeda pagerinti odos tekst\u016br\u0105 ir suteikti gaivesn\u0119 i\u0161vaizd\u0105. Kauk\u0117 padeda vizualiai suma\u017einti por\u0173 matomum\u0105, ma\u017einti blankum\u0105 ir atkurti ry\u0161kesn\u012f odos vaizd\u0105 vos per 10 minu\u010di\u0173. Lengvas dilg\u010diojimas naudojimo metu rodo aktyv\u0173 poveik\u012f.<\/p>\n<p data-start=\"4328\" data-end=\"4440\"><strong data-start=\"4328\" data-end=\"4351\">Kam tinka Kerafole:<\/strong> blankiai odai, nelygiai tekst\u016brai, matomoms poroms ir reguliaraus atnaujinimo poreikiui.<\/p>\n<p data-start=\"4442\" data-end=\"4458\"><strong data-start=\"4442\" data-end=\"4452\">T\u016bris:<\/strong> 74 ml<\/p>\n","protected":false},"excerpt":{"rendered":"<p data-start=\"4622\" data-end=\"4665\">Greito poveikio atnaujinanti r\u016bg\u0161tin\u0117 kauk\u0117<\/p>\n<h2 data-start=\"4667\" data-end=\"4701\"><strong data-start=\"4667\" data-end=\"4701\">Bioelements &#8211; Kerafole Savyb\u0117s<\/strong><\/h2>\n<p data-start=\"4703\" data-end=\"4897\">\u2714\ufe0f Intensyviai valo odos pavir\u0161i\u0173<br data-start=\"4736\" data-end=\"4739\" \/>\u2714\ufe0f \u0160velniai spartina odos atsinaujinim\u0105<br data-start=\"4778\" data-end=\"4781\" \/>\u2714\ufe0f Vizualiai ma\u017eina por\u0173 matomum\u0105<br data-start=\"4814\" data-end=\"4817\" \/>\u2714\ufe0f Suvienodina odos ton\u0105 ir stiprina \u0161vyt\u0117jim\u0105<br data-start=\"4863\" data-end=\"4866\" \/>\u2714\ufe0f Oda tampa pastebimai lygesn\u0117<\/p>\n","protected":false},"featured_media":68044,"template":"","meta":[],"pwb-brand":[1240],"product_brand":[],"product_cat":[726,752],"product_tag":[],"giftcard-category":[],"class_list":{"0":"post-80451","1":"product","2":"type-product","3":"status-publish","4":"has-post-thumbnail","6":"pwb-brand-bioelements","7":"product_cat-maskas-lt","8":"product_cat-pigmentacija-lt","10":"first","11":"instock","12":"taxable","13":"shipping-taxable","14":"purchasable","15":"product-type-simple"},"acf":[],"brands":[{"id":1240,"name":"Bioelements","slug":"bioelements"}],"_links":{"self":[{"href":"https:\/\/skinstudio.ee\/lt\/wp-json\/wp\/v2\/product\/80451","targetHints":{"allow":["GET"]}}],"collection":[{"href":"https:\/\/skinstudio.ee\/lt\/wp-json\/wp\/v2\/product"}],"about":[{"href":"https:\/\/skinstudio.ee\/lt\/wp-json\/wp\/v2\/types\/product"}],"version-history":[{"count":2,"href":"https:\/\/skinstudio.ee\/lt\/wp-json\/wp\/v2\/product\/80451\/revisions"}],"predecessor-version":[{"id":80453,"href":"https:\/\/skinstudio.ee\/lt\/wp-json\/wp\/v2\/product\/80451\/revisions\/80453"}],"wp:featuredmedia":[{"embeddable":true,"href":"https:\/\/skinstudio.ee\/lt\/wp-json\/wp\/v2\/media\/68044"}],"wp:attachment":[{"href":"https:\/\/skinstudio.ee\/lt\/wp-json\/wp\/v2\/media?parent=80451"}],"wp:term":[{"taxonomy":"pwb-brand","embeddable":true,"href":"https:\/\/skinstudio.ee\/lt\/wp-json\/wp\/v2\/pwb-brand?post=80451"},{"taxonomy":"product_brand","embeddable":true,"href":"https:\/\/skinstudio.ee\/lt\/wp-json\/wp\/v2\/product_brand?post=80451"},{"taxonomy":"product_cat","embeddable":true,"href":"https:\/\/skinstudio.ee\/lt\/wp-json\/wp\/v2\/product_cat?post=80451"},{"taxonomy":"product_tag","embeddable":true,"href":"https:\/\/skinstudio.ee\/lt\/wp-json\/wp\/v2\/product_tag?post=80451"},{"taxonomy":"giftcard-category","embeddable":true,"href":"https:\/\/skinstudio.ee\/lt\/wp-json\/wp\/v2\/giftcard-category?post=80451"}],"curies":[{"name":"wp","href":"https:\/\/api.w.org\/{rel}","templated":true}]}}