{"id":80459,"date":"2025-08-07T10:22:50","date_gmt":"2025-08-07T10:22:50","guid":{"rendered":"https:\/\/skinstudio.ee\/?post_type=product&#038;p=80459"},"modified":"2026-04-03T09:47:38","modified_gmt":"2026-04-03T09:47:38","slug":"measured-micrograins","status":"publish","type":"product","link":"https:\/\/skinstudio.ee\/lt\/catalog\/bioelements\/measured-micrograins\/","title":{"rendered":"Measured Micrograins+"},"content":{"rendered":"<p data-start=\"4572\" data-end=\"4876\"><strong data-start=\"4572\" data-end=\"4613\">Measured Micrograins+ nuo Bioelements<\/strong> &#8211; tai naujos kartos \u0161veitiklis, sujungiantis valym\u0105, atnaujinim\u0105 ir komforto atk\u016brim\u0105 vienoje prie\u017ei\u016broje. Sud\u0117tis su nat\u016braliomis jojobos granul\u0117mis \u0161velniai pa\u0161alina negyvas odos l\u0105steles ir ne\u0161varumus, pad\u0117dama i\u0161lyginti tekst\u016br\u0105 ir palaikyti gaivi\u0105 i\u0161vaizd\u0105.<\/p>\n<p data-start=\"4878\" data-end=\"5199\">Balansuojantys ingredientai padeda kontroliuoti riebal\u0173 pertekli\u0173 ir valyti poras, o augalini\u0173 ekstrakt\u0173 ir eterini\u0173 aliej\u0173 mi\u0161inys suteikia gaiv\u0173, v\u0117sinant\u012f poj\u016bt\u012f. Kremin\u0117 molio baz\u0117 padeda sugerti ne\u0161varumus ir perteklin\u012f sebum\u0105, tod\u0117l oda tampa lygesn\u0117 ir atsinaujinusi. Galima naudoti kaip \u0161veitikl\u012f arba kaip kauk\u0119.<\/p>\n<p data-start=\"5201\" data-end=\"5368\"><strong data-start=\"5201\" data-end=\"5237\">Kam tinka Measured Micrograins+:<\/strong> visiems odos tipams, \u012fskaitant jautri\u0105 od\u0105, su nelygia tekst\u016bra, blankia i\u0161vaizda, u\u017esikim\u0161usiomis poromis ar padid\u0117jusiu riebumu.<\/p>\n<p data-start=\"5370\" data-end=\"5386\"><strong data-start=\"5370\" data-end=\"5380\">T\u016bris:<\/strong> 74 ml<\/p>\n","protected":false},"excerpt":{"rendered":"<p data-start=\"5786\" data-end=\"5850\">Universalus atnaujinantis veido \u0161veitiklis su jojobos granul\u0117mis<\/p>\n<h2 data-start=\"5852\" data-end=\"5899\"><strong data-start=\"5852\" data-end=\"5899\">Bioelements &#8211; Measured Micrograins+ Savyb\u0117s<\/strong><\/h2>\n<p data-start=\"5901\" data-end=\"6061\">\u2714\ufe0f \u0160velniai atnaujina odos pavir\u0161i\u0173<br data-start=\"5936\" data-end=\"5939\" \/>\u2714\ufe0f Giliai valo poras<br data-start=\"5959\" data-end=\"5962\" \/>\u2714\ufe0f Padeda kontroliuoti riebum\u0105<br data-start=\"5992\" data-end=\"5995\" \/>\u2714\ufe0f Lygina tekst\u016br\u0105 ir gerina glotnum\u0105<br data-start=\"6032\" data-end=\"6035\" \/>\u2714\ufe0f Suteikia gaivumo poj\u016bt\u012f<\/p>\n","protected":false},"featured_media":68049,"template":"","meta":[],"pwb-brand":[1240],"product_brand":[],"product_cat":[744,720],"product_tag":[],"giftcard-category":[],"class_list":{"0":"post-80459","1":"product","2":"type-product","3":"status-publish","4":"has-post-thumbnail","6":"pwb-brand-bioelements","7":"product_cat-issipletusios-poros","8":"product_cat-sveitikliai-ir-pilingai","10":"first","11":"instock","12":"taxable","13":"shipping-taxable","14":"purchasable","15":"product-type-simple"},"acf":[],"brands":[{"id":1240,"name":"Bioelements","slug":"bioelements"}],"_links":{"self":[{"href":"https:\/\/skinstudio.ee\/lt\/wp-json\/wp\/v2\/product\/80459","targetHints":{"allow":["GET"]}}],"collection":[{"href":"https:\/\/skinstudio.ee\/lt\/wp-json\/wp\/v2\/product"}],"about":[{"href":"https:\/\/skinstudio.ee\/lt\/wp-json\/wp\/v2\/types\/product"}],"version-history":[{"count":1,"href":"https:\/\/skinstudio.ee\/lt\/wp-json\/wp\/v2\/product\/80459\/revisions"}],"predecessor-version":[{"id":80460,"href":"https:\/\/skinstudio.ee\/lt\/wp-json\/wp\/v2\/product\/80459\/revisions\/80460"}],"wp:featuredmedia":[{"embeddable":true,"href":"https:\/\/skinstudio.ee\/lt\/wp-json\/wp\/v2\/media\/68049"}],"wp:attachment":[{"href":"https:\/\/skinstudio.ee\/lt\/wp-json\/wp\/v2\/media?parent=80459"}],"wp:term":[{"taxonomy":"pwb-brand","embeddable":true,"href":"https:\/\/skinstudio.ee\/lt\/wp-json\/wp\/v2\/pwb-brand?post=80459"},{"taxonomy":"product_brand","embeddable":true,"href":"https:\/\/skinstudio.ee\/lt\/wp-json\/wp\/v2\/product_brand?post=80459"},{"taxonomy":"product_cat","embeddable":true,"href":"https:\/\/skinstudio.ee\/lt\/wp-json\/wp\/v2\/product_cat?post=80459"},{"taxonomy":"product_tag","embeddable":true,"href":"https:\/\/skinstudio.ee\/lt\/wp-json\/wp\/v2\/product_tag?post=80459"},{"taxonomy":"giftcard-category","embeddable":true,"href":"https:\/\/skinstudio.ee\/lt\/wp-json\/wp\/v2\/giftcard-category?post=80459"}],"curies":[{"name":"wp","href":"https:\/\/api.w.org\/{rel}","templated":true}]}}