{"id":80466,"date":"2025-08-07T10:21:12","date_gmt":"2025-08-07T10:21:12","guid":{"rendered":"https:\/\/skinstudio.ee\/?post_type=product&#038;p=80466"},"modified":"2026-04-03T09:47:38","modified_gmt":"2026-04-03T09:47:38","slug":"pumice-peel","status":"publish","type":"product","link":"https:\/\/skinstudio.ee\/lt\/catalog\/bioelements\/pumice-peel\/","title":{"rendered":"Pumice Peel"},"content":{"rendered":"<p data-start=\"4645\" data-end=\"4963\"><strong data-start=\"4645\" data-end=\"4676\">Pumice Peel nuo Bioelements<\/strong> &#8211; tai mikrodermabrazijos kremas su itin smulkiais nat\u016bralios pemzos kristalais, skirtas giliai atnaujinti odos pavir\u0161i\u0173 ir sustiprinti nat\u016bral\u0173 \u0161vyt\u0117jim\u0105. Formul\u0117 \u0161velniai pa\u0161alina negyvas odos l\u0105steles ir blankum\u0105, atskleisdama gaivesn\u0119 ir lygesn\u0119 odos i\u0161vaizd\u0105 be agresyvaus poveikio.<\/p>\n<p data-start=\"4965\" data-end=\"5277\">Augaliniai ekstraktai padeda palaikyti komfort\u0105 ir gerinti odos tekst\u016br\u0105, o kremin\u0117 baz\u0117 leid\u017eia produkt\u0105 naudoti kaip \u0161veitikl\u012f arba mikrodermabrazijos kauk\u0119. Reguliarus naudojimas padeda vizualiai suma\u017einti por\u0173 matomum\u0105, su\u0161velninti pavir\u0161ini\u0173 linij\u0173 i\u0161vaizd\u0105 ir suteikti odai tolygesn\u012f bei skaistesn\u012f vaizd\u0105.<\/p>\n<p data-start=\"5279\" data-end=\"5434\"><strong data-start=\"5279\" data-end=\"5305\">Kam tinka Pumice Peel:<\/strong> normaliai, mi\u0161riai ir riebiai odai su nelygia tekst\u016bra, blankia i\u0161vaizda, matomomis poromis ir reguliaraus atnaujinimo poreikiu.<\/p>\n<p data-start=\"5436\" data-end=\"5452\"><strong data-start=\"5436\" data-end=\"5446\">T\u016bris:<\/strong> 74 ml<\/p>\n","protected":false},"excerpt":{"rendered":"<p data-start=\"5880\" data-end=\"5924\">Mikrodermabrazijos kremas su nat\u016bralia pemza<\/p>\n<h2 data-start=\"5926\" data-end=\"5963\"><strong data-start=\"5926\" data-end=\"5963\">Bioelements &#8211; Pumice Peel Savyb\u0117s<\/strong><\/h2>\n<p data-start=\"5965\" data-end=\"6138\">\u2714\ufe0f Intensyviai atnaujina odos pavir\u0161i\u0173<br data-start=\"6003\" data-end=\"6006\" \/>\u2714\ufe0f Vizualiai ma\u017eina por\u0173 matomum\u0105<br data-start=\"6039\" data-end=\"6042\" \/>\u2714\ufe0f Gerina odos glotnum\u0105<br data-start=\"6065\" data-end=\"6068\" \/>\u2714\ufe0f Atkuria ry\u0161kesn\u012f \u0161vyt\u0117jim\u0105<br data-start=\"6097\" data-end=\"6100\" \/>\u2714\ufe0f \u0160velnina pavir\u0161ini\u0173 linij\u0173 i\u0161vaizd\u0105<\/p>\n","protected":false},"featured_media":68054,"template":"","meta":[],"pwb-brand":[1240],"product_brand":[],"product_cat":[744,720,748],"product_tag":[],"giftcard-category":[],"class_list":{"0":"post-80466","1":"product","2":"type-product","3":"status-publish","4":"has-post-thumbnail","6":"pwb-brand-bioelements","7":"product_cat-issipletusios-poros","8":"product_cat-sveitikliai-ir-pilingai","9":"product_cat-taukainai-adai-lt","11":"first","12":"instock","13":"taxable","14":"shipping-taxable","15":"purchasable","16":"product-type-simple"},"acf":[],"brands":[{"id":1240,"name":"Bioelements","slug":"bioelements"}],"_links":{"self":[{"href":"https:\/\/skinstudio.ee\/lt\/wp-json\/wp\/v2\/product\/80466","targetHints":{"allow":["GET"]}}],"collection":[{"href":"https:\/\/skinstudio.ee\/lt\/wp-json\/wp\/v2\/product"}],"about":[{"href":"https:\/\/skinstudio.ee\/lt\/wp-json\/wp\/v2\/types\/product"}],"version-history":[{"count":1,"href":"https:\/\/skinstudio.ee\/lt\/wp-json\/wp\/v2\/product\/80466\/revisions"}],"predecessor-version":[{"id":80467,"href":"https:\/\/skinstudio.ee\/lt\/wp-json\/wp\/v2\/product\/80466\/revisions\/80467"}],"wp:featuredmedia":[{"embeddable":true,"href":"https:\/\/skinstudio.ee\/lt\/wp-json\/wp\/v2\/media\/68054"}],"wp:attachment":[{"href":"https:\/\/skinstudio.ee\/lt\/wp-json\/wp\/v2\/media?parent=80466"}],"wp:term":[{"taxonomy":"pwb-brand","embeddable":true,"href":"https:\/\/skinstudio.ee\/lt\/wp-json\/wp\/v2\/pwb-brand?post=80466"},{"taxonomy":"product_brand","embeddable":true,"href":"https:\/\/skinstudio.ee\/lt\/wp-json\/wp\/v2\/product_brand?post=80466"},{"taxonomy":"product_cat","embeddable":true,"href":"https:\/\/skinstudio.ee\/lt\/wp-json\/wp\/v2\/product_cat?post=80466"},{"taxonomy":"product_tag","embeddable":true,"href":"https:\/\/skinstudio.ee\/lt\/wp-json\/wp\/v2\/product_tag?post=80466"},{"taxonomy":"giftcard-category","embeddable":true,"href":"https:\/\/skinstudio.ee\/lt\/wp-json\/wp\/v2\/giftcard-category?post=80466"}],"curies":[{"name":"wp","href":"https:\/\/api.w.org\/{rel}","templated":true}]}}