{"id":80473,"date":"2025-08-07T10:20:01","date_gmt":"2025-08-07T10:20:01","guid":{"rendered":"https:\/\/skinstudio.ee\/?post_type=product&#038;p=80473"},"modified":"2026-04-03T09:47:38","modified_gmt":"2026-04-03T09:47:38","slug":"quick-refiner","status":"publish","type":"product","link":"https:\/\/skinstudio.ee\/lt\/catalog\/bioelements\/quick-refiner\/","title":{"rendered":"Quick Refiner"},"content":{"rendered":"<p data-start=\"3806\" data-end=\"4179\"><strong data-start=\"3806\" data-end=\"3839\">Quick Refiner nuo Bioelements<\/strong> &#8211; tai nenuplaunamas naktinis r\u016bg\u0161tinis eksfoliantas, skirtas odos atnaujinimui, \u0161vyt\u0117jimo sustiprinimui ir tekst\u016bros gerinimui. Sud\u0117tis su beta ir alfa hidroksi r\u016bg\u0161timis, \u012fskaitant glikolio r\u016bg\u0161t\u012f ir i\u0161skirtin\u012f Alphablend daugia vaisi\u0173 r\u016bg\u0161\u010di\u0173 kompleks\u0105 (5%), padeda \u0161velniai i\u0161tirpinti negyvas odos l\u0105steles ir pagreitinti atsinaujinim\u0105.<\/p>\n<p data-start=\"4181\" data-end=\"4418\">Priemon\u0117 veikia blank\u0173 ton\u0105, matomas poras ir nelygi\u0105 tekst\u016br\u0105, suteikdama lygesn\u0119 ir gaivesn\u0119 i\u0161vaizd\u0105. Lengva gelin\u0117 tekst\u016bra greitai susigeria ir veikia per nakt\u012f be nuplovimo. Reguliariai naudojant oda atrodo tolygesn\u0117 ir skaistesn\u0117.<\/p>\n<p data-start=\"4420\" data-end=\"4564\"><strong data-start=\"4420\" data-end=\"4448\">Kam tinka Quick Refiner:<\/strong> blankiai odai, nelygiai tekst\u016brai, matomoms poroms, foto sen\u0117jimo po\u017eymiams ir reguliariam r\u016bg\u0161tiniam atnaujinimui.<\/p>\n<p data-start=\"4566\" data-end=\"4582\"><strong data-start=\"4566\" data-end=\"4576\">T\u016bris:<\/strong> 30 ml<\/p>\n","protected":false},"excerpt":{"rendered":"<p data-start=\"4747\" data-end=\"4801\">Nenuplaunamas naktinis r\u016bg\u0161tinis eksfoliuojantis gelis<\/p>\n<h2 data-start=\"4803\" data-end=\"4842\"><strong data-start=\"4803\" data-end=\"4842\">Bioelements &#8211; Quick Refiner Savyb\u0117s<\/strong><\/h2>\n<p data-start=\"4844\" data-end=\"5023\">\u2714\ufe0f Spartina odos pavir\u0161iaus atsinaujinim\u0105<br data-start=\"4885\" data-end=\"4888\" \/>\u2714\ufe0f Gerina tekst\u016bros glotnum\u0105<br data-start=\"4916\" data-end=\"4919\" \/>\u2714\ufe0f Vizualiai ma\u017eina por\u0173 matomum\u0105<br data-start=\"4952\" data-end=\"4955\" \/>\u2714\ufe0f Atkuria ry\u0161kesn\u012f odos \u0161vyt\u0117jim\u0105<br data-start=\"4989\" data-end=\"4992\" \/>\u2714\ufe0f Greitai susigeria be lipnumo<\/p>\n","protected":false},"featured_media":68059,"template":"","meta":[],"pwb-brand":[1240],"product_brand":[],"product_cat":[742,744,752,724],"product_tag":[],"giftcard-category":[],"class_list":{"0":"post-80473","1":"product","2":"type-product","3":"status-publish","4":"has-post-thumbnail","6":"pwb-brand-bioelements","7":"product_cat-berimai","8":"product_cat-issipletusios-poros","9":"product_cat-pigmentacija-lt","10":"product_cat-serumai","12":"first","13":"instock","14":"taxable","15":"shipping-taxable","16":"purchasable","17":"product-type-simple"},"acf":[],"brands":[{"id":1240,"name":"Bioelements","slug":"bioelements"}],"_links":{"self":[{"href":"https:\/\/skinstudio.ee\/lt\/wp-json\/wp\/v2\/product\/80473","targetHints":{"allow":["GET"]}}],"collection":[{"href":"https:\/\/skinstudio.ee\/lt\/wp-json\/wp\/v2\/product"}],"about":[{"href":"https:\/\/skinstudio.ee\/lt\/wp-json\/wp\/v2\/types\/product"}],"version-history":[{"count":1,"href":"https:\/\/skinstudio.ee\/lt\/wp-json\/wp\/v2\/product\/80473\/revisions"}],"predecessor-version":[{"id":80474,"href":"https:\/\/skinstudio.ee\/lt\/wp-json\/wp\/v2\/product\/80473\/revisions\/80474"}],"wp:featuredmedia":[{"embeddable":true,"href":"https:\/\/skinstudio.ee\/lt\/wp-json\/wp\/v2\/media\/68059"}],"wp:attachment":[{"href":"https:\/\/skinstudio.ee\/lt\/wp-json\/wp\/v2\/media?parent=80473"}],"wp:term":[{"taxonomy":"pwb-brand","embeddable":true,"href":"https:\/\/skinstudio.ee\/lt\/wp-json\/wp\/v2\/pwb-brand?post=80473"},{"taxonomy":"product_brand","embeddable":true,"href":"https:\/\/skinstudio.ee\/lt\/wp-json\/wp\/v2\/product_brand?post=80473"},{"taxonomy":"product_cat","embeddable":true,"href":"https:\/\/skinstudio.ee\/lt\/wp-json\/wp\/v2\/product_cat?post=80473"},{"taxonomy":"product_tag","embeddable":true,"href":"https:\/\/skinstudio.ee\/lt\/wp-json\/wp\/v2\/product_tag?post=80473"},{"taxonomy":"giftcard-category","embeddable":true,"href":"https:\/\/skinstudio.ee\/lt\/wp-json\/wp\/v2\/giftcard-category?post=80473"}],"curies":[{"name":"wp","href":"https:\/\/api.w.org\/{rel}","templated":true}]}}