{"id":80480,"date":"2025-08-07T10:19:11","date_gmt":"2025-08-07T10:19:11","guid":{"rendered":"https:\/\/skinstudio.ee\/?post_type=product&#038;p=80480"},"modified":"2026-04-03T09:47:38","modified_gmt":"2026-04-03T09:47:38","slug":"radiance-rescue","status":"publish","type":"product","link":"https:\/\/skinstudio.ee\/lt\/catalog\/bioelements\/radiance-rescue\/","title":{"rendered":"Radiance Rescue"},"content":{"rendered":"<p data-start=\"3994\" data-end=\"4296\"><strong data-start=\"3994\" data-end=\"4029\">Radiance Rescue nuo Bioelements<\/strong> &#8211; tai momentinio poveikio kauk\u0117 veidui ir paaki\u0173 zonai, skirta sustiprinti \u0161vyt\u0117jim\u0105, pagerinti stangrumo poj\u016bt\u012f ir atkurti odos komfort\u0105. Retas baltojo triufelio ekstraktas padeda palaikyti odos elastingum\u0105 ir dr\u0117gm\u0117s lyg\u012f, suteikdamas lygesn\u0119 ir gaivesn\u0119 i\u0161vaizd\u0105.<\/p>\n<p data-start=\"4298\" data-end=\"4669\">Kofeinas aktyvina mikrocirkuliacij\u0105, pad\u0117damas ma\u017einti nuovargio po\u017eymius ir gerinti odos ton\u0105, o murumuru ir taukmed\u017eio sviestai maitina od\u0105 riebal\u0173 r\u016bg\u0161timis, palaikydami apsaugin\u012f barjer\u0105 ir mink\u0161tum\u0105. Sodri tekst\u016bra suteikia momentin\u012f atgaivinant\u012f efekt\u0105, oda atrodo skaistesn\u0117, lygesn\u0117 ir pails\u0117jusi. Tinka kaip greito poveikio priemon\u0117 arba intensyvi naktin\u0117 kauk\u0117.<\/p>\n<p data-start=\"4671\" data-end=\"4807\"><strong data-start=\"4671\" data-end=\"4701\">Kam tinka Radiance Rescue:<\/strong> blankiai, pavargusiai odai, dehidratuotai odai, suma\u017e\u0117jusiam elastingumui ir greitam \u0161vyt\u0117jimo atk\u016brimui.<\/p>\n<p data-start=\"4809\" data-end=\"4825\"><strong data-start=\"4809\" data-end=\"4819\">T\u016bris:<\/strong> 50 ml<\/p>\n","protected":false},"excerpt":{"rendered":"<p data-start=\"5045\" data-end=\"5094\">Momentinio \u0161vyt\u0117jimo kauk\u0117 veidui ir paaki\u0173 zonai<\/p>\n<h2 data-start=\"5096\" data-end=\"5137\"><strong data-start=\"5096\" data-end=\"5137\">Bioelements &#8211; Radiance Rescue Savyb\u0117s<\/strong><\/h2>\n<p data-start=\"5139\" data-end=\"5305\">\u2714\ufe0f Sustiprina matom\u0105 odos \u0161vyt\u0117jim\u0105<br data-start=\"5174\" data-end=\"5177\" \/>\u2714\ufe0f Atgaivina odos i\u0161vaizd\u0105<br data-start=\"5203\" data-end=\"5206\" \/>\u2714\ufe0f Gerina stangrumo poj\u016bt\u012f<br data-start=\"5232\" data-end=\"5235\" \/>\u2714\ufe0f Intensyviai maitina od\u0105<br data-start=\"5261\" data-end=\"5264\" \/>\u2714\ufe0f Oda tampa lygesn\u0117 ir labiau pri\u017ei\u016br\u0117ta<\/p>\n","protected":false},"featured_media":68064,"template":"","meta":[],"pwb-brand":[1240],"product_brand":[],"product_cat":[726,752,750],"product_tag":[],"giftcard-category":[],"class_list":{"0":"post-80480","1":"product","2":"type-product","3":"status-publish","4":"has-post-thumbnail","6":"pwb-brand-bioelements","7":"product_cat-maskas-lt","8":"product_cat-pigmentacija-lt","9":"product_cat-senstanti-oda","11":"first","12":"instock","13":"taxable","14":"shipping-taxable","15":"purchasable","16":"product-type-simple"},"acf":[],"brands":[{"id":1240,"name":"Bioelements","slug":"bioelements"}],"_links":{"self":[{"href":"https:\/\/skinstudio.ee\/lt\/wp-json\/wp\/v2\/product\/80480","targetHints":{"allow":["GET"]}}],"collection":[{"href":"https:\/\/skinstudio.ee\/lt\/wp-json\/wp\/v2\/product"}],"about":[{"href":"https:\/\/skinstudio.ee\/lt\/wp-json\/wp\/v2\/types\/product"}],"version-history":[{"count":1,"href":"https:\/\/skinstudio.ee\/lt\/wp-json\/wp\/v2\/product\/80480\/revisions"}],"predecessor-version":[{"id":80481,"href":"https:\/\/skinstudio.ee\/lt\/wp-json\/wp\/v2\/product\/80480\/revisions\/80481"}],"wp:featuredmedia":[{"embeddable":true,"href":"https:\/\/skinstudio.ee\/lt\/wp-json\/wp\/v2\/media\/68064"}],"wp:attachment":[{"href":"https:\/\/skinstudio.ee\/lt\/wp-json\/wp\/v2\/media?parent=80480"}],"wp:term":[{"taxonomy":"pwb-brand","embeddable":true,"href":"https:\/\/skinstudio.ee\/lt\/wp-json\/wp\/v2\/pwb-brand?post=80480"},{"taxonomy":"product_brand","embeddable":true,"href":"https:\/\/skinstudio.ee\/lt\/wp-json\/wp\/v2\/product_brand?post=80480"},{"taxonomy":"product_cat","embeddable":true,"href":"https:\/\/skinstudio.ee\/lt\/wp-json\/wp\/v2\/product_cat?post=80480"},{"taxonomy":"product_tag","embeddable":true,"href":"https:\/\/skinstudio.ee\/lt\/wp-json\/wp\/v2\/product_tag?post=80480"},{"taxonomy":"giftcard-category","embeddable":true,"href":"https:\/\/skinstudio.ee\/lt\/wp-json\/wp\/v2\/giftcard-category?post=80480"}],"curies":[{"name":"wp","href":"https:\/\/api.w.org\/{rel}","templated":true}]}}