{"id":80494,"date":"2025-08-07T10:11:18","date_gmt":"2025-08-07T10:11:18","guid":{"rendered":"https:\/\/skinstudio.ee\/?post_type=product&#038;p=80494"},"modified":"2026-04-03T09:47:39","modified_gmt":"2026-04-03T09:47:39","slug":"restorative-clay","status":"publish","type":"product","link":"https:\/\/skinstudio.ee\/lt\/catalog\/bioelements\/restorative-clay\/","title":{"rendered":"Restorative Clay"},"content":{"rendered":"<p data-start=\"3575\" data-end=\"3879\"><strong data-start=\"3575\" data-end=\"3611\">Restorative Clay nuo Bioelements<\/strong> &#8211; tai valanti molio kauk\u0117, skirta pagerinti por\u0173 i\u0161vaizd\u0105, subalansuoti sebumo i\u0161siskyrim\u0105 ir i\u0161lyginti odos tekst\u016br\u0105. Nat\u016brali molio baz\u0117 veikia kaip sugeriantis kompleksas, padedantis pa\u0161alinti ne\u0161varumus ir riebal\u0173 pertekli\u0173, tod\u0117l oda atrodo \u0161varesn\u0117 ir gaivesn\u0117.<\/p>\n<p data-start=\"3881\" data-end=\"4109\">Adaptogeniniai augal\u0173 ekstraktai palaiko odos komfort\u0105 ir padeda i\u0161lyginti tekst\u016br\u0105, i\u0161laikant dr\u0117gm\u0119 be sausumo poj\u016b\u010dio. Formul\u0117 suteikia gilaus valymo poj\u016bt\u012f ir gaivinant\u012f rezultat\u0105, oda atrodo tolygesn\u0117, matin\u0117 ir skaistesn\u0117.<\/p>\n<p data-start=\"4111\" data-end=\"4250\"><strong data-start=\"4111\" data-end=\"4142\">Kam tinka Restorative Clay:<\/strong> riebiai, mi\u0161riai ir probleminei odai su matomomis poromis, u\u017esikim\u0161imais ir padid\u0117jusiu sebumo i\u0161siskyrimu.<\/p>\n<p data-start=\"4252\" data-end=\"4268\"><strong data-start=\"4252\" data-end=\"4262\">T\u016bris:<\/strong> 74 ml<\/p>\n","protected":false},"excerpt":{"rendered":"<p data-start=\"4450\" data-end=\"4489\">Valanti molio kauk\u0117 sebumo balansavimui<\/p>\n<h2 data-start=\"4491\" data-end=\"4533\"><strong data-start=\"4491\" data-end=\"4533\">Bioelements &#8211; Restorative Clay Savyb\u0117s<\/strong><\/h2>\n<p data-start=\"4535\" data-end=\"4694\">\u2714\ufe0f Giliai valo odos pavir\u0161i\u0173<br data-start=\"4563\" data-end=\"4566\" \/>\u2714\ufe0f Poros atrodo ma\u017eiau matomos<br data-start=\"4596\" data-end=\"4599\" \/>\u2714\ufe0f Padeda kontroliuoti riebal\u0173 pertekli\u0173<br data-start=\"4639\" data-end=\"4642\" \/>\u2714\ufe0f I\u0161laiko odos komfort\u0105<br data-start=\"4666\" data-end=\"4669\" \/>\u2714\ufe0f Suteikia matin\u012f efekt\u0105<\/p>\n","protected":false},"featured_media":68074,"template":"","meta":[],"pwb-brand":[1240],"product_brand":[],"product_cat":[742,744,726,748],"product_tag":[],"giftcard-category":[],"class_list":{"0":"post-80494","1":"product","2":"type-product","3":"status-publish","4":"has-post-thumbnail","6":"pwb-brand-bioelements","7":"product_cat-berimai","8":"product_cat-issipletusios-poros","9":"product_cat-maskas-lt","10":"product_cat-taukainai-adai-lt","12":"first","13":"instock","14":"taxable","15":"shipping-taxable","16":"purchasable","17":"product-type-simple"},"acf":[],"brands":[{"id":1240,"name":"Bioelements","slug":"bioelements"}],"_links":{"self":[{"href":"https:\/\/skinstudio.ee\/lt\/wp-json\/wp\/v2\/product\/80494","targetHints":{"allow":["GET"]}}],"collection":[{"href":"https:\/\/skinstudio.ee\/lt\/wp-json\/wp\/v2\/product"}],"about":[{"href":"https:\/\/skinstudio.ee\/lt\/wp-json\/wp\/v2\/types\/product"}],"version-history":[{"count":1,"href":"https:\/\/skinstudio.ee\/lt\/wp-json\/wp\/v2\/product\/80494\/revisions"}],"predecessor-version":[{"id":80495,"href":"https:\/\/skinstudio.ee\/lt\/wp-json\/wp\/v2\/product\/80494\/revisions\/80495"}],"wp:featuredmedia":[{"embeddable":true,"href":"https:\/\/skinstudio.ee\/lt\/wp-json\/wp\/v2\/media\/68074"}],"wp:attachment":[{"href":"https:\/\/skinstudio.ee\/lt\/wp-json\/wp\/v2\/media?parent=80494"}],"wp:term":[{"taxonomy":"pwb-brand","embeddable":true,"href":"https:\/\/skinstudio.ee\/lt\/wp-json\/wp\/v2\/pwb-brand?post=80494"},{"taxonomy":"product_brand","embeddable":true,"href":"https:\/\/skinstudio.ee\/lt\/wp-json\/wp\/v2\/product_brand?post=80494"},{"taxonomy":"product_cat","embeddable":true,"href":"https:\/\/skinstudio.ee\/lt\/wp-json\/wp\/v2\/product_cat?post=80494"},{"taxonomy":"product_tag","embeddable":true,"href":"https:\/\/skinstudio.ee\/lt\/wp-json\/wp\/v2\/product_tag?post=80494"},{"taxonomy":"giftcard-category","embeddable":true,"href":"https:\/\/skinstudio.ee\/lt\/wp-json\/wp\/v2\/giftcard-category?post=80494"}],"curies":[{"name":"wp","href":"https:\/\/api.w.org\/{rel}","templated":true}]}}