{"id":82002,"date":"2026-02-19T08:59:59","date_gmt":"2026-02-19T08:59:59","guid":{"rendered":"https:\/\/skinstudio.ee\/?post_type=product&#038;p=82002"},"modified":"2026-03-23T13:17:17","modified_gmt":"2026-03-23T13:17:17","slug":"sunscription-dark-spot-defence-spf-50-2","status":"publish","type":"product","link":"https:\/\/skinstudio.ee\/lt\/catalog\/instytutum\/sunscription-dark-spot-defence-spf-50-2\/","title":{"rendered":"Sunscription Dark Spot Defence SPF 50"},"content":{"rendered":"<p data-start=\"2793\" data-end=\"3185\"><strong data-start=\"2793\" data-end=\"2849\">Sunscription Dark Spot Defence SPF 50 nuo Instytutum<\/strong> &#8211; j\u016bs\u0173 kasdien\u0117 apsauga nuo fotosen\u0117jimo ir pigmentacijos. \u0160is daugiafunkcis, lengvai tonuojantis apsauginis fluidas sujungia pa\u017eangius UVA\/UVB filtrus, apsaug\u0105 nuo m\u0117lynosios \u0161viesos ir infraraudon\u0173j\u0173 spinduli\u0173, antioksidant\u0173 kompleks\u0105 bei dr\u0117kinan\u010dius komponentus, kad palaikyt\u0173 tolygesn\u012f odos atspalv\u012f ir komfort\u0105 visos dienos metu.<\/p>\n<p data-start=\"3187\" data-end=\"3422\">Formul\u0117 skirta pigmentacijos prevencijai, apsaugai nuo aplinkos streso veiksni\u0173 ir sveikos odos i\u0161vaizdos palaikymui. Priemon\u0117 padeda i\u0161saugoti spindes\u012f, \u0161velnum\u0105 ir tolygesn\u012f ton\u0105, kartu palaikydama odos apsaugin\u012f barjer\u0105 dienos metu.<\/p>\n<p data-start=\"3424\" data-end=\"3467\"><strong data-start=\"3424\" data-end=\"3467\">Pagrindini\u0173 veikli\u0173j\u0173 med\u017eiag\u0173 poveikis<\/strong><\/p>\n<ul data-start=\"3469\" data-end=\"3780\">\n<li data-start=\"3469\" data-end=\"3577\">\n<p data-start=\"3471\" data-end=\"3577\"><strong data-start=\"3471\" data-end=\"3507\">Brassica Rapa \u0161aknies ekstraktas<\/strong> &#8211; padeda suvienodinti odos ton\u0105 ir suma\u017einti tamsi\u0173 d\u0117mi\u0173 matomum\u0105.<\/p>\n<\/li>\n<li data-start=\"3578\" data-end=\"3684\">\n<p data-start=\"3580\" data-end=\"3684\"><strong data-start=\"3580\" data-end=\"3600\">Kakavos peptidai<\/strong> &#8211; suteikia antioksidacin\u0119 apsaug\u0105 ir padeda suma\u017einti m\u0117lynosios \u0161viesos poveik\u012f.<\/p>\n<\/li>\n<li data-start=\"3685\" data-end=\"3780\">\n<p data-start=\"3687\" data-end=\"3780\"><strong data-start=\"3687\" data-end=\"3702\">Vitaminas E<\/strong> &#8211; palaiko odos apsaugin\u0119 funkcij\u0105 ir padeda apsaugoti nuo oksidacinio streso.<\/p>\n<\/li>\n<\/ul>\n<p data-start=\"3782\" data-end=\"4068\">Lengva, prisitaikanti tekst\u016bra tolygiai pasiskirsto, greitai \u012fsigeria ir nepalieka riebaus blizgesio ar balt\u0173 \u017eymi\u0173. Fluidas \u0161velniai prisitaiko prie nat\u016bralaus odos atspalvio, suteikdamas tolygesn\u012f ir i\u0161puosel\u0117t\u0105 fini\u0161\u0105, kuris komforti\u0161kas kasdieniam naudojimui ir tinkamas po makia\u017eu.<\/p>\n<p data-start=\"4070\" data-end=\"4350\"><strong data-start=\"4070\" data-end=\"4122\">Kam tinka Sunscription Dark Spot Defence SPF 50:<\/strong> vis\u0173 tip\u0173 odai, \u012fskaitant jautri\u0105, ypa\u010d esant polinkiui \u012f pigmentacij\u0105, papilk\u0117jim\u0105 ar miesto aplinkos streso veiksni\u0173 poveik\u012f. Rekomenduojamas kasdieniam naudojimui visus metus kaip paskutinis rytin\u0117s odos prie\u017ei\u016bros \u017eingsnis.<\/p>\n<p data-start=\"4352\" data-end=\"4376\"><strong data-start=\"4352\" data-end=\"4362\">T\u016bris:<\/strong> 10 ml \/ 50 ml<\/p>\n","protected":false},"excerpt":{"rendered":"<p data-start=\"3640\" data-end=\"3686\">Lengvas toninis apsauginis kremas nuo saul\u0117s<\/p>\n<h2 data-start=\"3688\" data-end=\"4047\"><strong data-start=\"3688\" data-end=\"3743\">INSTYTUTUM &#8211; Sunscription Dark Spot Defence Savyb\u0117s<\/strong><\/h2>\n<p data-start=\"3688\" data-end=\"4047\" data-is-last-node=\"\" data-is-only-node=\"\">\u2714\ufe0f I\u0161lygina odos atspalv\u012f ir ma\u017eina tamsias d\u0117mes<br data-start=\"3795\" data-end=\"3798\" \/>\u2714\ufe0f Suteikia plataus spektro apsaug\u0105 nuo UVA\/UVB, m\u0117lynos ir IR \u0161viesos<br data-start=\"3868\" data-end=\"3871\" \/>\u2714\ufe0f Dr\u0117kina, gerina elastingum\u0105 ir suteikia \u0161vyt\u0117jimo<br data-start=\"3923\" data-end=\"3926\" \/>\u2714\ufe0f Suteikia lengv\u0105 atspalv\u012f be balt\u0173 p\u0117dsak\u0173 ar kauk\u0117s efekto<br data-start=\"3987\" data-end=\"3990\" \/>\u2714\ufe0f Greitai \u012fsigeria \u2013 lengvos, neapsunkinan\u010dios tekst\u016bros<\/p>\n","protected":false},"featured_media":81986,"template":"","meta":[],"pwb-brand":[1208],"product_brand":[],"product_cat":[740,732,754],"product_tag":[],"giftcard-category":[],"class_list":{"0":"post-82002","1":"product","2":"type-product","3":"status-publish","4":"has-post-thumbnail","6":"pwb-brand-instytutum","7":"product_cat-sausai-odai","8":"product_cat-spf-apsauga","9":"product_cat-travel-size-lt","10":"pa_suurus-10ml-lt","11":"pa_suurus-50ml-lt","13":"first","14":"instock","15":"taxable","16":"shipping-taxable","17":"purchasable","18":"product-type-variable"},"acf":[],"brands":[{"id":1208,"name":"Instytutum","slug":"instytutum"}],"_links":{"self":[{"href":"https:\/\/skinstudio.ee\/lt\/wp-json\/wp\/v2\/product\/82002","targetHints":{"allow":["GET"]}}],"collection":[{"href":"https:\/\/skinstudio.ee\/lt\/wp-json\/wp\/v2\/product"}],"about":[{"href":"https:\/\/skinstudio.ee\/lt\/wp-json\/wp\/v2\/types\/product"}],"version-history":[{"count":2,"href":"https:\/\/skinstudio.ee\/lt\/wp-json\/wp\/v2\/product\/82002\/revisions"}],"predecessor-version":[{"id":83718,"href":"https:\/\/skinstudio.ee\/lt\/wp-json\/wp\/v2\/product\/82002\/revisions\/83718"}],"wp:featuredmedia":[{"embeddable":true,"href":"https:\/\/skinstudio.ee\/lt\/wp-json\/wp\/v2\/media\/81986"}],"wp:attachment":[{"href":"https:\/\/skinstudio.ee\/lt\/wp-json\/wp\/v2\/media?parent=82002"}],"wp:term":[{"taxonomy":"pwb-brand","embeddable":true,"href":"https:\/\/skinstudio.ee\/lt\/wp-json\/wp\/v2\/pwb-brand?post=82002"},{"taxonomy":"product_brand","embeddable":true,"href":"https:\/\/skinstudio.ee\/lt\/wp-json\/wp\/v2\/product_brand?post=82002"},{"taxonomy":"product_cat","embeddable":true,"href":"https:\/\/skinstudio.ee\/lt\/wp-json\/wp\/v2\/product_cat?post=82002"},{"taxonomy":"product_tag","embeddable":true,"href":"https:\/\/skinstudio.ee\/lt\/wp-json\/wp\/v2\/product_tag?post=82002"},{"taxonomy":"giftcard-category","embeddable":true,"href":"https:\/\/skinstudio.ee\/lt\/wp-json\/wp\/v2\/giftcard-category?post=82002"}],"curies":[{"name":"wp","href":"https:\/\/api.w.org\/{rel}","templated":true}]}}