{"id":82827,"date":"2026-02-21T10:46:15","date_gmt":"2026-02-21T10:46:15","guid":{"rendered":"https:\/\/skinstudio.ee\/?post_type=product&#038;p=82827"},"modified":"2026-04-08T13:23:01","modified_gmt":"2026-04-08T13:23:01","slug":"nad-prime","status":"publish","type":"product","link":"https:\/\/skinstudio.ee\/lt\/catalog\/vitalized-lt\/nad-prime\/","title":{"rendered":"NAD+ Prime"},"content":{"rendered":"<p data-start=\"4156\" data-end=\"4253\"><strong data-start=\"4156\" data-end=\"4184\">NAD+ Prime nuo Vitalized<\/strong> &#8211; maisto papildas su nikotinamido ribozidu ir augaliniu ekstraktu.<\/p>\n<p data-start=\"4255\" data-end=\"4327\">Sud\u0117tyje yra nikotinamido ribozidas (NR), kuris yra vitamino B3 forma.<\/p>\n<p data-start=\"4329\" data-end=\"4403\">Sud\u0117tis papildyta MonaJuventa\u2122 Nu (scarlet beebalm) augaliniu ekstraktu.<\/p>\n<p data-start=\"4405\" data-end=\"4475\">Produktas pateikiamas kapsuli\u0173 forma patogiam kasdieniam vartojimui.<\/p>\n<p data-start=\"4477\" data-end=\"4516\">Formul\u0117 be glitimo, tinkama veganams.<\/p>\n<p data-start=\"4518\" data-end=\"4755\"><strong data-start=\"4518\" data-end=\"4533\">Gamintojas:<\/strong> Vitalized<br data-start=\"4543\" data-end=\"4546\" \/><strong data-start=\"4546\" data-end=\"4568\">Pagaminta Europoje<\/strong><br data-start=\"4568\" data-end=\"4571\" \/><strong data-start=\"4571\" data-end=\"4590\">Geriausias iki:<\/strong> \u017ei\u016br\u0117ti ant pakuot\u0117s<br data-start=\"4611\" data-end=\"4614\" \/><strong data-start=\"4614\" data-end=\"4634\">Laikymo s\u0105lygos:<\/strong> laikyti sandariai u\u017edaryt\u0105 v\u0117sioje, sausoje vietoje, saugoti nuo tiesiogini\u0173 saul\u0117s spinduli\u0173<br data-start=\"4728\" data-end=\"4731\" \/><strong data-start=\"4731\" data-end=\"4741\">T\u016bris:<\/strong> 30 kapsuli\u0173<\/p>\n","protected":false},"excerpt":{"rendered":"<p data-start=\"5250\" data-end=\"5315\">Maisto papildas su nikotinamido ribozidu ir augaliniu ekstraktu<\/p>\n<h2 data-start=\"5317\" data-end=\"5351\"><strong data-start=\"5317\" data-end=\"5351\">Vitalized &#8211; NAD+ Prime Savyb\u0117s<\/strong><\/h2>\n<p data-start=\"5353\" data-end=\"5515\">\u2714\ufe0f Sud\u0117tyje yra nikotinamido ribozidas (vitaminas B3)<br data-start=\"5406\" data-end=\"5409\" \/>\u2714\ufe0f Papildyta augaliniu ekstraktu<br data-start=\"5441\" data-end=\"5444\" \/>\u2714\ufe0f Kapsuli\u0173 forma patogiam vartojimui<br data-start=\"5481\" data-end=\"5484\" \/>\u2714\ufe0f Tinka veganams<br data-start=\"5501\" data-end=\"5504\" \/>\u2714\ufe0f Be GMO<\/p>\n","protected":false},"featured_media":82813,"template":"","meta":[],"pwb-brand":[1354],"product_brand":[],"product_cat":[769],"product_tag":[],"giftcard-category":[],"class_list":{"0":"post-82827","1":"product","2":"type-product","3":"status-publish","4":"has-post-thumbnail","6":"pwb-brand-vitalized-lt","7":"product_cat-vitaminai","9":"first","10":"instock","11":"taxable","12":"shipping-taxable","13":"purchasable","14":"product-type-simple"},"acf":[],"brands":[{"id":1354,"name":"Vitalized","slug":"vitalized-lt"}],"_links":{"self":[{"href":"https:\/\/skinstudio.ee\/lt\/wp-json\/wp\/v2\/product\/82827","targetHints":{"allow":["GET"]}}],"collection":[{"href":"https:\/\/skinstudio.ee\/lt\/wp-json\/wp\/v2\/product"}],"about":[{"href":"https:\/\/skinstudio.ee\/lt\/wp-json\/wp\/v2\/types\/product"}],"version-history":[{"count":2,"href":"https:\/\/skinstudio.ee\/lt\/wp-json\/wp\/v2\/product\/82827\/revisions"}],"predecessor-version":[{"id":89858,"href":"https:\/\/skinstudio.ee\/lt\/wp-json\/wp\/v2\/product\/82827\/revisions\/89858"}],"wp:featuredmedia":[{"embeddable":true,"href":"https:\/\/skinstudio.ee\/lt\/wp-json\/wp\/v2\/media\/82813"}],"wp:attachment":[{"href":"https:\/\/skinstudio.ee\/lt\/wp-json\/wp\/v2\/media?parent=82827"}],"wp:term":[{"taxonomy":"pwb-brand","embeddable":true,"href":"https:\/\/skinstudio.ee\/lt\/wp-json\/wp\/v2\/pwb-brand?post=82827"},{"taxonomy":"product_brand","embeddable":true,"href":"https:\/\/skinstudio.ee\/lt\/wp-json\/wp\/v2\/product_brand?post=82827"},{"taxonomy":"product_cat","embeddable":true,"href":"https:\/\/skinstudio.ee\/lt\/wp-json\/wp\/v2\/product_cat?post=82827"},{"taxonomy":"product_tag","embeddable":true,"href":"https:\/\/skinstudio.ee\/lt\/wp-json\/wp\/v2\/product_tag?post=82827"},{"taxonomy":"giftcard-category","embeddable":true,"href":"https:\/\/skinstudio.ee\/lt\/wp-json\/wp\/v2\/giftcard-category?post=82827"}],"curies":[{"name":"wp","href":"https:\/\/api.w.org\/{rel}","templated":true}]}}