{"id":82847,"date":"2026-02-21T11:00:37","date_gmt":"2026-02-21T11:00:37","guid":{"rendered":"https:\/\/skinstudio.ee\/?post_type=product&#038;p=82847"},"modified":"2026-04-08T13:20:56","modified_gmt":"2026-04-08T13:20:56","slug":"d3-k2-vegan","status":"publish","type":"product","link":"https:\/\/skinstudio.ee\/lt\/catalog\/vitalized-lt\/d3-k2-vegan\/","title":{"rendered":"D3 K2 Vegan"},"content":{"rendered":"<p data-start=\"4103\" data-end=\"4205\"><strong data-start=\"4103\" data-end=\"4132\">D3 K2 Vegan nuo Vitalized<\/strong> &#8211; maisto papildas su vitamino D3 i\u0161 dumbli\u0173 ir vitamino K2 MK-7 forma.<\/p>\n<p data-start=\"4207\" data-end=\"4272\">Sud\u0117tyje yra vitaminas D3 ir vitaminas K2 all-trans MK-7 forma.<\/p>\n<p data-start=\"4274\" data-end=\"4335\">Sud\u0117tis u\u017etikrina dviej\u0173 riebaluose tirpi\u0173 vitamin\u0173 gavim\u0105.<\/p>\n<p data-start=\"4337\" data-end=\"4418\">Sud\u0117tyje yra K2Vital\u00ae (all-trans MK-7) ir D3V\u00ae &#8211; augalin\u0117s kilm\u0117s vitaminas D3.<\/p>\n<p data-start=\"4420\" data-end=\"4490\">Produktas pateikiamas kapsuli\u0173 forma patogiam kasdieniam vartojimui.<\/p>\n<p data-start=\"4492\" data-end=\"4729\"><strong data-start=\"4492\" data-end=\"4507\">Gamintojas:<\/strong> Vitalized<br data-start=\"4517\" data-end=\"4520\" \/><strong data-start=\"4520\" data-end=\"4542\">Pagaminta Europoje<\/strong><br data-start=\"4542\" data-end=\"4545\" \/><strong data-start=\"4545\" data-end=\"4564\">Geriausias iki:<\/strong> \u017ei\u016br\u0117ti ant pakuot\u0117s<br data-start=\"4585\" data-end=\"4588\" \/><strong data-start=\"4588\" data-end=\"4608\">Laikymo s\u0105lygos:<\/strong> laikyti sandariai u\u017edaryt\u0105 v\u0117sioje, sausoje vietoje, saugoti nuo tiesiogini\u0173 saul\u0117s spinduli\u0173<br data-start=\"4702\" data-end=\"4705\" \/><strong data-start=\"4705\" data-end=\"4715\">T\u016bris:<\/strong> 60 kapsuli\u0173<\/p>\n","protected":false},"excerpt":{"rendered":"<p data-start=\"5203\" data-end=\"5243\">Maisto papildas su vitaminais D3 ir K2<\/p>\n<h2 data-start=\"5245\" data-end=\"5280\"><strong data-start=\"5245\" data-end=\"5280\">Vitalized &#8211; D3 K2 Vegan Savyb\u0117s<\/strong><\/h2>\n<p data-start=\"5282\" data-end=\"5447\">\u2714\ufe0f Sud\u0117tyje yra vitaminai D3 ir K2<br data-start=\"5316\" data-end=\"5319\" \/>\u2714\ufe0f \u012eeina MK-7 (all-trans) forma<br data-start=\"5350\" data-end=\"5353\" \/>\u2714\ufe0f Augalin\u0117s kilm\u0117s vitaminas D3<br data-start=\"5385\" data-end=\"5388\" \/>\u2714\ufe0f Kapsuli\u0173 forma patogiam vartojimui<br data-start=\"5425\" data-end=\"5428\" \/>\u2714\ufe0f Tinka veganams<\/p>\n","protected":false},"featured_media":82834,"template":"","meta":[],"pwb-brand":[1354],"product_brand":[],"product_cat":[769],"product_tag":[],"giftcard-category":[],"class_list":{"0":"post-82847","1":"product","2":"type-product","3":"status-publish","4":"has-post-thumbnail","6":"pwb-brand-vitalized-lt","7":"product_cat-vitaminai","9":"first","10":"instock","11":"taxable","12":"shipping-taxable","13":"purchasable","14":"product-type-simple"},"acf":[],"brands":[{"id":1354,"name":"Vitalized","slug":"vitalized-lt"}],"_links":{"self":[{"href":"https:\/\/skinstudio.ee\/lt\/wp-json\/wp\/v2\/product\/82847","targetHints":{"allow":["GET"]}}],"collection":[{"href":"https:\/\/skinstudio.ee\/lt\/wp-json\/wp\/v2\/product"}],"about":[{"href":"https:\/\/skinstudio.ee\/lt\/wp-json\/wp\/v2\/types\/product"}],"version-history":[{"count":2,"href":"https:\/\/skinstudio.ee\/lt\/wp-json\/wp\/v2\/product\/82847\/revisions"}],"predecessor-version":[{"id":89853,"href":"https:\/\/skinstudio.ee\/lt\/wp-json\/wp\/v2\/product\/82847\/revisions\/89853"}],"wp:featuredmedia":[{"embeddable":true,"href":"https:\/\/skinstudio.ee\/lt\/wp-json\/wp\/v2\/media\/82834"}],"wp:attachment":[{"href":"https:\/\/skinstudio.ee\/lt\/wp-json\/wp\/v2\/media?parent=82847"}],"wp:term":[{"taxonomy":"pwb-brand","embeddable":true,"href":"https:\/\/skinstudio.ee\/lt\/wp-json\/wp\/v2\/pwb-brand?post=82847"},{"taxonomy":"product_brand","embeddable":true,"href":"https:\/\/skinstudio.ee\/lt\/wp-json\/wp\/v2\/product_brand?post=82847"},{"taxonomy":"product_cat","embeddable":true,"href":"https:\/\/skinstudio.ee\/lt\/wp-json\/wp\/v2\/product_cat?post=82847"},{"taxonomy":"product_tag","embeddable":true,"href":"https:\/\/skinstudio.ee\/lt\/wp-json\/wp\/v2\/product_tag?post=82847"},{"taxonomy":"giftcard-category","embeddable":true,"href":"https:\/\/skinstudio.ee\/lt\/wp-json\/wp\/v2\/giftcard-category?post=82847"}],"curies":[{"name":"wp","href":"https:\/\/api.w.org\/{rel}","templated":true}]}}