{"id":82867,"date":"2026-02-21T11:42:46","date_gmt":"2026-02-21T11:42:46","guid":{"rendered":"https:\/\/skinstudio.ee\/?post_type=product&#038;p=82867"},"modified":"2026-04-08T12:50:06","modified_gmt":"2026-04-08T12:50:06","slug":"magnesium-duo","status":"publish","type":"product","link":"https:\/\/skinstudio.ee\/lt\/catalog\/vitalized-lt\/magnesium-duo\/","title":{"rendered":"Magnesium Duo"},"content":{"rendered":"<p data-start=\"4114\" data-end=\"4193\"><strong data-start=\"4114\" data-end=\"4145\">Magnesium Duo nuo Vitalized<\/strong> &#8211; maisto papildas su dviem magnio \u0161altiniais.<\/p>\n<p data-start=\"4195\" data-end=\"4253\">Sud\u0117tyje yra magnio glicinatas ir j\u016brinis magnis Simag\u00ae.<\/p>\n<p data-start=\"4255\" data-end=\"4305\">Sud\u0117tis u\u017etikrina magnio gavim\u0105 i\u0161 dviej\u0173 form\u0173.<\/p>\n<p data-start=\"4307\" data-end=\"4388\">Kiekviena kapsul\u0117 turi magnio doz\u0119, leid\u017eian\u010di\u0105 lanks\u010diai reguliuoti vartojim\u0105.<\/p>\n<p data-start=\"4390\" data-end=\"4460\">Produktas pateikiamas kapsuli\u0173 forma patogiam kasdieniam vartojimui.<\/p>\n<p data-start=\"4462\" data-end=\"4700\"><strong data-start=\"4462\" data-end=\"4477\">Gamintojas:<\/strong> Vitalized<br data-start=\"4487\" data-end=\"4490\" \/><strong data-start=\"4490\" data-end=\"4512\">Pagaminta Europoje<\/strong><br data-start=\"4512\" data-end=\"4515\" \/><strong data-start=\"4515\" data-end=\"4534\">Geriausias iki:<\/strong> \u017ei\u016br\u0117ti ant pakuot\u0117s<br data-start=\"4555\" data-end=\"4558\" \/><strong data-start=\"4558\" data-end=\"4578\">Laikymo s\u0105lygos:<\/strong> laikyti sandariai u\u017edaryt\u0105 v\u0117sioje, sausoje vietoje, saugoti nuo tiesiogini\u0173 saul\u0117s spinduli\u0173<br data-start=\"4672\" data-end=\"4675\" \/><strong data-start=\"4675\" data-end=\"4685\">T\u016bris:<\/strong> 100 kapsuli\u0173<\/p>\n","protected":false},"excerpt":{"rendered":"<p data-start=\"5220\" data-end=\"5264\">Maisto papildas su dviem magnio \u0161altiniais<\/p>\n<h2 data-start=\"5266\" data-end=\"5303\"><strong data-start=\"5266\" data-end=\"5303\">Vitalized &#8211; Magnesium Duo Savyb\u0117s<\/strong><\/h2>\n<p data-start=\"5305\" data-end=\"5465\">\u2714\ufe0f Sud\u0117tyje yra magnis dviejose formose<br data-start=\"5344\" data-end=\"5347\" \/>\u2714\ufe0f Magnio \u0161altinis<br data-start=\"5365\" data-end=\"5368\" \/>\u2714\ufe0f Sud\u0117tyje yra magnio glicinatas ir Simag\u00ae<br data-start=\"5411\" data-end=\"5414\" \/>\u2714\ufe0f Kapsuli\u0173 forma patogiam vartojimui<br data-start=\"5451\" data-end=\"5454\" \/>\u2714\ufe0f Be GMO<\/p>\n","protected":false},"featured_media":82854,"template":"","meta":[],"pwb-brand":[1354],"product_brand":[],"product_cat":[769],"product_tag":[],"giftcard-category":[],"class_list":{"0":"post-82867","1":"product","2":"type-product","3":"status-publish","4":"has-post-thumbnail","6":"pwb-brand-vitalized-lt","7":"product_cat-vitaminai","9":"first","10":"instock","11":"taxable","12":"shipping-taxable","13":"purchasable","14":"product-type-simple"},"acf":[],"brands":[{"id":1354,"name":"Vitalized","slug":"vitalized-lt"}],"_links":{"self":[{"href":"https:\/\/skinstudio.ee\/lt\/wp-json\/wp\/v2\/product\/82867","targetHints":{"allow":["GET"]}}],"collection":[{"href":"https:\/\/skinstudio.ee\/lt\/wp-json\/wp\/v2\/product"}],"about":[{"href":"https:\/\/skinstudio.ee\/lt\/wp-json\/wp\/v2\/types\/product"}],"version-history":[{"count":3,"href":"https:\/\/skinstudio.ee\/lt\/wp-json\/wp\/v2\/product\/82867\/revisions"}],"predecessor-version":[{"id":89989,"href":"https:\/\/skinstudio.ee\/lt\/wp-json\/wp\/v2\/product\/82867\/revisions\/89989"}],"wp:featuredmedia":[{"embeddable":true,"href":"https:\/\/skinstudio.ee\/lt\/wp-json\/wp\/v2\/media\/82854"}],"wp:attachment":[{"href":"https:\/\/skinstudio.ee\/lt\/wp-json\/wp\/v2\/media?parent=82867"}],"wp:term":[{"taxonomy":"pwb-brand","embeddable":true,"href":"https:\/\/skinstudio.ee\/lt\/wp-json\/wp\/v2\/pwb-brand?post=82867"},{"taxonomy":"product_brand","embeddable":true,"href":"https:\/\/skinstudio.ee\/lt\/wp-json\/wp\/v2\/product_brand?post=82867"},{"taxonomy":"product_cat","embeddable":true,"href":"https:\/\/skinstudio.ee\/lt\/wp-json\/wp\/v2\/product_cat?post=82867"},{"taxonomy":"product_tag","embeddable":true,"href":"https:\/\/skinstudio.ee\/lt\/wp-json\/wp\/v2\/product_tag?post=82867"},{"taxonomy":"giftcard-category","embeddable":true,"href":"https:\/\/skinstudio.ee\/lt\/wp-json\/wp\/v2\/giftcard-category?post=82867"}],"curies":[{"name":"wp","href":"https:\/\/api.w.org\/{rel}","templated":true}]}}