{"id":82923,"date":"2026-02-23T12:33:29","date_gmt":"2026-02-23T12:33:29","guid":{"rendered":"https:\/\/skinstudio.ee\/?post_type=product&#038;p=82923"},"modified":"2026-02-23T12:47:48","modified_gmt":"2026-02-23T12:47:48","slug":"advanced-pro-collagen-peptide-cream-refill","status":"publish","type":"product","link":"https:\/\/skinstudio.ee\/lt\/catalog\/medik8\/advanced-pro-collagen-peptide-cream-refill\/","title":{"rendered":"Advanced Pro-Collagen+ Peptide Cream Refill"},"content":{"rendered":"<p data-start=\"5758\" data-end=\"6031\"><strong>Advanced Pro-Collagen+ Peptide Cream<\/strong> <strong>Refill<\/strong> yra naujos kartos inovatyvus dr\u0117kinamojo kremo refill, skirtas atkurti odos tank\u012f ir stangrum\u0105. Refill formatas leid\u017eia t\u0119sti odos prie\u017ei\u016br\u0105 nekei\u010diant i\u0161orin\u0117s pakuot\u0117s, ma\u017einant atliekas ir i\u0161laikant \u012fprast\u0105 prie\u017ei\u016bros ritual\u0105.<\/p>\n<p data-start=\"6033\" data-end=\"6196\">Lengva tekst\u016bra suteikia komforto poj\u016bt\u012f, akimirksniu dr\u0117kina ir palaiko elastingum\u0105. Formul\u0117 padeda stiprinti od\u0105, gerinti jos tank\u012f ir i\u0161ry\u0161kinti veido kont\u016brus.<\/p>\n<p data-start=\"6198\" data-end=\"6232\"><strong>Formul\u0117 veikia keliomis kryptimis:<\/strong><\/p>\n<p data-start=\"6234\" data-end=\"6573\"><strong>Growth Factor MiniProtein<\/strong> skatina kolageno sintez\u0119 ir padeda suma\u017einti gili\u0173 rauk\u0161li\u0173 matomum\u0105<br data-start=\"6328\" data-end=\"6331\" \/><strong>Unikalus peptidas<\/strong> palaiko odos strukt\u016br\u0105 ir padeda ma\u017einti nauj\u0173 linij\u0173 susidarym\u0105<br data-start=\"6413\" data-end=\"6416\" \/><strong>Aktyv\u016bs komponentai<\/strong> didina stangrum\u0105 ir tank\u012f, padeda formuoti ry\u0161kesn\u012f veido oval\u0105<br data-start=\"6499\" data-end=\"6502\" \/>Intensyvus dr\u0117kinimas palaiko mink\u0161tum\u0105, glotnum\u0105 ir nat\u016bral\u0173 \u0161vyt\u0117jim\u0105<\/p>\n<p data-start=\"6575\" data-end=\"6596\"><strong>T\u016bris: 50 ml (refill)<\/strong><\/p>\n","protected":false},"excerpt":{"rendered":"<p data-start=\"6926\" data-end=\"6980\">Inovatyvus kremas odos stangrumui ir spindesiui<\/p>\n<h2 data-start=\"6982\" data-end=\"7046\"><strong data-start=\"6982\" data-end=\"7046\">Medik8 &#8211; Advanced Pro-Collagen+ Peptide Cream Refill Savyb\u0117s<\/strong><\/h2>\n<p data-start=\"7048\" data-end=\"7234\">\u2714\ufe0f Matomai suma\u017eina gilias rauk\u0161les ir apsaugo nuo nauj\u0173 atsiradimo<br data-start=\"2671\" data-end=\"2674\" \/>\u2714\ufe0f Aktyvina kolageno sintez\u0119 ir stiprina odos strukt\u016br\u0105<br data-start=\"2729\" data-end=\"2732\" \/>\u2714\ufe0f Padaro od\u0105 stangresn\u0119, tankesn\u0119 ir elastingesn\u0119<br data-start=\"2782\" data-end=\"2785\" \/>\u2714\ufe0f Atkuria ry\u0161kius veido kont\u016brus<br data-start=\"2818\" data-end=\"2821\" \/>\u2714\ufe0f Suteikia ilgalaik\u012f dr\u0117kinim\u0105 ir komfort\u0105<\/p>\n<p data-start=\"7048\" data-end=\"7234\"><a href=\"https:\/\/skinstudio.ee\/lt\/catalog\/medik8\/advanced-pro-collagen-peptide-cream\/\"><span style=\"color: #0000ff;\">Galimas Advanced Pro-Collagen+ Peptide Cream Full-Size 50ml<\/span><\/a><\/p>\n","protected":false},"featured_media":82907,"template":"","meta":[],"pwb-brand":[1206],"product_brand":[],"product_cat":[738,1407,750],"product_tag":[],"giftcard-category":[],"class_list":{"0":"post-82923","1":"product","2":"type-product","3":"status-publish","4":"has-post-thumbnail","6":"pwb-brand-medik8","7":"product_cat-drekinimas","8":"product_cat-naujiena","9":"product_cat-senstanti-oda","11":"first","12":"instock","13":"taxable","14":"shipping-taxable","15":"purchasable","16":"product-type-simple"},"acf":[],"brands":[{"id":1206,"name":"Medik8","slug":"medik8"}],"_links":{"self":[{"href":"https:\/\/skinstudio.ee\/lt\/wp-json\/wp\/v2\/product\/82923","targetHints":{"allow":["GET"]}}],"collection":[{"href":"https:\/\/skinstudio.ee\/lt\/wp-json\/wp\/v2\/product"}],"about":[{"href":"https:\/\/skinstudio.ee\/lt\/wp-json\/wp\/v2\/types\/product"}],"version-history":[{"count":4,"href":"https:\/\/skinstudio.ee\/lt\/wp-json\/wp\/v2\/product\/82923\/revisions"}],"predecessor-version":[{"id":82931,"href":"https:\/\/skinstudio.ee\/lt\/wp-json\/wp\/v2\/product\/82923\/revisions\/82931"}],"wp:featuredmedia":[{"embeddable":true,"href":"https:\/\/skinstudio.ee\/lt\/wp-json\/wp\/v2\/media\/82907"}],"wp:attachment":[{"href":"https:\/\/skinstudio.ee\/lt\/wp-json\/wp\/v2\/media?parent=82923"}],"wp:term":[{"taxonomy":"pwb-brand","embeddable":true,"href":"https:\/\/skinstudio.ee\/lt\/wp-json\/wp\/v2\/pwb-brand?post=82923"},{"taxonomy":"product_brand","embeddable":true,"href":"https:\/\/skinstudio.ee\/lt\/wp-json\/wp\/v2\/product_brand?post=82923"},{"taxonomy":"product_cat","embeddable":true,"href":"https:\/\/skinstudio.ee\/lt\/wp-json\/wp\/v2\/product_cat?post=82923"},{"taxonomy":"product_tag","embeddable":true,"href":"https:\/\/skinstudio.ee\/lt\/wp-json\/wp\/v2\/product_tag?post=82923"},{"taxonomy":"giftcard-category","embeddable":true,"href":"https:\/\/skinstudio.ee\/lt\/wp-json\/wp\/v2\/giftcard-category?post=82923"}],"curies":[{"name":"wp","href":"https:\/\/api.w.org\/{rel}","templated":true}]}}