{"id":82963,"date":"2026-02-23T13:15:09","date_gmt":"2026-02-23T13:15:09","guid":{"rendered":"https:\/\/skinstudio.ee\/?post_type=product&#038;p=82963"},"modified":"2026-04-08T12:45:45","modified_gmt":"2026-04-08T12:45:45","slug":"vitamin-c-duo-500","status":"publish","type":"product","link":"https:\/\/skinstudio.ee\/lt\/catalog\/vitalized-lt\/vitamin-c-duo-500\/","title":{"rendered":"Vitamin C Duo 500"},"content":{"rendered":"<p data-start=\"4197\" data-end=\"4309\"><strong data-start=\"4197\" data-end=\"4232\">Vitamin C Duo 500 nuo Vitalized<\/strong> &#8211; maisto papildas su dviem vitamino C formomis: standartine ir liposomine.<\/p>\n<p data-start=\"4311\" data-end=\"4386\">Sud\u0117tyje yra vitaminas C Pureway-C\u00ae forma ir liposomin\u0117 vitamino C forma.<\/p>\n<p data-start=\"4388\" data-end=\"4445\">Sud\u0117tis u\u017etikrina vitamino C gavim\u0105 i\u0161 dviej\u0173 \u0161altini\u0173.<\/p>\n<p data-start=\"4447\" data-end=\"4517\">Produktas pateikiamas kapsuli\u0173 forma patogiam kasdieniam vartojimui.<\/p>\n<p data-start=\"4519\" data-end=\"4756\"><strong data-start=\"4519\" data-end=\"4534\">Gamintojas:<\/strong> Vitalized<br data-start=\"4544\" data-end=\"4547\" \/><strong data-start=\"4547\" data-end=\"4569\">Pagaminta Europoje<\/strong><br data-start=\"4569\" data-end=\"4572\" \/><strong data-start=\"4572\" data-end=\"4591\">Geriausias iki:<\/strong> \u017ei\u016br\u0117ti ant pakuot\u0117s<br data-start=\"4612\" data-end=\"4615\" \/><strong data-start=\"4615\" data-end=\"4635\">Laikymo s\u0105lygos:<\/strong> laikyti sandariai u\u017edaryt\u0105 v\u0117sioje, sausoje vietoje, saugoti nuo tiesiogini\u0173 saul\u0117s spinduli\u0173<br data-start=\"4729\" data-end=\"4732\" \/><strong data-start=\"4732\" data-end=\"4742\">T\u016bris:<\/strong> 90 kapsuli\u0173<\/p>\n","protected":false},"excerpt":{"rendered":"<p data-start=\"5265\" data-end=\"5310\">Maisto papildas su dviguba vitamino C forma<\/p>\n<h2 data-start=\"5312\" data-end=\"5353\"><strong data-start=\"5312\" data-end=\"5353\">Vitalized &#8211; Vitamin C Duo 500 Savyb\u0117s<\/strong><\/h2>\n<p data-start=\"5355\" data-end=\"5515\">\u2714\ufe0f Sud\u0117tyje yra vitaminas C dviejose formose<br data-start=\"5399\" data-end=\"5402\" \/>\u2714\ufe0f Standartin\u0117 ir liposomin\u0117 forma<br data-start=\"5436\" data-end=\"5439\" \/>\u2714\ufe0f Vitamino C \u0161altinis<br data-start=\"5461\" data-end=\"5464\" \/>\u2714\ufe0f Kapsuli\u0173 forma patogiam vartojimui<br data-start=\"5501\" data-end=\"5504\" \/>\u2714\ufe0f Be GMO<\/p>\n","protected":false},"featured_media":82949,"template":"","meta":[],"pwb-brand":[1354],"product_brand":[],"product_cat":[769],"product_tag":[],"giftcard-category":[],"class_list":{"0":"post-82963","1":"product","2":"type-product","3":"status-publish","4":"has-post-thumbnail","6":"pwb-brand-vitalized-lt","7":"product_cat-vitaminai","9":"first","10":"instock","11":"taxable","12":"shipping-taxable","13":"purchasable","14":"product-type-simple"},"acf":[],"brands":[{"id":1354,"name":"Vitalized","slug":"vitalized-lt"}],"_links":{"self":[{"href":"https:\/\/skinstudio.ee\/lt\/wp-json\/wp\/v2\/product\/82963","targetHints":{"allow":["GET"]}}],"collection":[{"href":"https:\/\/skinstudio.ee\/lt\/wp-json\/wp\/v2\/product"}],"about":[{"href":"https:\/\/skinstudio.ee\/lt\/wp-json\/wp\/v2\/types\/product"}],"version-history":[{"count":2,"href":"https:\/\/skinstudio.ee\/lt\/wp-json\/wp\/v2\/product\/82963\/revisions"}],"predecessor-version":[{"id":89842,"href":"https:\/\/skinstudio.ee\/lt\/wp-json\/wp\/v2\/product\/82963\/revisions\/89842"}],"wp:featuredmedia":[{"embeddable":true,"href":"https:\/\/skinstudio.ee\/lt\/wp-json\/wp\/v2\/media\/82949"}],"wp:attachment":[{"href":"https:\/\/skinstudio.ee\/lt\/wp-json\/wp\/v2\/media?parent=82963"}],"wp:term":[{"taxonomy":"pwb-brand","embeddable":true,"href":"https:\/\/skinstudio.ee\/lt\/wp-json\/wp\/v2\/pwb-brand?post=82963"},{"taxonomy":"product_brand","embeddable":true,"href":"https:\/\/skinstudio.ee\/lt\/wp-json\/wp\/v2\/product_brand?post=82963"},{"taxonomy":"product_cat","embeddable":true,"href":"https:\/\/skinstudio.ee\/lt\/wp-json\/wp\/v2\/product_cat?post=82963"},{"taxonomy":"product_tag","embeddable":true,"href":"https:\/\/skinstudio.ee\/lt\/wp-json\/wp\/v2\/product_tag?post=82963"},{"taxonomy":"giftcard-category","embeddable":true,"href":"https:\/\/skinstudio.ee\/lt\/wp-json\/wp\/v2\/giftcard-category?post=82963"}],"curies":[{"name":"wp","href":"https:\/\/api.w.org\/{rel}","templated":true}]}}