{"id":82984,"date":"2026-02-23T13:24:01","date_gmt":"2026-02-23T13:24:01","guid":{"rendered":"https:\/\/skinstudio.ee\/?post_type=product&#038;p=82984"},"modified":"2026-04-08T12:23:48","modified_gmt":"2026-04-08T12:23:48","slug":"b-complex","status":"publish","type":"product","link":"https:\/\/skinstudio.ee\/lt\/catalog\/vitalized-lt\/b-complex\/","title":{"rendered":"B-Complex+"},"content":{"rendered":"<p data-start=\"4573\" data-end=\"4737\"><strong data-start=\"4573\" data-end=\"4601\">B-Complex+ nuo Vitalized<\/strong> &#8211; maisto papildas su B grup\u0117s vitamin\u0173 kompleksu biologi\u0161kai aktyviomis formomis, papildytas citikolinu ir uridino monofosfatu (UMP).<\/p>\n<p data-start=\"4739\" data-end=\"4951\">Sud\u0117tyje yra a\u0161tuoni B grup\u0117s vitaminai, \u012fskaitant kofermentines formas, tokias kaip metilkobalaminas, adenozilkobalaminas, piridoksal-5-fosfatas, riboflavinas-5-fosfatas ir folatas Quatrefolic\u00ae (5-MTHF) forma.<\/p>\n<p data-start=\"4953\" data-end=\"5013\">Sud\u0117tis papildyta citikolinu ir uridino monofosfatu (UMP).<\/p>\n<p data-start=\"5015\" data-end=\"5085\">Produktas pateikiamas kapsuli\u0173 forma patogiam kasdieniam vartojimui.<\/p>\n<p data-start=\"5087\" data-end=\"5364\"><strong data-start=\"5087\" data-end=\"5102\">Gamintojas:<\/strong> Vitalized<br data-start=\"5112\" data-end=\"5115\" \/><strong data-start=\"5115\" data-end=\"5137\">Pagaminta Europoje<\/strong><br data-start=\"5137\" data-end=\"5140\" \/><strong data-start=\"5140\" data-end=\"5159\">Geriausias iki:<\/strong> \u017ei\u016br\u0117ti ant pakuot\u0117s<br data-start=\"5180\" data-end=\"5183\" \/><strong data-start=\"5183\" data-end=\"5203\">Laikymo s\u0105lygos:<\/strong> laikyti sandariai u\u017edaryt\u0105 v\u0117sioje, sausoje vietoje, saugoti nuo tiesiogini\u0173 saul\u0117s spinduli\u0173, laikyti vaikams nepasiekiamoje vietoje<br data-start=\"5337\" data-end=\"5340\" \/><strong data-start=\"5340\" data-end=\"5350\">T\u016bris:<\/strong> 60 kapsuli\u0173<\/p>\n","protected":false},"excerpt":{"rendered":"<p data-start=\"5839\" data-end=\"5887\">Maisto papildas su B grup\u0117s vitamin\u0173 kompleksu<\/p>\n<h2 data-start=\"5889\" data-end=\"5923\"><strong data-start=\"5889\" data-end=\"5923\">Vitalized &#8211; B-Complex+ Savyb\u0117s<\/strong><\/h2>\n<p data-start=\"5925\" data-end=\"6100\">\u2714\ufe0f A\u0161tuoni\u0173 B vitamin\u0173 kompleksas<br data-start=\"5958\" data-end=\"5961\" \/>\u2714\ufe0f Bioaktyvios kofermentin\u0117s formos<br data-start=\"5996\" data-end=\"5999\" \/>\u2714\ufe0f Papildomos maistin\u0117s med\u017eiagos formul\u0117je<br data-start=\"6042\" data-end=\"6045\" \/>\u2714\ufe0f Patogus formatas kasdieniam vartojimui<br data-start=\"6086\" data-end=\"6089\" \/>\u2714\ufe0f Be GMO<\/p>\n","protected":false},"featured_media":82971,"template":"","meta":[],"pwb-brand":[1354],"product_brand":[],"product_cat":[769],"product_tag":[],"giftcard-category":[],"class_list":{"0":"post-82984","1":"product","2":"type-product","3":"status-publish","4":"has-post-thumbnail","6":"pwb-brand-vitalized-lt","7":"product_cat-vitaminai","9":"first","10":"instock","11":"taxable","12":"shipping-taxable","13":"purchasable","14":"product-type-simple"},"acf":[],"brands":[{"id":1354,"name":"Vitalized","slug":"vitalized-lt"}],"_links":{"self":[{"href":"https:\/\/skinstudio.ee\/lt\/wp-json\/wp\/v2\/product\/82984","targetHints":{"allow":["GET"]}}],"collection":[{"href":"https:\/\/skinstudio.ee\/lt\/wp-json\/wp\/v2\/product"}],"about":[{"href":"https:\/\/skinstudio.ee\/lt\/wp-json\/wp\/v2\/types\/product"}],"version-history":[{"count":2,"href":"https:\/\/skinstudio.ee\/lt\/wp-json\/wp\/v2\/product\/82984\/revisions"}],"predecessor-version":[{"id":89835,"href":"https:\/\/skinstudio.ee\/lt\/wp-json\/wp\/v2\/product\/82984\/revisions\/89835"}],"wp:featuredmedia":[{"embeddable":true,"href":"https:\/\/skinstudio.ee\/lt\/wp-json\/wp\/v2\/media\/82971"}],"wp:attachment":[{"href":"https:\/\/skinstudio.ee\/lt\/wp-json\/wp\/v2\/media?parent=82984"}],"wp:term":[{"taxonomy":"pwb-brand","embeddable":true,"href":"https:\/\/skinstudio.ee\/lt\/wp-json\/wp\/v2\/pwb-brand?post=82984"},{"taxonomy":"product_brand","embeddable":true,"href":"https:\/\/skinstudio.ee\/lt\/wp-json\/wp\/v2\/product_brand?post=82984"},{"taxonomy":"product_cat","embeddable":true,"href":"https:\/\/skinstudio.ee\/lt\/wp-json\/wp\/v2\/product_cat?post=82984"},{"taxonomy":"product_tag","embeddable":true,"href":"https:\/\/skinstudio.ee\/lt\/wp-json\/wp\/v2\/product_tag?post=82984"},{"taxonomy":"giftcard-category","embeddable":true,"href":"https:\/\/skinstudio.ee\/lt\/wp-json\/wp\/v2\/giftcard-category?post=82984"}],"curies":[{"name":"wp","href":"https:\/\/api.w.org\/{rel}","templated":true}]}}