{"id":83000,"date":"2026-02-23T13:33:57","date_gmt":"2026-02-23T13:33:57","guid":{"rendered":"https:\/\/skinstudio.ee\/?post_type=product&#038;p=83000"},"modified":"2026-04-08T12:21:15","modified_gmt":"2026-04-08T12:21:15","slug":"probio-combi","status":"publish","type":"product","link":"https:\/\/skinstudio.ee\/lt\/catalog\/vitalized-lt\/probio-combi\/","title":{"rendered":"Probio Combi"},"content":{"rendered":"<p data-start=\"4197\" data-end=\"4313\"><strong data-start=\"4197\" data-end=\"4227\">Probio Combi nuo Vitalized<\/strong> &#8211; maisto papildas su probiotiniais \u0161tamais ir papildomomis maistin\u0117mis med\u017eiagomis.<\/p>\n<p data-start=\"4315\" data-end=\"4433\">Sud\u0117tyje yra du probiotini\u0173 kult\u016br\u0173 kompleksai, produktas pateikiamas kapsuli\u0173 forma patogiam kasdieniam vartojimui.<\/p>\n<p data-start=\"4435\" data-end=\"4519\">Sud\u0117tyje yra Lactobacillus ir Bifidobacterium \u0161tamai, taip pat biotinas ir cinkas.<\/p>\n<p data-start=\"4521\" data-end=\"4581\">Kiekviena kapsul\u0117 turi stabilizuotas probiotines kult\u016bras.<\/p>\n<p data-start=\"4583\" data-end=\"4860\"><strong data-start=\"4583\" data-end=\"4598\">Gamintojas:<\/strong> Vitalized<br data-start=\"4608\" data-end=\"4611\" \/><strong data-start=\"4611\" data-end=\"4633\">Pagaminta Europoje<\/strong><br data-start=\"4633\" data-end=\"4636\" \/><strong data-start=\"4636\" data-end=\"4655\">Geriausias iki:<\/strong> \u017ei\u016br\u0117ti ant pakuot\u0117s<br data-start=\"4676\" data-end=\"4679\" \/><strong data-start=\"4679\" data-end=\"4699\">Laikymo s\u0105lygos:<\/strong> laikyti sandariai u\u017edaryt\u0105 v\u0117sioje, sausoje vietoje, saugoti nuo tiesiogini\u0173 saul\u0117s spinduli\u0173, laikyti vaikams nepasiekiamoje vietoje<br data-start=\"4833\" data-end=\"4836\" \/><strong data-start=\"4836\" data-end=\"4846\">T\u016bris:<\/strong> 30 kapsuli\u0173<\/p>\n","protected":false},"excerpt":{"rendered":"<p data-start=\"68\" data-end=\"110\">Maisto papildas su probiotiniais \u0161tamais<\/p>\n<h2 data-start=\"112\" data-end=\"148\"><strong data-start=\"112\" data-end=\"148\">Vitalized &#8211; Probio Combi Savyb\u0117s<\/strong><\/h2>\n<p data-start=\"150\" data-end=\"319\">\u2714\ufe0f Sud\u0117tyje yra probiotiniai \u0161tamai<br data-start=\"185\" data-end=\"188\" \/>\u2714\ufe0f Lactobacillus ir Bifidobacterium \u0161altinis<br data-start=\"232\" data-end=\"235\" \/>\u2714\ufe0f Kapsuli\u0173 forma patogiam vartojimui<br data-start=\"272\" data-end=\"275\" \/>\u2714\ufe0f Tinka kasdieniam vartojimui<br data-start=\"305\" data-end=\"308\" \/>\u2714\ufe0f Be GMO<\/p>\n","protected":false},"featured_media":82991,"template":"","meta":[],"pwb-brand":[1354],"product_brand":[],"product_cat":[769],"product_tag":[],"giftcard-category":[],"class_list":{"0":"post-83000","1":"product","2":"type-product","3":"status-publish","4":"has-post-thumbnail","6":"pwb-brand-vitalized-lt","7":"product_cat-vitaminai","9":"first","10":"instock","11":"taxable","12":"shipping-taxable","13":"purchasable","14":"product-type-simple"},"acf":[],"brands":[{"id":1354,"name":"Vitalized","slug":"vitalized-lt"}],"_links":{"self":[{"href":"https:\/\/skinstudio.ee\/lt\/wp-json\/wp\/v2\/product\/83000","targetHints":{"allow":["GET"]}}],"collection":[{"href":"https:\/\/skinstudio.ee\/lt\/wp-json\/wp\/v2\/product"}],"about":[{"href":"https:\/\/skinstudio.ee\/lt\/wp-json\/wp\/v2\/types\/product"}],"version-history":[{"count":2,"href":"https:\/\/skinstudio.ee\/lt\/wp-json\/wp\/v2\/product\/83000\/revisions"}],"predecessor-version":[{"id":89829,"href":"https:\/\/skinstudio.ee\/lt\/wp-json\/wp\/v2\/product\/83000\/revisions\/89829"}],"wp:featuredmedia":[{"embeddable":true,"href":"https:\/\/skinstudio.ee\/lt\/wp-json\/wp\/v2\/media\/82991"}],"wp:attachment":[{"href":"https:\/\/skinstudio.ee\/lt\/wp-json\/wp\/v2\/media?parent=83000"}],"wp:term":[{"taxonomy":"pwb-brand","embeddable":true,"href":"https:\/\/skinstudio.ee\/lt\/wp-json\/wp\/v2\/pwb-brand?post=83000"},{"taxonomy":"product_brand","embeddable":true,"href":"https:\/\/skinstudio.ee\/lt\/wp-json\/wp\/v2\/product_brand?post=83000"},{"taxonomy":"product_cat","embeddable":true,"href":"https:\/\/skinstudio.ee\/lt\/wp-json\/wp\/v2\/product_cat?post=83000"},{"taxonomy":"product_tag","embeddable":true,"href":"https:\/\/skinstudio.ee\/lt\/wp-json\/wp\/v2\/product_tag?post=83000"},{"taxonomy":"giftcard-category","embeddable":true,"href":"https:\/\/skinstudio.ee\/lt\/wp-json\/wp\/v2\/giftcard-category?post=83000"}],"curies":[{"name":"wp","href":"https:\/\/api.w.org\/{rel}","templated":true}]}}