{"id":83021,"date":"2026-02-23T13:56:33","date_gmt":"2026-02-23T13:56:33","guid":{"rendered":"https:\/\/skinstudio.ee\/?post_type=product&#038;p=83021"},"modified":"2026-04-08T12:18:19","modified_gmt":"2026-04-08T12:18:19","slug":"omega-3-elite","status":"publish","type":"product","link":"https:\/\/skinstudio.ee\/lt\/catalog\/vitalized-lt\/omega-3-elite\/","title":{"rendered":"Omega-3 Elite"},"content":{"rendered":"<p data-start=\"4111\" data-end=\"4218\"><strong data-start=\"4111\" data-end=\"4142\">Omega-3 Elite nuo Vitalized<\/strong> &#8211; maisto papildas su koncentruotu \u017euv\u0173 tauk\u0173 kiekiu, turintis EPA ir DHA.<\/p>\n<p data-start=\"4220\" data-end=\"4334\">Sud\u0117tyje yra Alaskomega\u00ae aliejus, produktas pateikiamas mink\u0161t\u0173j\u0173 kapsuli\u0173 forma patogiam kasdieniam vartojimui.<\/p>\n<p data-start=\"4336\" data-end=\"4398\">Dienos doz\u0117 suteikia j\u016brin\u0117s kilm\u0117s omega-3 riebal\u0173 r\u016bg\u0161tis.<\/p>\n<p data-start=\"4400\" data-end=\"4440\">Sud\u0117tyje yra koncentruoti \u017euv\u0173 taukai.<\/p>\n<p data-start=\"4442\" data-end=\"4729\"><strong data-start=\"4442\" data-end=\"4457\">Gamintojas:<\/strong> Vitalized<br data-start=\"4467\" data-end=\"4470\" \/><strong data-start=\"4470\" data-end=\"4492\">Pagaminta Europoje<\/strong><br data-start=\"4492\" data-end=\"4495\" \/><strong data-start=\"4495\" data-end=\"4514\">Geriausias iki:<\/strong> \u017ei\u016br\u0117ti ant pakuot\u0117s<br data-start=\"4535\" data-end=\"4538\" \/><strong data-start=\"4538\" data-end=\"4558\">Laikymo s\u0105lygos:<\/strong> laikyti sandariai u\u017edaryt\u0105 v\u0117sioje, sausoje vietoje, saugoti nuo tiesiogini\u0173 saul\u0117s spinduli\u0173, laikyti vaikams nepasiekiamoje vietoje<br data-start=\"4692\" data-end=\"4695\" \/><strong data-start=\"4695\" data-end=\"4705\">T\u016bris:<\/strong> 90 mink\u0161t\u0173j\u0173 kapsuli\u0173<\/p>\n","protected":false},"excerpt":{"rendered":"<p data-start=\"5222\" data-end=\"5270\">Maisto papildas su koncentruotais \u017euv\u0173 taukais<\/p>\n<h2 data-start=\"5272\" data-end=\"5309\"><strong data-start=\"5272\" data-end=\"5309\">Vitalized &#8211; Omega-3 Elite Savyb\u0117s<\/strong><\/h2>\n<p data-start=\"5311\" data-end=\"5477\">\u2714\ufe0f Sud\u0117tyje yra \u017euv\u0173 taukai su EPA ir DHA<br data-start=\"5352\" data-end=\"5355\" \/>\u2714\ufe0f Omega-3 riebal\u0173 r\u016bg\u0161\u010di\u0173 \u0161altinis<br data-start=\"5390\" data-end=\"5393\" \/>\u2714\ufe0f Kapsuli\u0173 forma patogiam vartojimui<br data-start=\"5430\" data-end=\"5433\" \/>\u2714\ufe0f Tinka kasdieniam vartojimui<br data-start=\"5463\" data-end=\"5466\" \/>\u2714\ufe0f Be GMO<\/p>\n","protected":false},"featured_media":83007,"template":"","meta":[],"pwb-brand":[1354],"product_brand":[],"product_cat":[769],"product_tag":[],"giftcard-category":[],"class_list":{"0":"post-83021","1":"product","2":"type-product","3":"status-publish","4":"has-post-thumbnail","6":"pwb-brand-vitalized-lt","7":"product_cat-vitaminai","9":"first","10":"instock","11":"taxable","12":"shipping-taxable","13":"purchasable","14":"product-type-simple"},"acf":[],"brands":[{"id":1354,"name":"Vitalized","slug":"vitalized-lt"}],"_links":{"self":[{"href":"https:\/\/skinstudio.ee\/lt\/wp-json\/wp\/v2\/product\/83021","targetHints":{"allow":["GET"]}}],"collection":[{"href":"https:\/\/skinstudio.ee\/lt\/wp-json\/wp\/v2\/product"}],"about":[{"href":"https:\/\/skinstudio.ee\/lt\/wp-json\/wp\/v2\/types\/product"}],"version-history":[{"count":2,"href":"https:\/\/skinstudio.ee\/lt\/wp-json\/wp\/v2\/product\/83021\/revisions"}],"predecessor-version":[{"id":89824,"href":"https:\/\/skinstudio.ee\/lt\/wp-json\/wp\/v2\/product\/83021\/revisions\/89824"}],"wp:featuredmedia":[{"embeddable":true,"href":"https:\/\/skinstudio.ee\/lt\/wp-json\/wp\/v2\/media\/83007"}],"wp:attachment":[{"href":"https:\/\/skinstudio.ee\/lt\/wp-json\/wp\/v2\/media?parent=83021"}],"wp:term":[{"taxonomy":"pwb-brand","embeddable":true,"href":"https:\/\/skinstudio.ee\/lt\/wp-json\/wp\/v2\/pwb-brand?post=83021"},{"taxonomy":"product_brand","embeddable":true,"href":"https:\/\/skinstudio.ee\/lt\/wp-json\/wp\/v2\/product_brand?post=83021"},{"taxonomy":"product_cat","embeddable":true,"href":"https:\/\/skinstudio.ee\/lt\/wp-json\/wp\/v2\/product_cat?post=83021"},{"taxonomy":"product_tag","embeddable":true,"href":"https:\/\/skinstudio.ee\/lt\/wp-json\/wp\/v2\/product_tag?post=83021"},{"taxonomy":"giftcard-category","embeddable":true,"href":"https:\/\/skinstudio.ee\/lt\/wp-json\/wp\/v2\/giftcard-category?post=83021"}],"curies":[{"name":"wp","href":"https:\/\/api.w.org\/{rel}","templated":true}]}}