{"id":83042,"date":"2026-02-23T14:19:34","date_gmt":"2026-02-23T14:19:34","guid":{"rendered":"https:\/\/skinstudio.ee\/?post_type=product&#038;p=83042"},"modified":"2026-04-08T12:13:30","modified_gmt":"2026-04-08T12:13:30","slug":"osteo-synergy","status":"publish","type":"product","link":"https:\/\/skinstudio.ee\/lt\/catalog\/vitalized-lt\/osteo-synergy\/","title":{"rendered":"Osteo Synergy"},"content":{"rendered":"<p data-start=\"3990\" data-end=\"4109\"><strong data-start=\"3990\" data-end=\"4019\">Vitalized &#8211; Osteo Synergy<\/strong> &#8211; maisto papildas su j\u016briniu kalciu, vitaminu D3, vitaminu K2 MK-7 ir bioaktyviu siliciu.<\/p>\n<p data-start=\"4111\" data-end=\"4179\">Sud\u0117tyje yra j\u016brinis kalcis Aquamin\u00ae, gaunamas i\u0161 raudon\u0173j\u0173 dumbli\u0173.<\/p>\n<p data-start=\"4181\" data-end=\"4288\">Formul\u0117je taip pat yra vitaminas D3, vitaminas K2 MK-7 ir bioaktyvus silicis i\u0161 bambuko ekstrakto Bloosil\u00ae.<\/p>\n<p data-start=\"4290\" data-end=\"4360\">Sud\u0117tis apjungia mineralus ir vitaminus, naudojamus maisto papilduose.<\/p>\n<p data-start=\"4362\" data-end=\"4413\">Kapsuli\u0173 forma u\u017etikrina patog\u0173 kasdien\u012f vartojim\u0105.<\/p>\n<p data-start=\"4415\" data-end=\"4438\"><strong data-start=\"4415\" data-end=\"4438\">Pagaminta Europoje.<\/strong><\/p>\n<p data-start=\"4440\" data-end=\"4654\"><strong data-start=\"4440\" data-end=\"4459\">Geriausias iki:<\/strong> \u017er. ant pakuot\u0117s<br data-start=\"4476\" data-end=\"4479\" \/><strong data-start=\"4479\" data-end=\"4499\">Laikymo s\u0105lygos:<\/strong> laikyti sandariai u\u017edaryt\u0105 v\u0117sioje, sausoje vietoje, apsaugotoje nuo tiesiogini\u0173 saul\u0117s spinduli\u0173, vaikams nepasiekiamoje vietoje<br data-start=\"4629\" data-end=\"4632\" \/><strong data-start=\"4632\" data-end=\"4642\">T\u016bris:<\/strong> 60 kapsuli\u0173<\/p>\n","protected":false},"excerpt":{"rendered":"<p data-start=\"5113\" data-end=\"5138\">Maisto papildas kaulams<\/p>\n<h2 data-start=\"5140\" data-end=\"5177\"><strong data-start=\"5140\" data-end=\"5177\">Vitalized &#8211; Osteo Synergy Savyb\u0117s<\/strong><\/h2>\n<p data-start=\"5179\" data-end=\"5307\">\u2714\ufe0f Mineral\u0173 ir vitamin\u0173 kompleksas<br data-start=\"5213\" data-end=\"5216\" \/>\u2714\ufe0f J\u016brin\u0117s kilm\u0117s kalcis<br data-start=\"5240\" data-end=\"5243\" \/>\u2714\ufe0f Patogi kapsuli\u0173 forma<br data-start=\"5267\" data-end=\"5270\" \/>\u2714\ufe0f Subalansuota sud\u0117tis<br data-start=\"5293\" data-end=\"5296\" \/>\u2714\ufe0f Be GMO<\/p>\n","protected":false},"featured_media":83028,"template":"","meta":[],"pwb-brand":[1354],"product_brand":[],"product_cat":[769],"product_tag":[],"giftcard-category":[],"class_list":{"0":"post-83042","1":"product","2":"type-product","3":"status-publish","4":"has-post-thumbnail","6":"pwb-brand-vitalized-lt","7":"product_cat-vitaminai","9":"first","10":"instock","11":"taxable","12":"shipping-taxable","13":"purchasable","14":"product-type-simple"},"acf":[],"brands":[{"id":1354,"name":"Vitalized","slug":"vitalized-lt"}],"_links":{"self":[{"href":"https:\/\/skinstudio.ee\/lt\/wp-json\/wp\/v2\/product\/83042","targetHints":{"allow":["GET"]}}],"collection":[{"href":"https:\/\/skinstudio.ee\/lt\/wp-json\/wp\/v2\/product"}],"about":[{"href":"https:\/\/skinstudio.ee\/lt\/wp-json\/wp\/v2\/types\/product"}],"version-history":[{"count":3,"href":"https:\/\/skinstudio.ee\/lt\/wp-json\/wp\/v2\/product\/83042\/revisions"}],"predecessor-version":[{"id":89983,"href":"https:\/\/skinstudio.ee\/lt\/wp-json\/wp\/v2\/product\/83042\/revisions\/89983"}],"wp:featuredmedia":[{"embeddable":true,"href":"https:\/\/skinstudio.ee\/lt\/wp-json\/wp\/v2\/media\/83028"}],"wp:attachment":[{"href":"https:\/\/skinstudio.ee\/lt\/wp-json\/wp\/v2\/media?parent=83042"}],"wp:term":[{"taxonomy":"pwb-brand","embeddable":true,"href":"https:\/\/skinstudio.ee\/lt\/wp-json\/wp\/v2\/pwb-brand?post=83042"},{"taxonomy":"product_brand","embeddable":true,"href":"https:\/\/skinstudio.ee\/lt\/wp-json\/wp\/v2\/product_brand?post=83042"},{"taxonomy":"product_cat","embeddable":true,"href":"https:\/\/skinstudio.ee\/lt\/wp-json\/wp\/v2\/product_cat?post=83042"},{"taxonomy":"product_tag","embeddable":true,"href":"https:\/\/skinstudio.ee\/lt\/wp-json\/wp\/v2\/product_tag?post=83042"},{"taxonomy":"giftcard-category","embeddable":true,"href":"https:\/\/skinstudio.ee\/lt\/wp-json\/wp\/v2\/giftcard-category?post=83042"}],"curies":[{"name":"wp","href":"https:\/\/api.w.org\/{rel}","templated":true}]}}