{"id":83065,"date":"2026-02-23T14:26:39","date_gmt":"2026-02-23T14:26:39","guid":{"rendered":"https:\/\/skinstudio.ee\/?post_type=product&#038;p=83065"},"modified":"2026-04-08T12:05:24","modified_gmt":"2026-04-08T12:05:24","slug":"nad-pure","status":"publish","type":"product","link":"https:\/\/skinstudio.ee\/lt\/catalog\/vitalized-lt\/nad-pure\/","title":{"rendered":"NAD+ Pure"},"content":{"rendered":"<p data-start=\"3731\" data-end=\"3805\"><strong data-start=\"3731\" data-end=\"3756\">Vitalized &#8211; NAD+ Pure<\/strong> &#8211; maisto papildas su nikotinamido ribozidu (NR).<\/p>\n<p data-start=\"3807\" data-end=\"3945\">Sud\u0117tyje yra nikotinamido ribozido &#8211; vitamino B3 formos, naudojamos maisto papilduose. Vienoje kapsul\u0117je yra 300 mg nikotinamido ribozido.<\/p>\n<p data-start=\"3947\" data-end=\"4027\">Kapsuli\u0173 forma u\u017etikrina patog\u0173 kasdien\u012f vartojim\u0105 ir lengv\u0105 \u012ftraukim\u0105 \u012f rutin\u0105.<\/p>\n<p data-start=\"4029\" data-end=\"4052\"><strong data-start=\"4029\" data-end=\"4052\">Pagaminta Europoje.<\/strong><\/p>\n<p data-start=\"4054\" data-end=\"4268\"><strong data-start=\"4054\" data-end=\"4073\">Geriausias iki:<\/strong> \u017er. ant pakuot\u0117s<br data-start=\"4090\" data-end=\"4093\" \/><strong data-start=\"4093\" data-end=\"4113\">Laikymo s\u0105lygos:<\/strong> laikyti sandariai u\u017edaryt\u0105 v\u0117sioje, sausoje vietoje, apsaugotoje nuo tiesiogini\u0173 saul\u0117s spinduli\u0173, vaikams nepasiekiamoje vietoje<br data-start=\"4243\" data-end=\"4246\" \/><strong data-start=\"4246\" data-end=\"4256\">T\u016bris:<\/strong> 90 kapsuli\u0173<\/p>\n","protected":false},"excerpt":{"rendered":"<div class=\"relative w-full mt-4 mb-1\">\n<div class=\"\">\n<div class=\"relative\">\n<div class=\"h-full min-h-0 min-w-0\">\n<div class=\"h-full min-h-0 min-w-0\">\n<div class=\"border border-token-border-light border-radius-3xl corner-superellipse\/1.1 rounded-3xl\">\n<div class=\"h-full w-full border-radius-3xl bg-token-bg-elevated-secondary corner-superellipse\/1.1 overflow-clip rounded-3xl lxnfua_clipPathFallback\">\n<div class=\"w-full overflow-x-hidden overflow-y-auto\">\n<div class=\"relative z-0 flex max-w-full\">\n<div id=\"code-block-viewer\" class=\"q9tKkq_viewer cm-editor z-10 light:cm-light dark:cm-light flex h-full w-full flex-col items-stretch \u037cd \u037cr\" dir=\"ltr\">\n<div class=\"cm-scroller\">\n<div class=\"cm-content q9tKkq_readonly\">Maisto papildas su nikotinamido ribozidu<\/div>\n<\/div>\n<\/div>\n<\/div>\n<\/div>\n<\/div>\n<\/div>\n<\/div>\n<\/div>\n<\/div>\n<\/div>\n<\/div>\n<h2 data-start=\"4757\" data-end=\"4790\"><strong data-start=\"4757\" data-end=\"4790\">Vitalized &#8211; NAD+ Pure Savyb\u0117s<\/strong><\/h2>\n<p data-start=\"4792\" data-end=\"4942\">\u2714\ufe0f Sud\u0117tyje yra nikotinamido ribozido<br data-start=\"4829\" data-end=\"4832\" \/>\u2714\ufe0f Vitamino B3 \u0161altinis<br data-start=\"4855\" data-end=\"4858\" \/>\u2714\ufe0f Kapsuli\u0173 forma patogiam vartojimui<br data-start=\"4895\" data-end=\"4898\" \/>\u2714\ufe0f Tinka kasdieniam naudojimui<br data-start=\"4928\" data-end=\"4931\" \/>\u2714\ufe0f Be GMO<\/p>\n","protected":false},"featured_media":83049,"template":"","meta":[],"pwb-brand":[1354],"product_brand":[],"product_cat":[769],"product_tag":[],"giftcard-category":[],"class_list":{"0":"post-83065","1":"product","2":"type-product","3":"status-publish","4":"has-post-thumbnail","6":"pwb-brand-vitalized-lt","7":"product_cat-vitaminai","9":"first","10":"instock","11":"taxable","12":"shipping-taxable","13":"purchasable","14":"product-type-simple"},"acf":[],"brands":[{"id":1354,"name":"Vitalized","slug":"vitalized-lt"}],"_links":{"self":[{"href":"https:\/\/skinstudio.ee\/lt\/wp-json\/wp\/v2\/product\/83065","targetHints":{"allow":["GET"]}}],"collection":[{"href":"https:\/\/skinstudio.ee\/lt\/wp-json\/wp\/v2\/product"}],"about":[{"href":"https:\/\/skinstudio.ee\/lt\/wp-json\/wp\/v2\/types\/product"}],"version-history":[{"count":3,"href":"https:\/\/skinstudio.ee\/lt\/wp-json\/wp\/v2\/product\/83065\/revisions"}],"predecessor-version":[{"id":89980,"href":"https:\/\/skinstudio.ee\/lt\/wp-json\/wp\/v2\/product\/83065\/revisions\/89980"}],"wp:featuredmedia":[{"embeddable":true,"href":"https:\/\/skinstudio.ee\/lt\/wp-json\/wp\/v2\/media\/83049"}],"wp:attachment":[{"href":"https:\/\/skinstudio.ee\/lt\/wp-json\/wp\/v2\/media?parent=83065"}],"wp:term":[{"taxonomy":"pwb-brand","embeddable":true,"href":"https:\/\/skinstudio.ee\/lt\/wp-json\/wp\/v2\/pwb-brand?post=83065"},{"taxonomy":"product_brand","embeddable":true,"href":"https:\/\/skinstudio.ee\/lt\/wp-json\/wp\/v2\/product_brand?post=83065"},{"taxonomy":"product_cat","embeddable":true,"href":"https:\/\/skinstudio.ee\/lt\/wp-json\/wp\/v2\/product_cat?post=83065"},{"taxonomy":"product_tag","embeddable":true,"href":"https:\/\/skinstudio.ee\/lt\/wp-json\/wp\/v2\/product_tag?post=83065"},{"taxonomy":"giftcard-category","embeddable":true,"href":"https:\/\/skinstudio.ee\/lt\/wp-json\/wp\/v2\/giftcard-category?post=83065"}],"curies":[{"name":"wp","href":"https:\/\/api.w.org\/{rel}","templated":true}]}}