{"id":84318,"date":"2026-03-05T08:16:56","date_gmt":"2026-03-05T08:16:56","guid":{"rendered":"https:\/\/skinstudio.ee\/?post_type=product&#038;p=84318"},"modified":"2026-03-05T08:23:40","modified_gmt":"2026-03-05T08:23:40","slug":"hyalogy-clg-essence","status":"publish","type":"product","link":"https:\/\/skinstudio.ee\/lt\/catalog\/forlled\/hyalogy-clg-essence\/","title":{"rendered":"Hyalogy CLG Essence"},"content":{"rendered":"<p data-start=\"2189\" data-end=\"2608\"><strong data-start=\"2189\" data-end=\"2214\">Hyalogy CLG Essence nuo Forlled<\/strong> \u2013 tai auk\u0161tos koncentracijos biotechnologinis serumas, skirtas intensyviam odos stangrumo ir tankio atk\u016brimui. Formul\u0117 sukurta naudojant fermentuot\u0105 kolageno vanden\u012f ir pa\u017eangius probiotinius kompleksus, kurie skatina odos atsinaujinim\u0105, gerina jos strukt\u016br\u0105 ir didina nat\u016bral\u0173 elastingum\u0105. Serumas padeda odai atrodyti lygesnei, tankesnei ir skaistesnei, sugr\u0105\u017eina komforto ir gaivumo poj\u016bt\u012f.<\/p>\n<p data-start=\"2610\" data-end=\"2884\">Sud\u0117tyje naudojamas fermentuotas kolagenas ir peptid\u0173 kompleksas, kurie palaiko odos atsinaujinimo procesus ir stiprina jos strukt\u016br\u0105. Aktyv\u016bs komponentai gerina odos tank\u012f, didina tonus\u0105 ir lygina nelygi\u0105 tekst\u016br\u0105. D\u0117l to oda tampa lygesn\u0117, \u0161velnesn\u0117 ir vizualiai jaunesn\u0117.<\/p>\n<p data-start=\"2886\" data-end=\"3200\">Hyalogy CLG Essence taip pat suteikia intensyv\u0173 dr\u0117kinim\u0105 ir padeda palaikyti optimal\u0173 dr\u0117gm\u0117s balans\u0105 odoje. Lengva serumo tekst\u016bra lengvai pasiskirsto ir greitai susigeria, neapsunkindama odos. Reguliarus naudojimas padaro od\u0105 tankesn\u0119, skaistesn\u0119 ir vizualiai stangresn\u0119, o jos pavir\u0161ius tampa lygesnis ir tolygesnis.<\/p>\n<p data-start=\"3202\" data-end=\"3445\"><strong data-start=\"3202\" data-end=\"3226\">Kam tinka Hyalogy CLG Essence:<\/strong> odai, kuriai b\u016bdingas suma\u017e\u0117j\u0119s stangrumas ir tonusas, linkusiai \u012f sausum\u0105, plon\u0117jim\u0105 ir su am\u017eiumi susijusius poky\u010dius. Tinka visiems odos tipams, \u012fskaitant jautri\u0105 od\u0105, ypa\u010d kai reikia atkurti odos tank\u012f ir spindes\u012f.<\/p>\n<p data-start=\"3447\" data-end=\"3463\"><strong data-start=\"3447\" data-end=\"3457\">T\u016bris:<\/strong> 30 ml<\/p>\n","protected":false},"excerpt":{"rendered":"<p data-start=\"3656\" data-end=\"3684\">Kolagen\u0105 atkuriantis serumas<\/p>\n<h2 data-start=\"3686\" data-end=\"3727\"><strong data-start=\"3686\" data-end=\"3727\">Forlled &#8211; Hyalogy CLG Essence Savyb\u0117s<\/strong><\/h2>\n<p data-start=\"3729\" data-end=\"3940\">\u2714\ufe0f Didina odos tank\u012f ir stangrum\u0105<br data-start=\"3762\" data-end=\"3765\" \/>\u2714\ufe0f Lygina rauk\u0161les ir nelygi\u0105 tekst\u016br\u0105<br data-start=\"3803\" data-end=\"3806\" \/>\u2714\ufe0f Stiprina nat\u016brali\u0105 odos kolageno sintez\u0119<br data-start=\"3849\" data-end=\"3852\" \/>\u2714\ufe0f Intensyviai dr\u0117kina ir pripildo od\u0105<br data-start=\"3890\" data-end=\"3893\" \/>\u2714\ufe0f Padaro od\u0105 lygesn\u0119, skaistesn\u0119 ir stangresn\u0119<\/p>\n","protected":false},"featured_media":84329,"template":"","meta":[],"pwb-brand":[777],"product_brand":[],"product_cat":[740,750,724],"product_tag":[],"giftcard-category":[],"class_list":{"0":"post-84318","1":"product","2":"type-product","3":"status-publish","4":"has-post-thumbnail","6":"pwb-brand-forlled","7":"product_cat-sausai-odai","8":"product_cat-senstanti-oda","9":"product_cat-serumai","11":"first","12":"instock","13":"taxable","14":"shipping-taxable","15":"purchasable","16":"product-type-simple"},"acf":[],"brands":[{"id":777,"name":"Forlled","slug":"forlled"}],"_links":{"self":[{"href":"https:\/\/skinstudio.ee\/lt\/wp-json\/wp\/v2\/product\/84318","targetHints":{"allow":["GET"]}}],"collection":[{"href":"https:\/\/skinstudio.ee\/lt\/wp-json\/wp\/v2\/product"}],"about":[{"href":"https:\/\/skinstudio.ee\/lt\/wp-json\/wp\/v2\/types\/product"}],"version-history":[{"count":1,"href":"https:\/\/skinstudio.ee\/lt\/wp-json\/wp\/v2\/product\/84318\/revisions"}],"predecessor-version":[{"id":84319,"href":"https:\/\/skinstudio.ee\/lt\/wp-json\/wp\/v2\/product\/84318\/revisions\/84319"}],"wp:featuredmedia":[{"embeddable":true,"href":"https:\/\/skinstudio.ee\/lt\/wp-json\/wp\/v2\/media\/84329"}],"wp:attachment":[{"href":"https:\/\/skinstudio.ee\/lt\/wp-json\/wp\/v2\/media?parent=84318"}],"wp:term":[{"taxonomy":"pwb-brand","embeddable":true,"href":"https:\/\/skinstudio.ee\/lt\/wp-json\/wp\/v2\/pwb-brand?post=84318"},{"taxonomy":"product_brand","embeddable":true,"href":"https:\/\/skinstudio.ee\/lt\/wp-json\/wp\/v2\/product_brand?post=84318"},{"taxonomy":"product_cat","embeddable":true,"href":"https:\/\/skinstudio.ee\/lt\/wp-json\/wp\/v2\/product_cat?post=84318"},{"taxonomy":"product_tag","embeddable":true,"href":"https:\/\/skinstudio.ee\/lt\/wp-json\/wp\/v2\/product_tag?post=84318"},{"taxonomy":"giftcard-category","embeddable":true,"href":"https:\/\/skinstudio.ee\/lt\/wp-json\/wp\/v2\/giftcard-category?post=84318"}],"curies":[{"name":"wp","href":"https:\/\/api.w.org\/{rel}","templated":true}]}}