{"id":84378,"date":"2026-03-05T08:43:51","date_gmt":"2026-03-05T08:43:51","guid":{"rendered":"https:\/\/skinstudio.ee\/?post_type=product&#038;p=84378"},"modified":"2026-03-05T08:48:10","modified_gmt":"2026-03-05T08:48:10","slug":"hyalogy-clg-cream","status":"publish","type":"product","link":"https:\/\/skinstudio.ee\/lt\/catalog\/forlled\/hyalogy-clg-cream\/","title":{"rendered":"Hyalogy CLG Cream"},"content":{"rendered":"<p data-start=\"2297\" data-end=\"2773\"><strong data-start=\"2297\" data-end=\"2330\">Hyalogy CLG Cream nuo Forlled<\/strong> \u2013 tai intensyvus regeneruojantis liftingo kremas, sukurtas naudojant nauj\u0105j\u0105 <strong data-start=\"2408\" data-end=\"2442\">CLG (Collagen Line Generation)<\/strong> technologij\u0105. Tai inovatyvus Forlled sprendimas, skirtas odos tankiui atkurti, jos strukt\u016brai sustiprinti ir nat\u016braliai kolageno sintezei palaikyti. Formul\u0117 sujungia fermentuot\u0105 kolagen\u0105, peptidus ir biotechnologinius aktyviuosius komponentus, kurie stiprina ekstral\u0105stelin\u012f odos matriks\u0105 ir gerina odos elastingum\u0105 bei stangrum\u0105.<\/p>\n<p data-start=\"2775\" data-end=\"3072\">Aktyv\u016bs formul\u0117s komponentai suteikia gil\u0173 dr\u0117kinim\u0105, maitinim\u0105 ir padeda odai atsistatyti. Kolageno kompleksai ir peptidai stiprina odos strukt\u016br\u0105, gerina jos tonus\u0105 ir palaiko nat\u016bral\u0173 elastingum\u0105. Antioksidantai padeda apsaugoti od\u0105 nuo aplinkos poveikio ir palaiko odos atsinaujinimo procesus.<\/p>\n<p data-start=\"3074\" data-end=\"3298\">Reguliariai naudojant <strong data-start=\"3096\" data-end=\"3117\">Hyalogy CLG Cream<\/strong>, oda tampa tankesn\u0117, lygesn\u0117 ir stangresn\u0117. Odos tekst\u016bra tampa tolygesn\u0117, pager\u0117ja jos tonas ir sustipr\u0117ja nat\u016bralus spindesys, tod\u0117l oda atrodo gaivesn\u0117, stangresn\u0117 ir sveikesn\u0117.<\/p>\n<p data-start=\"3300\" data-end=\"3594\"><strong data-start=\"3300\" data-end=\"3332\">Kam tinka Hyalogy CLG Cream:<\/strong> odai, kuriai b\u016bdingas suma\u017e\u0117j\u0119s stangrumas ir tankis, linkusiai \u012f sausum\u0105, papilk\u0117jus\u012f ton\u0105 ir su am\u017eiumi susijusius poky\u010dius. Tinka visiems odos tipams, \u012fskaitant jautri\u0105 od\u0105, taip pat odai po estetini\u0173 proced\u016br\u0173 arba kai reikia atkurti odos tank\u012f ir spindes\u012f.<\/p>\n<p data-start=\"3596\" data-end=\"3611\"><strong data-start=\"3596\" data-end=\"3606\">T\u016bris:<\/strong> 50 g<\/p>\n","protected":false},"excerpt":{"rendered":"<p data-start=\"3885\" data-end=\"3920\">Intensyvus kolageno liftingo kremas<\/p>\n<h2 data-start=\"3922\" data-end=\"3961\"><strong data-start=\"3922\" data-end=\"3961\">Forlled &#8211; Hyalogy CLG Cream Savyb\u0117s<\/strong><\/h2>\n<p data-start=\"3963\" data-end=\"4174\">\u2714\ufe0f Didina odos tank\u012f ir stangrum\u0105<br data-start=\"3996\" data-end=\"3999\" \/>\u2714\ufe0f Lygina odos tekst\u016br\u0105 ir gerina ton\u0105<br data-start=\"4037\" data-end=\"4040\" \/>\u2714\ufe0f Palaiko nat\u016brali\u0105 kolageno sintez\u0119 odoje<br data-start=\"4083\" data-end=\"4086\" \/>\u2714\ufe0f Intensyviai dr\u0117kina ir stiprina od\u0105<br data-start=\"4124\" data-end=\"4127\" \/>\u2714\ufe0f Padaro od\u0105 lygesn\u0119, skaistesn\u0119 ir stangresn\u0119<\/p>\n","protected":false},"featured_media":84370,"template":"","meta":[],"pwb-brand":[777],"product_brand":[],"product_cat":[738,740,750],"product_tag":[],"giftcard-category":[],"class_list":{"0":"post-84378","1":"product","2":"type-product","3":"status-publish","4":"has-post-thumbnail","6":"pwb-brand-forlled","7":"product_cat-drekinimas","8":"product_cat-sausai-odai","9":"product_cat-senstanti-oda","11":"first","12":"instock","13":"taxable","14":"shipping-taxable","15":"purchasable","16":"product-type-simple"},"acf":[],"brands":[{"id":777,"name":"Forlled","slug":"forlled"}],"_links":{"self":[{"href":"https:\/\/skinstudio.ee\/lt\/wp-json\/wp\/v2\/product\/84378","targetHints":{"allow":["GET"]}}],"collection":[{"href":"https:\/\/skinstudio.ee\/lt\/wp-json\/wp\/v2\/product"}],"about":[{"href":"https:\/\/skinstudio.ee\/lt\/wp-json\/wp\/v2\/types\/product"}],"version-history":[{"count":1,"href":"https:\/\/skinstudio.ee\/lt\/wp-json\/wp\/v2\/product\/84378\/revisions"}],"predecessor-version":[{"id":84379,"href":"https:\/\/skinstudio.ee\/lt\/wp-json\/wp\/v2\/product\/84378\/revisions\/84379"}],"wp:featuredmedia":[{"embeddable":true,"href":"https:\/\/skinstudio.ee\/lt\/wp-json\/wp\/v2\/media\/84370"}],"wp:attachment":[{"href":"https:\/\/skinstudio.ee\/lt\/wp-json\/wp\/v2\/media?parent=84378"}],"wp:term":[{"taxonomy":"pwb-brand","embeddable":true,"href":"https:\/\/skinstudio.ee\/lt\/wp-json\/wp\/v2\/pwb-brand?post=84378"},{"taxonomy":"product_brand","embeddable":true,"href":"https:\/\/skinstudio.ee\/lt\/wp-json\/wp\/v2\/product_brand?post=84378"},{"taxonomy":"product_cat","embeddable":true,"href":"https:\/\/skinstudio.ee\/lt\/wp-json\/wp\/v2\/product_cat?post=84378"},{"taxonomy":"product_tag","embeddable":true,"href":"https:\/\/skinstudio.ee\/lt\/wp-json\/wp\/v2\/product_tag?post=84378"},{"taxonomy":"giftcard-category","embeddable":true,"href":"https:\/\/skinstudio.ee\/lt\/wp-json\/wp\/v2\/giftcard-category?post=84378"}],"curies":[{"name":"wp","href":"https:\/\/api.w.org\/{rel}","templated":true}]}}