{"id":84442,"date":"2026-03-05T09:23:54","date_gmt":"2026-03-05T09:23:54","guid":{"rendered":"https:\/\/skinstudio.ee\/?post_type=product&#038;p=84442"},"modified":"2026-03-05T09:27:24","modified_gmt":"2026-03-05T09:27:24","slug":"neck-complex","status":"publish","type":"product","link":"https:\/\/skinstudio.ee\/lt\/catalog\/zo-skin-health\/neck-complex\/","title":{"rendered":"Neck Complex"},"content":{"rendered":"<p data-start=\"2306\" data-end=\"2825\"><strong data-start=\"2306\" data-end=\"2342\">Neck Complex nuo ZO\u00ae SKIN HEALTH<\/strong> \u2013 tai sen\u0117jim\u0105 stabdantis kremas kaklo ir dekolt\u0117 sri\u010diai, padedantis pagerinti odos stangrum\u0105, tank\u012f ir tekst\u016br\u0105. Formul\u0117 veikia matomas rauk\u0161les ir horizontalias kaklo linijas, tuo pa\u010diu gerindama odos elastingum\u0105 ir suteikdama ry\u0161kesn\u012f kaklo kont\u016br\u0105. Kremas padeda suvienodinti odos ton\u0105, suma\u017einti papilk\u0117jim\u0105 ir suteikti odai gaivesn\u0119 bei sveikesn\u0119 i\u0161vaizd\u0105. Sodri, ta\u010diau lengva tekst\u016bra u\u017etikrina ilgalaik\u012f dr\u0117kinim\u0105 ir padaro od\u0105 lygesn\u0119, \u0161velnesn\u0119 bei vizualiai stangresn\u0119.<\/p>\n<h3 data-start=\"2827\" data-end=\"2876\">Kaip veikia pagrindin\u0117s veikliosios med\u017eiagos<\/h3>\n<ul data-start=\"2878\" data-end=\"3175\">\n<li data-start=\"2878\" data-end=\"2984\">\n<p data-start=\"2880\" data-end=\"2984\"><strong data-start=\"2880\" data-end=\"2898\">ZPRO\u00ae Complex:<\/strong> palaiko nat\u016bral\u0173 kolageno ir hialurono r\u016bg\u0161ties atsistatym\u0105, stiprina odos strukt\u016br\u0105.<\/p>\n<\/li>\n<li data-start=\"2986\" data-end=\"3086\">\n<p data-start=\"2988\" data-end=\"3086\"><strong data-start=\"2988\" data-end=\"3020\">Arginine\/Lysine Polypeptide:<\/strong> gerina odos elastingum\u0105 ir padeda sukurti ry\u0161kesn\u012f kaklo kont\u016br\u0105.<\/p>\n<\/li>\n<li data-start=\"3088\" data-end=\"3175\">\n<p data-start=\"3090\" data-end=\"3175\"><strong data-start=\"3090\" data-end=\"3117\">Diglucosyl Gallic Acid:<\/strong> padeda suvienodinti odos ton\u0105 ir suteikia odai spindesio.<\/p>\n<\/li>\n<\/ul>\n<h3 data-start=\"3177\" data-end=\"3209\">Klini\u0161kai \u012frodyti rezultatai<\/h3>\n<p data-start=\"3211\" data-end=\"3394\">\u2714 <strong data-start=\"3213\" data-end=\"3220\">98%<\/strong> vartotoj\u0173 pasteb\u0117jo \u0161velnesn\u0119 ir lygesn\u0119 od\u0105<br data-start=\"3265\" data-end=\"3268\" \/>\u2714 <strong data-start=\"3270\" data-end=\"3277\">91%<\/strong> pasteb\u0117jo ma\u017eiau matomas rauk\u0161les ir linijas<br data-start=\"3322\" data-end=\"3325\" \/>\u2714 <strong data-start=\"3327\" data-end=\"3334\">89%<\/strong> pasteb\u0117jo \u201ecrepey skin\u201c suma\u017e\u0117jim\u0105 kaklo ir dekolt\u0117 srityje<\/p>\n<p data-start=\"3396\" data-end=\"3548\"><strong data-start=\"3396\" data-end=\"3422\">Kam tinka Neck Complex<\/strong><br data-start=\"3422\" data-end=\"3425\" \/>kaklo ir dekolt\u0117 srities odai, kuriai b\u016bdingas stangrumo suma\u017e\u0117jimas, netolygus odos tonas, rauk\u0161l\u0117s ir kont\u016bro praradimas.<\/p>\n<p data-start=\"3550\" data-end=\"3566\"><strong data-start=\"3550\" data-end=\"3560\">T\u016bris:<\/strong> 50 ml<\/p>\n","protected":false},"excerpt":{"rendered":"<p data-start=\"3703\" data-end=\"3748\">Sen\u0117jim\u0105 stabdantis kremas kaklui ir dekoltei<\/p>\n<h2 data-start=\"3750\" data-end=\"3792\"><strong data-start=\"3750\" data-end=\"3792\">ZO\u00ae SKIN HEALTH &#8211; Neck Complex Savyb\u0117s<\/strong><\/h2>\n<p data-start=\"3794\" data-end=\"3945\">\u2714\ufe0f Gerina kaklo odos stangrum\u0105<br data-start=\"3824\" data-end=\"3827\" \/>\u2714\ufe0f Ry\u0161kina kaklo kont\u016br\u0105<br data-start=\"3851\" data-end=\"3854\" \/>\u2714\ufe0f Lygina linijas ir rauk\u0161les<br data-start=\"3883\" data-end=\"3886\" \/>\u2714\ufe0f Suvienodina odos ton\u0105<br data-start=\"3910\" data-end=\"3913\" \/>\u2714\ufe0f U\u017etikrina ilgalaik\u012f dr\u0117kinim\u0105<\/p>\n","protected":false},"featured_media":84413,"template":"","meta":[],"pwb-brand":[1187],"product_brand":[],"product_cat":[758,1407,750],"product_tag":[],"giftcard-category":[],"class_list":{"0":"post-84442","1":"product","2":"type-product","3":"status-publish","4":"has-post-thumbnail","6":"pwb-brand-zo-skin-health","7":"product_cat-kuno-prieziura","8":"product_cat-naujiena","9":"product_cat-senstanti-oda","11":"first","12":"instock","13":"sale","14":"taxable","15":"shipping-taxable","16":"purchasable","17":"product-type-simple"},"acf":[],"brands":[{"id":1187,"name":"ZO\u00ae SKIN HEALTH","slug":"zo-skin-health"}],"_links":{"self":[{"href":"https:\/\/skinstudio.ee\/lt\/wp-json\/wp\/v2\/product\/84442","targetHints":{"allow":["GET"]}}],"collection":[{"href":"https:\/\/skinstudio.ee\/lt\/wp-json\/wp\/v2\/product"}],"about":[{"href":"https:\/\/skinstudio.ee\/lt\/wp-json\/wp\/v2\/types\/product"}],"version-history":[{"count":1,"href":"https:\/\/skinstudio.ee\/lt\/wp-json\/wp\/v2\/product\/84442\/revisions"}],"predecessor-version":[{"id":84443,"href":"https:\/\/skinstudio.ee\/lt\/wp-json\/wp\/v2\/product\/84442\/revisions\/84443"}],"wp:featuredmedia":[{"embeddable":true,"href":"https:\/\/skinstudio.ee\/lt\/wp-json\/wp\/v2\/media\/84413"}],"wp:attachment":[{"href":"https:\/\/skinstudio.ee\/lt\/wp-json\/wp\/v2\/media?parent=84442"}],"wp:term":[{"taxonomy":"pwb-brand","embeddable":true,"href":"https:\/\/skinstudio.ee\/lt\/wp-json\/wp\/v2\/pwb-brand?post=84442"},{"taxonomy":"product_brand","embeddable":true,"href":"https:\/\/skinstudio.ee\/lt\/wp-json\/wp\/v2\/product_brand?post=84442"},{"taxonomy":"product_cat","embeddable":true,"href":"https:\/\/skinstudio.ee\/lt\/wp-json\/wp\/v2\/product_cat?post=84442"},{"taxonomy":"product_tag","embeddable":true,"href":"https:\/\/skinstudio.ee\/lt\/wp-json\/wp\/v2\/product_tag?post=84442"},{"taxonomy":"giftcard-category","embeddable":true,"href":"https:\/\/skinstudio.ee\/lt\/wp-json\/wp\/v2\/giftcard-category?post=84442"}],"curies":[{"name":"wp","href":"https:\/\/api.w.org\/{rel}","templated":true}]}}