{"id":85160,"date":"2026-03-12T10:07:05","date_gmt":"2026-03-12T10:07:05","guid":{"rendered":"https:\/\/skinstudio.ee\/?post_type=product&#038;p=85160"},"modified":"2026-03-12T10:18:20","modified_gmt":"2026-03-12T10:18:20","slug":"revita-glow-bb-cream","status":"publish","type":"product","link":"https:\/\/skinstudio.ee\/lt\/catalog\/genosys\/revita-glow-bb-cream\/","title":{"rendered":"Revita Glow BB Cream"},"content":{"rendered":"<p data-start=\"2152\" data-end=\"2446\"><strong data-start=\"2152\" data-end=\"2200\">Revita Glow BB Cream SPF38 PA+++ nuo Genosys<\/strong> yra daugiafunkcis BB kremas, kuris viename produkte sujungia odos prie\u017ei\u016br\u0105, apsaug\u0105 nuo saul\u0117s ir nat\u016bral\u0173 padengim\u0105. Jis padeda suvienodinti odos ton\u0105, suma\u017einti paraudimus ir smulkius netobulumus, suteikdamas veidui gaiv\u0173 ir \u0161vytint\u012f \u012fvaizd\u012f.<\/p>\n<p data-start=\"2448\" data-end=\"2720\">Lengva tekst\u016bra tolygiai pasiskirsto ant odos ir prisitaiko prie nat\u016bralaus odos atspalvio, sukurdama populiar\u0173 \u201eglass skin\u201c efekt\u0105 &#8211; lygi\u0105, sudr\u0117kint\u0105 ir nat\u016braliai \u0161vytin\u010di\u0105 od\u0105. Kremas veikia tiek kaip lengva tonizuojanti priemon\u0117, tiek kaip kasdien\u0117s prie\u017ei\u016bros dalis.<\/p>\n<p data-start=\"2722\" data-end=\"2873\">Plataus spektro filtrai u\u017etikrina kasdien\u0119 apsaug\u0105 nuo UV spinduliuot\u0117s su <strong data-start=\"2797\" data-end=\"2812\">SPF38 PA+++<\/strong>, pad\u0117dami apsaugoti od\u0105 nuo fotosen\u0117jimo ir netolygaus tono.<\/p>\n<p data-start=\"2875\" data-end=\"2977\">Kremas pateikiamas dviem atspalviais:<br data-start=\"2912\" data-end=\"2915\" \/>Bright &#8211; \u0161viesiai odai<br data-start=\"2937\" data-end=\"2940\" \/>Natural &#8211; nat\u016bralus sm\u0117lio atspalvis.<\/p>\n<p data-start=\"2979\" data-end=\"3016\"><strong data-start=\"2979\" data-end=\"3016\">Pagrindin\u0117s veikliosios med\u017eiagos<\/strong><\/p>\n<p data-start=\"3018\" data-end=\"3092\"><strong data-start=\"3018\" data-end=\"3034\">Niacinamidas<\/strong> &#8211; padeda suvienodinti odos ton\u0105 ir suma\u017einti paraudimus<\/p>\n<p data-start=\"3094\" data-end=\"3196\"><strong data-start=\"3094\" data-end=\"3128\">Hidrolizuota hialurono r\u016bg\u0161tis<\/strong> &#8211; u\u017etikrina intensyv\u0173 dr\u0117kinim\u0105 ir padeda i\u0161laikyti odos glotnum\u0105<\/p>\n<p data-start=\"3198\" data-end=\"3274\"><strong data-start=\"3198\" data-end=\"3230\">Centella Asiatica ekstraktas<\/strong> &#8211; ramina od\u0105 ir palaiko jos atsinaujinim\u0105<\/p>\n<p data-start=\"3276\" data-end=\"3357\">Tinka vis\u0173 tip\u0173 odai, ypa\u010d papilk\u0117jusiai ir dehidratuotai odai su netolygiu tonu.<\/p>\n<p data-start=\"3359\" data-end=\"3375\"><strong data-start=\"3359\" data-end=\"3375\">T\u016bris: 50 ml<\/strong><\/p>\n","protected":false},"excerpt":{"rendered":"<p data-start=\"1787\" data-end=\"1828\">\u0160vyt\u0117jim\u0105 suteikiantis BB kremas veidui<\/p>\n<h2 data-start=\"1830\" data-end=\"1884\"><strong data-start=\"1830\" data-end=\"1884\">Genosys &#8211; Revita Glow BB Cream Savyb\u0117s<\/strong><\/h2>\n<p data-start=\"1886\" data-end=\"2135\">\u2714\ufe0f Suvienodina odos atspalv\u012f ir padeda maskuoti paraudimus<br data-start=\"1944\" data-end=\"1947\" \/>\u2714\ufe0f Suteikia odai nat\u016bral\u0173 \u0161vyt\u0117jim\u0105<br data-start=\"1982\" data-end=\"1985\" \/>\u2714\ufe0f U\u017etikrina kasdien\u0119 apsaug\u0105 nuo UVA ir UVB spinduli\u0173<br data-start=\"2039\" data-end=\"2042\" \/>\u2714\ufe0f Padeda palaikyti odos dr\u0117gm\u0119 ir komfort\u0105 vis\u0105 dien\u0105<br data-start=\"2096\" data-end=\"2099\" \/>\u2714\ufe0f Palieka od\u0105 lygi\u0105 ir pri\u017ei\u016br\u0117t\u0105<\/p>\n","protected":false},"featured_media":85135,"template":"","meta":[],"pwb-brand":[1242],"product_brand":[],"product_cat":[771,1407,732],"product_tag":[],"giftcard-category":[],"class_list":{"0":"post-85160","1":"product","2":"type-product","3":"status-publish","4":"has-post-thumbnail","6":"pwb-brand-genosys","7":"product_cat-makiazas","8":"product_cat-naujiena","9":"product_cat-spf-apsauga","11":"first","12":"instock","13":"taxable","14":"shipping-taxable","15":"purchasable","16":"product-type-variable"},"acf":[],"brands":[{"id":1242,"name":"Genosys","slug":"genosys"}],"_links":{"self":[{"href":"https:\/\/skinstudio.ee\/lt\/wp-json\/wp\/v2\/product\/85160","targetHints":{"allow":["GET"]}}],"collection":[{"href":"https:\/\/skinstudio.ee\/lt\/wp-json\/wp\/v2\/product"}],"about":[{"href":"https:\/\/skinstudio.ee\/lt\/wp-json\/wp\/v2\/types\/product"}],"version-history":[{"count":1,"href":"https:\/\/skinstudio.ee\/lt\/wp-json\/wp\/v2\/product\/85160\/revisions"}],"predecessor-version":[{"id":85163,"href":"https:\/\/skinstudio.ee\/lt\/wp-json\/wp\/v2\/product\/85160\/revisions\/85163"}],"wp:featuredmedia":[{"embeddable":true,"href":"https:\/\/skinstudio.ee\/lt\/wp-json\/wp\/v2\/media\/85135"}],"wp:attachment":[{"href":"https:\/\/skinstudio.ee\/lt\/wp-json\/wp\/v2\/media?parent=85160"}],"wp:term":[{"taxonomy":"pwb-brand","embeddable":true,"href":"https:\/\/skinstudio.ee\/lt\/wp-json\/wp\/v2\/pwb-brand?post=85160"},{"taxonomy":"product_brand","embeddable":true,"href":"https:\/\/skinstudio.ee\/lt\/wp-json\/wp\/v2\/product_brand?post=85160"},{"taxonomy":"product_cat","embeddable":true,"href":"https:\/\/skinstudio.ee\/lt\/wp-json\/wp\/v2\/product_cat?post=85160"},{"taxonomy":"product_tag","embeddable":true,"href":"https:\/\/skinstudio.ee\/lt\/wp-json\/wp\/v2\/product_tag?post=85160"},{"taxonomy":"giftcard-category","embeddable":true,"href":"https:\/\/skinstudio.ee\/lt\/wp-json\/wp\/v2\/giftcard-category?post=85160"}],"curies":[{"name":"wp","href":"https:\/\/api.w.org\/{rel}","templated":true}]}}