{"id":85186,"date":"2026-03-12T11:06:44","date_gmt":"2026-03-12T11:06:44","guid":{"rendered":"https:\/\/skinstudio.ee\/?post_type=product&#038;p=85186"},"modified":"2026-03-13T09:19:46","modified_gmt":"2026-03-13T09:19:46","slug":"resurface-repair-pads","status":"publish","type":"product","link":"https:\/\/skinstudio.ee\/lt\/catalog\/hydropeptide\/resurface-repair-pads\/","title":{"rendered":"Resurface &#038; Repair Pads"},"content":{"rendered":"<p data-start=\"2511\" data-end=\"2841\"><strong data-start=\"2511\" data-end=\"2555\">Resurface &amp; Repair Pads nuo HydroPeptide<\/strong> \u2013 dviej\u0173 etap\u0173 odos atnaujinimo padeliai, sukurti \u0161velniam, ta\u010diau veiksmingam odos atnaujinimui, tekst\u016bros i\u0161lyginimui ir bendro odos tono pagerinimui. Formul\u0117 sujungia r\u016bg\u0161tin\u012f \u0161veitim\u0105 ir peptidais praturtint\u0105 atkuriam\u0105j\u0105 prie\u017ei\u016br\u0105, tod\u0117l oda atrodo lygesn\u0117, gaivesn\u0117 ir skaistesn\u0117.<\/p>\n<p data-start=\"2843\" data-end=\"3078\">Pirmasis etapas turi r\u016bg\u0161\u010di\u0173 kompleks\u0105, kuris tirpdo negyvas odos l\u0105steles ir valo odos pavir\u0161i\u0173. Antrasis etapas praturtintas peptidais ir atkuriamosiomis med\u017eiagomis, stiprinan\u010diomis odos barjer\u0105 ir skatinan\u010diomis odos atsinaujinim\u0105.<\/p>\n<p data-start=\"3080\" data-end=\"3228\">R\u016bg\u0161\u010di\u0173, niacinamido ir peptid\u0173 derinys i\u0161lygina odos tekst\u016br\u0105, suvienodina odos ton\u0105, suma\u017eina rauk\u0161li\u0173 matomum\u0105 ir sugr\u0105\u017eina odai sveik\u0105 spindes\u012f.<\/p>\n<p data-start=\"3230\" data-end=\"3266\"><strong data-start=\"3230\" data-end=\"3266\">Pagrindini\u0173 ingredient\u0173 poveikis<\/strong><\/p>\n<p data-start=\"3268\" data-end=\"3389\"><strong data-start=\"3268\" data-end=\"3294\">Micellar CellRenew-16:<\/strong> patentuotas HydroPeptide peptidas, palaikantis odos dr\u0117kinim\u0105 ir skatinantis kolageno sintez\u0119.<\/p>\n<p data-start=\"3391\" data-end=\"3533\"><strong data-start=\"3391\" data-end=\"3457\">R\u016bg\u0161\u010di\u0173 kompleksas (Lactic, Glycolic, Salicylic, Lactobionic):<\/strong> \u0161velniai \u0161vei\u010dia od\u0105, skatina l\u0105steli\u0173 atsinaujinim\u0105 ir i\u0161lygina odos ton\u0105.<\/p>\n<p data-start=\"3535\" data-end=\"3617\"><strong data-start=\"3535\" data-end=\"3551\">Niacinamide:<\/strong> ma\u017eina pigmentacijos matomum\u0105 ir stiprina odos apsaugin\u012f barjer\u0105.<\/p>\n<p data-start=\"3619\" data-end=\"3786\"><strong data-start=\"3619\" data-end=\"3657\">Kam tinka Resurface &amp; Repair Pads:<\/strong> odai su nelygia tekst\u016bra, blankiu tonu, pigmentacija, pirmaisiais sen\u0117jimo po\u017eymiais, taip pat riebiai ir \u012f akn\u0119 linkusiai odai.<\/p>\n<p data-start=\"3788\" data-end=\"3806\"><strong data-start=\"3788\" data-end=\"3798\">T\u016bris:<\/strong> 30 por\u0173<\/p>\n","protected":false},"excerpt":{"rendered":"<p data-start=\"4168\" data-end=\"4206\">Odos atnaujinimo \u0161vei\u010diamieji padeliai<\/p>\n<h2 data-start=\"4208\" data-end=\"4258\"><strong data-start=\"4208\" data-end=\"4258\">HydroPeptide &#8211; Resurface &amp; Repair Pads Savyb\u0117s<\/strong><\/h2>\n<p data-start=\"4260\" data-end=\"4451\">\u2714\ufe0f Akimirksniu i\u0161lygina odos tekst\u016br\u0105<br data-start=\"4297\" data-end=\"4300\" \/>\u2714\ufe0f Pastebimai suvienodina odos ton\u0105<br data-start=\"4335\" data-end=\"4338\" \/>\u2714\ufe0f Suteikia skaistumo blankiai odai<br data-start=\"4373\" data-end=\"4376\" \/>\u2714\ufe0f I\u0161lygina smulkias linijas ir rauk\u0161les<br data-start=\"4416\" data-end=\"4419\" \/>\u2714\ufe0f Oda tampa lygesn\u0117 ir \u0161vytinti<\/p>\n","protected":false},"featured_media":85170,"template":"","meta":[],"pwb-brand":[1212],"product_brand":[],"product_cat":[1407,720],"product_tag":[],"giftcard-category":[],"class_list":{"0":"post-85186","1":"product","2":"type-product","3":"status-publish","4":"has-post-thumbnail","6":"pwb-brand-hydropeptide","7":"product_cat-naujiena","8":"product_cat-sveitikliai-ir-pilingai","9":"pa_suurus-1-pack-lt","10":"pa_suurus-1-pc-lt","12":"first","13":"instock","14":"taxable","15":"shipping-taxable","16":"purchasable","17":"product-type-variable"},"acf":[],"brands":[{"id":1212,"name":"HydroPeptide","slug":"hydropeptide"}],"_links":{"self":[{"href":"https:\/\/skinstudio.ee\/lt\/wp-json\/wp\/v2\/product\/85186","targetHints":{"allow":["GET"]}}],"collection":[{"href":"https:\/\/skinstudio.ee\/lt\/wp-json\/wp\/v2\/product"}],"about":[{"href":"https:\/\/skinstudio.ee\/lt\/wp-json\/wp\/v2\/types\/product"}],"version-history":[{"count":1,"href":"https:\/\/skinstudio.ee\/lt\/wp-json\/wp\/v2\/product\/85186\/revisions"}],"predecessor-version":[{"id":85187,"href":"https:\/\/skinstudio.ee\/lt\/wp-json\/wp\/v2\/product\/85186\/revisions\/85187"}],"wp:featuredmedia":[{"embeddable":true,"href":"https:\/\/skinstudio.ee\/lt\/wp-json\/wp\/v2\/media\/85170"}],"wp:attachment":[{"href":"https:\/\/skinstudio.ee\/lt\/wp-json\/wp\/v2\/media?parent=85186"}],"wp:term":[{"taxonomy":"pwb-brand","embeddable":true,"href":"https:\/\/skinstudio.ee\/lt\/wp-json\/wp\/v2\/pwb-brand?post=85186"},{"taxonomy":"product_brand","embeddable":true,"href":"https:\/\/skinstudio.ee\/lt\/wp-json\/wp\/v2\/product_brand?post=85186"},{"taxonomy":"product_cat","embeddable":true,"href":"https:\/\/skinstudio.ee\/lt\/wp-json\/wp\/v2\/product_cat?post=85186"},{"taxonomy":"product_tag","embeddable":true,"href":"https:\/\/skinstudio.ee\/lt\/wp-json\/wp\/v2\/product_tag?post=85186"},{"taxonomy":"giftcard-category","embeddable":true,"href":"https:\/\/skinstudio.ee\/lt\/wp-json\/wp\/v2\/giftcard-category?post=85186"}],"curies":[{"name":"wp","href":"https:\/\/api.w.org\/{rel}","templated":true}]}}