{"id":85212,"date":"2026-03-12T11:31:03","date_gmt":"2026-03-12T11:31:03","guid":{"rendered":"https:\/\/skinstudio.ee\/?post_type=product&#038;p=85212"},"modified":"2026-03-12T11:35:35","modified_gmt":"2026-03-12T11:35:35","slug":"shikimic-rx-peptide-pads","status":"publish","type":"product","link":"https:\/\/skinstudio.ee\/lt\/catalog\/hydropeptide\/shikimic-rx-peptide-pads\/","title":{"rendered":"Shikimic Rx Peptide Pads"},"content":{"rendered":"<p data-start=\"2547\" data-end=\"2887\"><strong data-start=\"2547\" data-end=\"2592\">Shikimic Rx Peptide Pads nuo HydroPeptide<\/strong> \u2013 profesional\u016bs dviej\u0173 etap\u0173 \u0161vei\u010diamieji padeliai, skirti intensyviam odos atnaujinimui, por\u0173 valymui ir odos tekst\u016bros i\u0161lyginimui. Formul\u0117 sujungia 5% \u0161ikimo r\u016bg\u0161t\u012f, \u0161vei\u010dian\u010di\u0173 r\u016bg\u0161\u010di\u0173 kompleks\u0105 ir peptid\u0173 atkuriam\u0105j\u0105 prie\u017ei\u016br\u0105, u\u017etikrindama gil\u0173 odos atsinaujinim\u0105 be agresyvaus dirginimo.<\/p>\n<p data-start=\"2889\" data-end=\"3173\">Pirmasis etapas turi 5% \u0161ikimo r\u016bg\u0161t\u012f ir r\u016bg\u0161\u010di\u0173 mi\u0161in\u012f, kuris tirpdo negyvas odos l\u0105steles, valo poras ir ma\u017eina perteklin\u012f sebum\u0105. Antrasis etapas \u2013 koncentruotas peptid\u0173 prie\u017ei\u016bros padelis su bio-retinoidu i\u0161 j\u016bros dumbli\u0173, kuris ramina od\u0105 ir palaiko jos strukt\u016brin\u0119 architekt\u016br\u0105.<\/p>\n<p data-start=\"3175\" data-end=\"3332\">R\u016bg\u0161\u010di\u0173, peptid\u0173 ir \u0161velnaus retinoido derinys i\u0161lygina odos tekst\u016br\u0105, suma\u017eina blankum\u0105 ir pigmentacij\u0105, tod\u0117l oda tampa lygesn\u0117 ir akivaizd\u017eiai skaistesn\u0117.<\/p>\n<p data-start=\"3334\" data-end=\"3370\"><strong data-start=\"3334\" data-end=\"3370\">Pagrindini\u0173 ingredient\u0173 poveikis<\/strong><\/p>\n<p data-start=\"3372\" data-end=\"3461\"><strong data-start=\"3372\" data-end=\"3393\">Shikimic Acid 5%:<\/strong> tirpdo negyvas odos l\u0105steles, valo poras ir i\u0161lygina odos tekst\u016br\u0105.<\/p>\n<p data-start=\"3463\" data-end=\"3565\"><strong data-start=\"3463\" data-end=\"3517\">Micellar CellRenew-16 ir Palmitoyl Pentapeptide-4:<\/strong> peptidai, stiprinantys odos strukt\u016br\u0105 ir tank\u012f.<\/p>\n<p data-start=\"3567\" data-end=\"3683\"><strong data-start=\"3567\" data-end=\"3586\">Algae Retinoid:<\/strong> \u0161velnus retinoidas i\u0161 j\u016bros dumbli\u0173, skatinantis odos atsinaujinim\u0105 ir gerinantis odos glotnum\u0105.<\/p>\n<p data-start=\"3685\" data-end=\"3815\"><strong data-start=\"3685\" data-end=\"3724\">Kam tinka Shikimic Rx Peptide Pads:<\/strong> vis\u0173 tip\u0173 odai, ypa\u010d blankiai, nelygiai, pigmentuotai, \u012f akn\u0119 linkusiai ir brand\u017eiai odai.<\/p>\n<p data-start=\"3817\" data-end=\"3835\"><strong data-start=\"3817\" data-end=\"3827\">T\u016bris:<\/strong> 30 por\u0173<\/p>\n","protected":false},"excerpt":{"rendered":"<p data-start=\"4172\" data-end=\"4207\">Profesional\u016bs \u0161vei\u010diamieji padeliai<\/p>\n<h2 data-start=\"4209\" data-end=\"4260\"><strong data-start=\"4209\" data-end=\"4260\">HydroPeptide &#8211; Shikimic Rx Peptide Pads Savyb\u0117s<\/strong><\/h2>\n<p data-start=\"4262\" data-end=\"4458\">\u2714\ufe0f Giliai valo poras ir ma\u017eina sebum\u0105<br data-start=\"4299\" data-end=\"4302\" \/>\u2714\ufe0f I\u0161lygina odos tekst\u016br\u0105 ir pavir\u0161i\u0173<br data-start=\"4339\" data-end=\"4342\" \/>\u2714\ufe0f Suteikia odai tolygesn\u012f ir skaistesn\u012f ton\u0105<br data-start=\"4387\" data-end=\"4390\" \/>\u2714\ufe0f Ma\u017eina smulki\u0173 linij\u0173 matomum\u0105<br data-start=\"4423\" data-end=\"4426\" \/>\u2714\ufe0f Oda tampa lygesn\u0117 ir \u0161vytinti<\/p>\n","protected":false},"featured_media":85199,"template":"","meta":[],"pwb-brand":[1212],"product_brand":[],"product_cat":[1407,720,1162],"product_tag":[],"giftcard-category":[],"class_list":{"0":"post-85212","1":"product","2":"type-product","3":"status-publish","4":"has-post-thumbnail","6":"pwb-brand-hydropeptide","7":"product_cat-naujiena","8":"product_cat-sveitikliai-ir-pilingai","9":"product_cat-zo-skin-health-lt","10":"pa_suurus-1pc-lt","11":"pa_suurus-30pc-lt","13":"first","14":"instock","15":"taxable","16":"shipping-taxable","17":"purchasable","18":"product-type-variable"},"acf":[],"brands":[{"id":1212,"name":"HydroPeptide","slug":"hydropeptide"}],"_links":{"self":[{"href":"https:\/\/skinstudio.ee\/lt\/wp-json\/wp\/v2\/product\/85212","targetHints":{"allow":["GET"]}}],"collection":[{"href":"https:\/\/skinstudio.ee\/lt\/wp-json\/wp\/v2\/product"}],"about":[{"href":"https:\/\/skinstudio.ee\/lt\/wp-json\/wp\/v2\/types\/product"}],"version-history":[{"count":1,"href":"https:\/\/skinstudio.ee\/lt\/wp-json\/wp\/v2\/product\/85212\/revisions"}],"predecessor-version":[{"id":85213,"href":"https:\/\/skinstudio.ee\/lt\/wp-json\/wp\/v2\/product\/85212\/revisions\/85213"}],"wp:featuredmedia":[{"embeddable":true,"href":"https:\/\/skinstudio.ee\/lt\/wp-json\/wp\/v2\/media\/85199"}],"wp:attachment":[{"href":"https:\/\/skinstudio.ee\/lt\/wp-json\/wp\/v2\/media?parent=85212"}],"wp:term":[{"taxonomy":"pwb-brand","embeddable":true,"href":"https:\/\/skinstudio.ee\/lt\/wp-json\/wp\/v2\/pwb-brand?post=85212"},{"taxonomy":"product_brand","embeddable":true,"href":"https:\/\/skinstudio.ee\/lt\/wp-json\/wp\/v2\/product_brand?post=85212"},{"taxonomy":"product_cat","embeddable":true,"href":"https:\/\/skinstudio.ee\/lt\/wp-json\/wp\/v2\/product_cat?post=85212"},{"taxonomy":"product_tag","embeddable":true,"href":"https:\/\/skinstudio.ee\/lt\/wp-json\/wp\/v2\/product_tag?post=85212"},{"taxonomy":"giftcard-category","embeddable":true,"href":"https:\/\/skinstudio.ee\/lt\/wp-json\/wp\/v2\/giftcard-category?post=85212"}],"curies":[{"name":"wp","href":"https:\/\/api.w.org\/{rel}","templated":true}]}}