{"id":85228,"date":"2026-03-12T11:46:36","date_gmt":"2026-03-12T11:46:36","guid":{"rendered":"https:\/\/skinstudio.ee\/?post_type=product&#038;p=85228"},"modified":"2026-03-12T11:49:47","modified_gmt":"2026-03-12T11:49:47","slug":"beauty-sleep-cream","status":"publish","type":"product","link":"https:\/\/skinstudio.ee\/lt\/catalog\/reviderm\/beauty-sleep-cream\/","title":{"rendered":"Beauty Sleep Cream"},"content":{"rendered":"<p data-start=\"2607\" data-end=\"2867\"><strong data-start=\"2607\" data-end=\"2642\">Beauty Sleep Cream nuo REVIDERM<\/strong> \u2013 atkuriamasis naktinis kremas, skirtas odos regeneracijai miego metu. Formul\u0117 veikia sinchroni\u0161kai su nat\u016braliu odos cirkadiniu ritmu, pad\u0117dama odai atsistatyti po dienos streso, miego tr\u016bkumo ir aplinkos veiksni\u0173 poveikio.<\/p>\n<p data-start=\"2869\" data-end=\"3117\">Kremas intensyviai dr\u0117kina od\u0105, palaiko nat\u016bralius jos atsinaujinimo procesus ir stiprina apsaugin\u012f barjer\u0105. Nakties metu aktyviosios med\u017eiagos skatina l\u0105steli\u0173 metabolizm\u0105 ir kolageno atsinaujinim\u0105, tod\u0117l oda tampa stangresn\u0117, lygesn\u0117 ir gaivesn\u0117.<\/p>\n<p data-start=\"3119\" data-end=\"3180\">Ryte oda atrodo pails\u0117jusi, skaistesn\u0117 ir kupina gyvybingumo.<\/p>\n<p data-start=\"3182\" data-end=\"3218\"><strong data-start=\"3182\" data-end=\"3218\">Pagrindini\u0173 ingredient\u0173 poveikis<\/strong><\/p>\n<p data-start=\"3220\" data-end=\"3320\"><strong data-start=\"3220\" data-end=\"3241\">Lavender Extract:<\/strong> skatina melatonino gamyb\u0105 odos l\u0105stel\u0117se ir stiprina odos naktin\u012f atsistatym\u0105.<\/p>\n<p data-start=\"3322\" data-end=\"3438\"><strong data-start=\"3322\" data-end=\"3354\">Shrubby Clover Leaf Extract:<\/strong> reguliuoja odos cirkadin\u012f ritm\u0105 ir palaiko biologinius odos atsinaujinimo procesus.<\/p>\n<p data-start=\"3440\" data-end=\"3543\"><strong data-start=\"3440\" data-end=\"3451\">T-Code:<\/strong> inovatyvi lipoaminor\u016bg\u0161tis, gerinanti mikrocirkuliacij\u0105 ir skatinanti l\u0105steli\u0173 metabolizm\u0105.<\/p>\n<p data-start=\"3545\" data-end=\"3657\"><strong data-start=\"3545\" data-end=\"3578\">Kam tinka Beauty Sleep Cream:<\/strong> odai, linkusiai \u012f sausum\u0105, blank\u0173 ton\u0105, nuovarg\u012f ir matomus sen\u0117jimo po\u017eymius.<\/p>\n<p data-start=\"3659\" data-end=\"3675\"><strong data-start=\"3659\" data-end=\"3669\">T\u016bris:<\/strong> 50 ml<\/p>\n","protected":false},"excerpt":{"rendered":"<p data-start=\"3757\" data-end=\"3785\">Atkuriamasis naktinis kremas<\/p>\n<h2 data-start=\"3787\" data-end=\"3828\"><strong data-start=\"3787\" data-end=\"3828\">REVIDERM &#8211; Beauty Sleep Cream Savyb\u0117s<\/strong><\/h2>\n<p data-start=\"3830\" data-end=\"4033\">\u2714\ufe0f Intensyviai atkuria od\u0105 miego metu<br data-start=\"3867\" data-end=\"3870\" \/>\u2714\ufe0f Stiprina odos strukt\u016br\u0105 ir elastingum\u0105<br data-start=\"3911\" data-end=\"3914\" \/>\u2714\ufe0f Lygina rauk\u0161les ir odos tekst\u016br\u0105<br data-start=\"3949\" data-end=\"3952\" \/>\u2714\ufe0f Suvienodina odos ton\u0105 ir ma\u017eina paraudim\u0105<br data-start=\"3996\" data-end=\"3999\" \/>\u2714\ufe0f Oda tampa lygesn\u0117 ir skaistesn\u0117<\/p>\n","protected":false},"featured_media":85219,"template":"","meta":[],"pwb-brand":[704],"product_brand":[],"product_cat":[738,1407,740,750],"product_tag":[],"giftcard-category":[],"class_list":{"0":"post-85228","1":"product","2":"type-product","3":"status-publish","4":"has-post-thumbnail","6":"pwb-brand-reviderm","7":"product_cat-drekinimas","8":"product_cat-naujiena","9":"product_cat-sausai-odai","10":"product_cat-senstanti-oda","12":"first","13":"instock","14":"taxable","15":"shipping-taxable","16":"purchasable","17":"product-type-simple"},"acf":[],"brands":[{"id":704,"name":"Reviderm","slug":"reviderm"}],"_links":{"self":[{"href":"https:\/\/skinstudio.ee\/lt\/wp-json\/wp\/v2\/product\/85228","targetHints":{"allow":["GET"]}}],"collection":[{"href":"https:\/\/skinstudio.ee\/lt\/wp-json\/wp\/v2\/product"}],"about":[{"href":"https:\/\/skinstudio.ee\/lt\/wp-json\/wp\/v2\/types\/product"}],"version-history":[{"count":1,"href":"https:\/\/skinstudio.ee\/lt\/wp-json\/wp\/v2\/product\/85228\/revisions"}],"predecessor-version":[{"id":85229,"href":"https:\/\/skinstudio.ee\/lt\/wp-json\/wp\/v2\/product\/85228\/revisions\/85229"}],"wp:featuredmedia":[{"embeddable":true,"href":"https:\/\/skinstudio.ee\/lt\/wp-json\/wp\/v2\/media\/85219"}],"wp:attachment":[{"href":"https:\/\/skinstudio.ee\/lt\/wp-json\/wp\/v2\/media?parent=85228"}],"wp:term":[{"taxonomy":"pwb-brand","embeddable":true,"href":"https:\/\/skinstudio.ee\/lt\/wp-json\/wp\/v2\/pwb-brand?post=85228"},{"taxonomy":"product_brand","embeddable":true,"href":"https:\/\/skinstudio.ee\/lt\/wp-json\/wp\/v2\/product_brand?post=85228"},{"taxonomy":"product_cat","embeddable":true,"href":"https:\/\/skinstudio.ee\/lt\/wp-json\/wp\/v2\/product_cat?post=85228"},{"taxonomy":"product_tag","embeddable":true,"href":"https:\/\/skinstudio.ee\/lt\/wp-json\/wp\/v2\/product_tag?post=85228"},{"taxonomy":"giftcard-category","embeddable":true,"href":"https:\/\/skinstudio.ee\/lt\/wp-json\/wp\/v2\/giftcard-category?post=85228"}],"curies":[{"name":"wp","href":"https:\/\/api.w.org\/{rel}","templated":true}]}}