{"id":86793,"date":"2026-03-19T09:28:58","date_gmt":"2026-03-19T09:28:58","guid":{"rendered":"https:\/\/skinstudio.ee\/?post_type=product&#038;p=86793"},"modified":"2026-03-19T09:32:27","modified_gmt":"2026-03-19T09:32:27","slug":"collagen-ampoules","status":"publish","type":"product","link":"https:\/\/skinstudio.ee\/lt\/catalog\/reviderm\/collagen-ampoules\/","title":{"rendered":"Collagen Ampoules"},"content":{"rendered":"<p data-start=\"1836\" data-end=\"2170\"><strong data-start=\"1836\" data-end=\"1870\">Collagen Ampoules nuo Reviderm<\/strong> yra koncentruotos ampul\u0117s su nat\u016braliu kolagenu, skirtos odos strukt\u016bros stiprinimui, elastingumo gerinimui ir bendro tonuso atk\u016brimui. Formul\u0117 palaiko kolageno sintez\u0119, gerina tarpl\u0105stelinius ry\u0161ius ir padeda i\u0161laikyti odos tank\u012f, ma\u017eindama sen\u0117jimo po\u017eymi\u0173 matomum\u0105 ir l\u0117tindama j\u0173 progresavim\u0105.<\/p>\n<p data-start=\"2172\" data-end=\"2390\">Ampul\u0117s suteikia intensyv\u0173 ir ilgalaik\u012f dr\u0117kinim\u0105, gerina elastingum\u0105 ir padaro odos pavir\u0161i\u0173 lygesn\u012f bei tolygesn\u012f. Reguliariai naudojant oda atrodo gaivesn\u0117, stangresn\u0117 ir labiau pri\u017ei\u016br\u0117ta, pager\u0117ja bendras vaizdas.<\/p>\n<p data-start=\"2392\" data-end=\"2428\"><strong data-start=\"2392\" data-end=\"2428\">Pagrindini\u0173 komponent\u0173 poveikis:<\/strong><\/p>\n<p data-start=\"2430\" data-end=\"2608\"><strong data-start=\"2430\" data-end=\"2444\">Kolagenas:<\/strong> stiprina odos strukt\u016br\u0105 ir gerina elastingum\u0105<br data-start=\"2490\" data-end=\"2493\" \/><strong data-start=\"2493\" data-end=\"2515\">Hialurono r\u016bg\u0161tis:<\/strong> u\u017etikrina gil\u0173 ir ilgalaik\u012f dr\u0117kinim\u0105<br data-start=\"2553\" data-end=\"2556\" \/><strong data-start=\"2556\" data-end=\"2571\">Pantenolis:<\/strong> ramina ir palaiko odos atsistatym\u0105<\/p>\n<p data-start=\"2610\" data-end=\"2739\"><strong data-start=\"2610\" data-end=\"2642\">Kam tinka Collagen Ampoules:<\/strong> visiems odos tipams, ypa\u010d esant elastingumo suma\u017e\u0117jimui, dehidratacijai ir sen\u0117jimo po\u017eymiams.<\/p>\n<p data-start=\"2741\" data-end=\"2760\"><strong data-start=\"2741\" data-end=\"2751\">T\u016bris:<\/strong> 7 x 2 ml<\/p>\n","protected":false},"excerpt":{"rendered":"<p data-start=\"2940\" data-end=\"2956\">Kolageno ampul\u0117s<\/p>\n<h2 data-start=\"2958\" data-end=\"2998\"><strong data-start=\"2958\" data-end=\"2998\">Reviderm &#8211; Collagen Ampoules Savyb\u0117s<\/strong><\/h2>\n<p data-start=\"3000\" data-end=\"3214\">\u2714\ufe0f Gerina odos elastingum\u0105 ir tank\u012f<br data-start=\"3035\" data-end=\"3038\" \/>\u2714\ufe0f Padeda i\u0161lyginti rauk\u0161les ir tekst\u016br\u0105<br data-start=\"3078\" data-end=\"3081\" \/>\u2714\ufe0f U\u017etikrina gil\u0173 dr\u0117kinim\u0105 ir dr\u0117gm\u0117s i\u0161laikym\u0105<br data-start=\"3129\" data-end=\"3132\" \/>\u2714\ufe0f Gerina odos ton\u0105 ir bendr\u0105 i\u0161vaizd\u0105<br data-start=\"3170\" data-end=\"3173\" \/>\u2714\ufe0f Palaiko odos atsistatym\u0105 ir komfort\u0105<\/p>\n","protected":false},"featured_media":86785,"template":"","meta":[],"pwb-brand":[704],"product_brand":[],"product_cat":[724],"product_tag":[],"giftcard-category":[],"class_list":{"0":"post-86793","1":"product","2":"type-product","3":"status-publish","4":"has-post-thumbnail","6":"pwb-brand-reviderm","7":"product_cat-serumai","9":"first","10":"instock","11":"taxable","12":"shipping-taxable","13":"purchasable","14":"product-type-simple"},"acf":[],"brands":[{"id":704,"name":"Reviderm","slug":"reviderm"}],"_links":{"self":[{"href":"https:\/\/skinstudio.ee\/lt\/wp-json\/wp\/v2\/product\/86793","targetHints":{"allow":["GET"]}}],"collection":[{"href":"https:\/\/skinstudio.ee\/lt\/wp-json\/wp\/v2\/product"}],"about":[{"href":"https:\/\/skinstudio.ee\/lt\/wp-json\/wp\/v2\/types\/product"}],"version-history":[{"count":1,"href":"https:\/\/skinstudio.ee\/lt\/wp-json\/wp\/v2\/product\/86793\/revisions"}],"predecessor-version":[{"id":86794,"href":"https:\/\/skinstudio.ee\/lt\/wp-json\/wp\/v2\/product\/86793\/revisions\/86794"}],"wp:featuredmedia":[{"embeddable":true,"href":"https:\/\/skinstudio.ee\/lt\/wp-json\/wp\/v2\/media\/86785"}],"wp:attachment":[{"href":"https:\/\/skinstudio.ee\/lt\/wp-json\/wp\/v2\/media?parent=86793"}],"wp:term":[{"taxonomy":"pwb-brand","embeddable":true,"href":"https:\/\/skinstudio.ee\/lt\/wp-json\/wp\/v2\/pwb-brand?post=86793"},{"taxonomy":"product_brand","embeddable":true,"href":"https:\/\/skinstudio.ee\/lt\/wp-json\/wp\/v2\/product_brand?post=86793"},{"taxonomy":"product_cat","embeddable":true,"href":"https:\/\/skinstudio.ee\/lt\/wp-json\/wp\/v2\/product_cat?post=86793"},{"taxonomy":"product_tag","embeddable":true,"href":"https:\/\/skinstudio.ee\/lt\/wp-json\/wp\/v2\/product_tag?post=86793"},{"taxonomy":"giftcard-category","embeddable":true,"href":"https:\/\/skinstudio.ee\/lt\/wp-json\/wp\/v2\/giftcard-category?post=86793"}],"curies":[{"name":"wp","href":"https:\/\/api.w.org\/{rel}","templated":true}]}}