{"id":87450,"date":"2026-03-22T09:51:29","date_gmt":"2026-03-22T09:51:29","guid":{"rendered":"https:\/\/skinstudio.ee\/?post_type=product&#038;p=87450"},"modified":"2026-03-22T09:55:58","modified_gmt":"2026-03-22T09:55:58","slug":"youth-restore","status":"publish","type":"product","link":"https:\/\/skinstudio.ee\/lt\/catalog\/cellderma\/youth-restore\/","title":{"rendered":"Youth Restore"},"content":{"rendered":"<p data-start=\"1987\" data-end=\"2312\"><strong>Youth Restore<\/strong> nuo CELLDERMA yra profesionalus serumas su peptidais ir augimo faktoriais, sukurtas odos tankio palaikymui, su am\u017eiumi susijusi\u0173 poky\u010di\u0173 korekcijai ir jos balanso atk\u016brimui. Formul\u0117je augimo faktoriai yra \u0161velnesn\u0117s koncentracijos nei GF5, tod\u0117l priemon\u0117 tinka ilgalaikiam naudojimui ir palaikomajai prie\u017ei\u016brai.<\/p>\n<p data-start=\"2314\" data-end=\"2617\">Serumas ma\u017eina odos suglebim\u0105 ir rauk\u0161li\u0173 ry\u0161kum\u0105, gerina elastingum\u0105 ir odos tekst\u016br\u0105, taip pat padeda suvienodinti odos ton\u0105. Niacinamidas sud\u0117tyje yra antroje vietoje \u2014 didel\u0117 koncentracija gali sukelti laikin\u0105 paraudim\u0105, tod\u0117l priemon\u0119 rekomenduojama \u012ftraukti palaipsniui, pradedant nuo ma\u017eo kiekio.<\/p>\n<p data-start=\"2619\" data-end=\"2640\"><strong>Aktyv\u016bs ingredientai:<\/strong><\/p>\n<p data-start=\"2642\" data-end=\"2910\"><strong>Niacinamidas<\/strong>: stiprina odos barjer\u0105, suvienodina odos ton\u0105 ir reguliuoja sebumo i\u0161siskyrim\u0105.<br data-start=\"2734\" data-end=\"2737\" \/><strong>Augimo faktoriai<\/strong>: palaiko odos atsinaujinimo procesus ir didina odos tank\u012f bei stangrum\u0105.<br data-start=\"2826\" data-end=\"2829\" \/><strong>Acetil heksapeptidas-8<\/strong>: atpalaiduoja mimikos raumenis ir ma\u017eina rauk\u0161li\u0173 ry\u0161kum\u0105.<\/p>\n<p data-start=\"2912\" data-end=\"3131\">Serumas tinka reguliariam naudojimui ir gali b\u016bti naudojamas tiek anti-age prie\u017ei\u016broje, tiek odos kokyb\u0117s palaikymui. Rekomenduojamas normaliai, mi\u0161riai ir riebiai odai; jautriai odai priemon\u0119 reikia \u012fvesti palaipsniui.<\/p>\n<p data-start=\"3133\" data-end=\"3148\"><strong data-start=\"3133\" data-end=\"3142\">T\u016bris:<\/strong> 30 ml<\/p>\n","protected":false},"excerpt":{"rendered":"<p data-start=\"3405\" data-end=\"3468\">Serumas su peptidais ir augimo faktoriais odos tankio didinimui<\/p>\n<h2 data-start=\"3470\" data-end=\"3507\"><strong data-start=\"3470\" data-end=\"3507\">CELLDERMA &#8211; Youth Restore Savyb\u0117s<\/strong><\/h2>\n<p data-start=\"3509\" data-end=\"3723\">\u2714\ufe0f Ma\u017eina odos suglebim\u0105 ir rauk\u0161li\u0173 ry\u0161kum\u0105<br data-start=\"3553\" data-end=\"3556\" \/>\u2714\ufe0f Didina odos tank\u012f ir gerina elastingum\u0105<br data-start=\"3598\" data-end=\"3601\" \/>\u2714\ufe0f Reguliuoja sebumo i\u0161siskyrim\u0105<br data-start=\"3633\" data-end=\"3636\" \/>\u2714\ufe0f Veikia hiperpigmentacij\u0105 ir paraudim\u0105<br data-start=\"3676\" data-end=\"3679\" \/>\u2714\ufe0f Atkuria odos barjer\u0105 ir gerina tekst\u016br\u0105<\/p>\n","protected":false},"featured_media":87438,"template":"","meta":[],"pwb-brand":[1210],"product_brand":[],"product_cat":[750,724],"product_tag":[],"giftcard-category":[],"class_list":{"0":"post-87450","1":"product","2":"type-product","3":"status-publish","4":"has-post-thumbnail","6":"pwb-brand-cellderma","7":"product_cat-senstanti-oda","8":"product_cat-serumai","10":"first","11":"instock","12":"taxable","13":"shipping-taxable","14":"purchasable","15":"product-type-simple"},"acf":[],"brands":[{"id":1210,"name":"CellDerma","slug":"cellderma"}],"_links":{"self":[{"href":"https:\/\/skinstudio.ee\/lt\/wp-json\/wp\/v2\/product\/87450","targetHints":{"allow":["GET"]}}],"collection":[{"href":"https:\/\/skinstudio.ee\/lt\/wp-json\/wp\/v2\/product"}],"about":[{"href":"https:\/\/skinstudio.ee\/lt\/wp-json\/wp\/v2\/types\/product"}],"version-history":[{"count":1,"href":"https:\/\/skinstudio.ee\/lt\/wp-json\/wp\/v2\/product\/87450\/revisions"}],"predecessor-version":[{"id":87451,"href":"https:\/\/skinstudio.ee\/lt\/wp-json\/wp\/v2\/product\/87450\/revisions\/87451"}],"wp:featuredmedia":[{"embeddable":true,"href":"https:\/\/skinstudio.ee\/lt\/wp-json\/wp\/v2\/media\/87438"}],"wp:attachment":[{"href":"https:\/\/skinstudio.ee\/lt\/wp-json\/wp\/v2\/media?parent=87450"}],"wp:term":[{"taxonomy":"pwb-brand","embeddable":true,"href":"https:\/\/skinstudio.ee\/lt\/wp-json\/wp\/v2\/pwb-brand?post=87450"},{"taxonomy":"product_brand","embeddable":true,"href":"https:\/\/skinstudio.ee\/lt\/wp-json\/wp\/v2\/product_brand?post=87450"},{"taxonomy":"product_cat","embeddable":true,"href":"https:\/\/skinstudio.ee\/lt\/wp-json\/wp\/v2\/product_cat?post=87450"},{"taxonomy":"product_tag","embeddable":true,"href":"https:\/\/skinstudio.ee\/lt\/wp-json\/wp\/v2\/product_tag?post=87450"},{"taxonomy":"giftcard-category","embeddable":true,"href":"https:\/\/skinstudio.ee\/lt\/wp-json\/wp\/v2\/giftcard-category?post=87450"}],"curies":[{"name":"wp","href":"https:\/\/api.w.org\/{rel}","templated":true}]}}