{"id":88255,"date":"2026-03-26T12:37:43","date_gmt":"2026-03-26T12:37:43","guid":{"rendered":"https:\/\/skinstudio.ee\/?post_type=product&#038;p=88255"},"modified":"2026-03-26T12:43:20","modified_gmt":"2026-03-26T12:43:20","slug":"wrinkle-texture-repair","status":"publish","type":"product","link":"https:\/\/skinstudio.ee\/lt\/catalog\/zo-skin-health\/wrinkle-texture-repair\/","title":{"rendered":"Wrinkle + Texture Repair"},"content":{"rendered":"<p data-start=\"2169\" data-end=\"2477\"><strong data-start=\"2169\" data-end=\"2217\">Wrinkle + Texture Repair nuo ZO\u00ae SKIN HEALTH<\/strong> &#8211; intensyvus anti-aging kremas su retinoliu, skirtas visapusi\u0161kam odos atsinaujinimui ir matom\u0173 sen\u0117jimo po\u017eymi\u0173 korekcijai. Formul\u0117 padeda suma\u017einti rauk\u0161li\u0173 matomum\u0105, pagerina odos tank\u012f ir i\u0161lygina tekst\u016br\u0105, suteikdama odai glotnesn\u0119 ir tolygesn\u0119 i\u0161vaizd\u0105.<\/p>\n<p data-start=\"2479\" data-end=\"2756\">Kremas palaiko odos strukt\u016bros atstatym\u0105, skatina atsinaujinimo procesus ir padeda suvienodinti odos ton\u0105, ma\u017eindamas pigmentacijos ir fotopa\u017eeidim\u0173 matomum\u0105. Taip pat padeda suma\u017einti paraudim\u0105 ir gerina odos komfort\u0105, suteikdamas jai stangresn\u0119 ir labiau pri\u017ei\u016br\u0117t\u0105 i\u0161vaizd\u0105.<\/p>\n<p data-start=\"2758\" data-end=\"2805\"><strong data-start=\"2758\" data-end=\"2805\">Kaip veikia pagrindin\u0117s sudedamosios dalys?<\/strong><\/p>\n<ul data-start=\"2807\" data-end=\"3101\">\n<li data-section-id=\"kskgce\" data-start=\"2807\" data-end=\"2923\"><strong data-start=\"2809\" data-end=\"2825\">0,5% Retinol<\/strong> &#8211; skatina l\u0105steli\u0173 atsinaujinim\u0105, palaiko kolageno gamyb\u0105 ir padeda suma\u017einti rauk\u0161li\u0173 matomum\u0105<\/li>\n<li data-section-id=\"16jw45t\" data-start=\"2924\" data-end=\"3012\"><strong data-start=\"2926\" data-end=\"2944\">ZCORE\u2122 Complex<\/strong> &#8211; padeda pagerinti odos stangrum\u0105 ir suma\u017einti suglebimo po\u017eymius<\/li>\n<li data-section-id=\"1c2xnrk\" data-start=\"3013\" data-end=\"3101\"><strong data-start=\"3015\" data-end=\"3032\">ZPRO\u00ae Complex<\/strong> &#8211; palaiko odos dr\u0117kinim\u0105 ir padeda atkurti hialurono r\u016bg\u0161ties lyg\u012f<\/li>\n<\/ul>\n<p data-start=\"3103\" data-end=\"3282\"><strong data-start=\"3103\" data-end=\"3141\">Kam tinka Wrinkle + Texture Repair<\/strong> &#8211; odai su ry\u0161kiais sen\u0117jimo po\u017eymiais, nelygia tekst\u016bra, suma\u017e\u0117jusiu stangrumu ir pigmentacija, taip pat kompleksinei anti-aging prie\u017ei\u016brai.<\/p>\n<p data-start=\"3284\" data-end=\"3300\"><strong data-start=\"3284\" data-end=\"3300\">T\u016bris: 50 ml<\/strong><\/p>\n","protected":false},"excerpt":{"rendered":"<p data-start=\"3536\" data-end=\"3737\"><span style=\"color: #ff0000;\"><strong>NB<\/strong>! Produkt\u0105 galima \u012fsigyti tik po specialisto konsultacijos. Skambinkite numeriu +372 58 500 171 arba palikite u\u017eklaus\u0105 <a class=\"decorated-link cursor-pointer\" style=\"color: #ff0000;\" href=\"mailto:info@skinstudio.ee\" rel=\"noopener\" data-start=\"3657\" data-end=\"3675\">info@skinstudio.ee<\/a>. M\u016bs\u0173 konsultantai pad\u0117s \u012fsigyti \u0161io prek\u0117s \u017eenklo produktus.<\/span><\/p>\n<p data-start=\"3739\" data-end=\"3769\">Anti-aging kremas su retinoliu<\/p>\n<h2 data-start=\"3771\" data-end=\"3825\"><strong data-start=\"3771\" data-end=\"3825\">ZO\u00ae SKIN HEALTH &#8211; Wrinkle + Texture Repair Savyb\u0117s<\/strong><\/h2>\n<p data-start=\"3827\" data-end=\"4015\">\u2714\ufe0f Ma\u017eina rauk\u0161li\u0173 matomum\u0105<br data-start=\"3854\" data-end=\"3857\" \/>\u2714\ufe0f Gerina odos stangrum\u0105 ir tank\u012f<br data-start=\"3890\" data-end=\"3893\" \/>\u2714\ufe0f I\u0161lygina odos tekst\u016br\u0105 ir ton\u0105<br data-start=\"3926\" data-end=\"3929\" \/>\u2714\ufe0f Padeda suma\u017einti pigmentacijos matomum\u0105<br data-start=\"3971\" data-end=\"3974\" \/>\u2714\ufe0f Skatina intensyv\u0173 odos atsinaujinim\u0105<\/p>\n","protected":false},"featured_media":88235,"template":"","meta":[],"pwb-brand":[1187],"product_brand":[],"product_cat":[750,752,724,728,1162],"product_tag":[],"giftcard-category":[],"class_list":{"0":"post-88255","1":"product","2":"type-product","3":"status-publish","4":"has-post-thumbnail","6":"pwb-brand-zo-skin-health","7":"product_cat-odos-senejimas","8":"product_cat-pigmentacija","9":"product_cat-serumai","10":"product_cat-vitaminas-a-retinolis","11":"product_cat-zo-skin-health","13":"first","14":"instock","15":"taxable","16":"shipping-taxable","17":"purchasable","18":"product-type-simple"},"acf":[],"brands":[{"id":1187,"name":"ZO\u00ae SKIN HEALTH","slug":"zo-skin-health"}],"_links":{"self":[{"href":"https:\/\/skinstudio.ee\/lt\/wp-json\/wp\/v2\/product\/88255","targetHints":{"allow":["GET"]}}],"collection":[{"href":"https:\/\/skinstudio.ee\/lt\/wp-json\/wp\/v2\/product"}],"about":[{"href":"https:\/\/skinstudio.ee\/lt\/wp-json\/wp\/v2\/types\/product"}],"version-history":[{"count":1,"href":"https:\/\/skinstudio.ee\/lt\/wp-json\/wp\/v2\/product\/88255\/revisions"}],"predecessor-version":[{"id":88256,"href":"https:\/\/skinstudio.ee\/lt\/wp-json\/wp\/v2\/product\/88255\/revisions\/88256"}],"wp:featuredmedia":[{"embeddable":true,"href":"https:\/\/skinstudio.ee\/lt\/wp-json\/wp\/v2\/media\/88235"}],"wp:attachment":[{"href":"https:\/\/skinstudio.ee\/lt\/wp-json\/wp\/v2\/media?parent=88255"}],"wp:term":[{"taxonomy":"pwb-brand","embeddable":true,"href":"https:\/\/skinstudio.ee\/lt\/wp-json\/wp\/v2\/pwb-brand?post=88255"},{"taxonomy":"product_brand","embeddable":true,"href":"https:\/\/skinstudio.ee\/lt\/wp-json\/wp\/v2\/product_brand?post=88255"},{"taxonomy":"product_cat","embeddable":true,"href":"https:\/\/skinstudio.ee\/lt\/wp-json\/wp\/v2\/product_cat?post=88255"},{"taxonomy":"product_tag","embeddable":true,"href":"https:\/\/skinstudio.ee\/lt\/wp-json\/wp\/v2\/product_tag?post=88255"},{"taxonomy":"giftcard-category","embeddable":true,"href":"https:\/\/skinstudio.ee\/lt\/wp-json\/wp\/v2\/giftcard-category?post=88255"}],"curies":[{"name":"wp","href":"https:\/\/api.w.org\/{rel}","templated":true}]}}