{"id":88276,"date":"2026-03-26T12:49:39","date_gmt":"2026-03-26T12:49:39","guid":{"rendered":"https:\/\/skinstudio.ee\/?post_type=product&#038;p=88276"},"modified":"2026-03-26T12:56:19","modified_gmt":"2026-03-26T12:56:19","slug":"radical-night-repair","status":"publish","type":"product","link":"https:\/\/skinstudio.ee\/lt\/catalog\/zo-skin-health\/radical-night-repair\/","title":{"rendered":"Radical Night Repair"},"content":{"rendered":"<p data-start=\"2394\" data-end=\"2752\"><strong data-start=\"2394\" data-end=\"2438\">Radical Night Repair nuo ZO\u00ae SKIN HEALTH<\/strong> &#8211; auk\u0161tos koncentracijos naktinis kremas su 1% retinoliu, skirtas intensyviam odos atsinaujinimui ir ry\u0161ki\u0173 sen\u0117jimo po\u017eymi\u0173 korekcijai. Formul\u0117 giliai veikia odos strukt\u016br\u0105, padeda \u017eenkliai suma\u017einti rauk\u0161li\u0173 matomum\u0105, pagerinti odos tank\u012f ir i\u0161lyginti tekst\u016br\u0105, suteikdama odai glotnesn\u0119 ir stangresn\u0119 i\u0161vaizd\u0105.<\/p>\n<p data-start=\"2754\" data-end=\"3045\">Priemon\u0117 u\u017etikrina maksimal\u0173 odos atsinaujinim\u0105, gerina ton\u0105 ir ma\u017eina pigmentacijos matomum\u0105, tuo pa\u010diu palaikydama odos balans\u0105 ir ma\u017eindama paraudim\u0105. Aktyvi\u0173j\u0173 komponent\u0173 kompleksas stiprina antioksidacin\u0119 apsaug\u0105 ir padeda odai geriau prisitaikyti prie didel\u0117s retinolio koncentracijos.<\/p>\n<p data-start=\"3047\" data-end=\"3094\"><strong data-start=\"3047\" data-end=\"3094\">Kaip veikia pagrindin\u0117s sudedamosios dalys?<\/strong><\/p>\n<ul data-start=\"3096\" data-end=\"3512\">\n<li data-section-id=\"19upmzq\" data-start=\"3096\" data-end=\"3229\"><strong data-start=\"3098\" data-end=\"3125\">1% Encapsulated Retinol<\/strong> &#8211; intensyviai skatina l\u0105steli\u0173 atsinaujinim\u0105, \u017eenkliai ma\u017eina rauk\u0161li\u0173 gyl\u012f ir i\u0161lygina odos tekst\u016br\u0105<\/li>\n<li data-section-id=\"mpludf\" data-start=\"3230\" data-end=\"3363\"><strong data-start=\"3232\" data-end=\"3293\">Antioxidant Complex (Vitamins C, E, A + plant stem cells)<\/strong> &#8211; suteikia stipri\u0105 antioksidacin\u0119 apsaug\u0105 ir palaiko odos atstatym\u0105<\/li>\n<li data-section-id=\"y7skp8\" data-start=\"3364\" data-end=\"3512\"><strong data-start=\"3366\" data-end=\"3441\">Soothing &amp; Barrier Support Complex (Zanthoxylum Bungeanum + plant oils)<\/strong> &#8211; padeda ma\u017einti paraudim\u0105, stiprina odos barjer\u0105 ir gerina komfort\u0105<\/li>\n<\/ul>\n<p data-start=\"3514\" data-end=\"3688\"><strong data-start=\"3514\" data-end=\"3548\">Kam tinka Radical Night Repair<\/strong> &#8211; odai su ry\u0161kiais sen\u0117jimo po\u017eymiais, nelygia tekst\u016bra, suma\u017e\u0117jusiu stangrumu ir pigmentacija, taip pat patyrusiems retinolio vartotojams.<\/p>\n<p data-start=\"3690\" data-end=\"3706\"><strong data-start=\"3690\" data-end=\"3706\">T\u016bris: 60 ml<\/strong><\/p>\n","protected":false},"excerpt":{"rendered":"<p data-start=\"3998\" data-end=\"4199\"><span style=\"color: #ff0000;\"><strong>NB!<\/strong> Produkt\u0105 galima \u012fsigyti tik po specialisto konsultacijos. Skambinkite numeriu +372 58 500 171 arba palikite u\u017eklaus\u0105 <a class=\"decorated-link cursor-pointer\" style=\"color: #ff0000;\" href=\"mailto:info@skinstudio.ee\" rel=\"noopener\" data-start=\"4119\" data-end=\"4137\">info@skinstudio.ee<\/a>. M\u016bs\u0173 konsultantai pad\u0117s \u012fsigyti \u0161io prek\u0117s \u017eenklo produktus.<\/span><\/p>\n<p data-start=\"4201\" data-end=\"4237\">Intensyvus retinolio naktinis kremas<\/p>\n<h2 data-start=\"4239\" data-end=\"4289\"><strong data-start=\"4239\" data-end=\"4289\">ZO\u00ae SKIN HEALTH &#8211; Radical Night Repair Savyb\u0117s<\/strong><\/h2>\n<p data-start=\"4291\" data-end=\"4461\">\u2714\ufe0f \u017denkliai ma\u017eina rauk\u0161li\u0173 gyl\u012f<br data-start=\"4323\" data-end=\"4326\" \/>\u2714\ufe0f Skatina odos atsinaujinim\u0105<br data-start=\"4355\" data-end=\"4358\" \/>\u2714\ufe0f I\u0161lygina tekst\u016br\u0105 ir ton\u0105<br data-start=\"4386\" data-end=\"4389\" \/>\u2714\ufe0f Gerina odos stangrum\u0105 ir tank\u012f<br data-start=\"4422\" data-end=\"4425\" \/>\u2714\ufe0f Stiprina antioksidacin\u0119 apsaug\u0105<\/p>\n","protected":false},"featured_media":88267,"template":"","meta":[],"pwb-brand":[1187],"product_brand":[],"product_cat":[752,750,724,728,1162],"product_tag":[],"giftcard-category":[],"class_list":{"0":"post-88276","1":"product","2":"type-product","3":"status-publish","4":"has-post-thumbnail","6":"pwb-brand-zo-skin-health","7":"product_cat-pigmentacija-lt","8":"product_cat-senstanti-oda","9":"product_cat-serumai","10":"product_cat-vitaminas-a-retinolis","11":"product_cat-zo-skin-health-lt","13":"first","14":"instock","15":"sale","16":"taxable","17":"shipping-taxable","18":"purchasable","19":"product-type-simple"},"acf":[],"brands":[{"id":1187,"name":"ZO\u00ae SKIN HEALTH","slug":"zo-skin-health"}],"_links":{"self":[{"href":"https:\/\/skinstudio.ee\/lt\/wp-json\/wp\/v2\/product\/88276","targetHints":{"allow":["GET"]}}],"collection":[{"href":"https:\/\/skinstudio.ee\/lt\/wp-json\/wp\/v2\/product"}],"about":[{"href":"https:\/\/skinstudio.ee\/lt\/wp-json\/wp\/v2\/types\/product"}],"version-history":[{"count":1,"href":"https:\/\/skinstudio.ee\/lt\/wp-json\/wp\/v2\/product\/88276\/revisions"}],"predecessor-version":[{"id":88277,"href":"https:\/\/skinstudio.ee\/lt\/wp-json\/wp\/v2\/product\/88276\/revisions\/88277"}],"wp:featuredmedia":[{"embeddable":true,"href":"https:\/\/skinstudio.ee\/lt\/wp-json\/wp\/v2\/media\/88267"}],"wp:attachment":[{"href":"https:\/\/skinstudio.ee\/lt\/wp-json\/wp\/v2\/media?parent=88276"}],"wp:term":[{"taxonomy":"pwb-brand","embeddable":true,"href":"https:\/\/skinstudio.ee\/lt\/wp-json\/wp\/v2\/pwb-brand?post=88276"},{"taxonomy":"product_brand","embeddable":true,"href":"https:\/\/skinstudio.ee\/lt\/wp-json\/wp\/v2\/product_brand?post=88276"},{"taxonomy":"product_cat","embeddable":true,"href":"https:\/\/skinstudio.ee\/lt\/wp-json\/wp\/v2\/product_cat?post=88276"},{"taxonomy":"product_tag","embeddable":true,"href":"https:\/\/skinstudio.ee\/lt\/wp-json\/wp\/v2\/product_tag?post=88276"},{"taxonomy":"giftcard-category","embeddable":true,"href":"https:\/\/skinstudio.ee\/lt\/wp-json\/wp\/v2\/giftcard-category?post=88276"}],"curies":[{"name":"wp","href":"https:\/\/api.w.org\/{rel}","templated":true}]}}