{"id":88920,"date":"2026-03-30T11:04:31","date_gmt":"2026-03-30T11:04:31","guid":{"rendered":"https:\/\/skinstudio.ee\/?post_type=product&#038;p=88920"},"modified":"2026-03-30T11:34:37","modified_gmt":"2026-03-30T11:34:37","slug":"superbiotic-regenerating-cream-pod","status":"publish","type":"product","link":"https:\/\/skinstudio.ee\/lt\/catalog\/instytutum\/superbiotic-regenerating-cream-pod\/","title":{"rendered":"SuperBiotic Regenerating Cream POD"},"content":{"rendered":"<p data-start=\"2529\" data-end=\"2842\"><strong data-start=\"2529\" data-end=\"2582\">SuperBiotic Regenerating Cream POD nuo Instytutum<\/strong> &#8211; naujos kartos atkuriamojo kremo refill versija su keramidais, pre- ir probiotikais, skirta odos barjero stiprinimui ir mikrobiomo balanso atk\u016brimui. Formul\u0117 veikia jautrumo prie\u017eastis, pad\u0117dama suma\u017einti paraudim\u0105, sudirginim\u0105 ir ankstyvo sen\u0117jimo po\u017eymius.<\/p>\n<p data-start=\"2844\" data-end=\"3066\">Kremas veikia pagal INSIDE &amp; OUT Technology princip\u0105: palaiko aktyvi\u0173j\u0173 med\u017eiag\u0173 stabilum\u0105, stiprina odos apsaugines funkcijas ir skatina atsinaujinim\u0105. Oda tampa atsparesn\u0117, ma\u017e\u0117ja reaktyvumas, ger\u0117ja jos tonas ir tankis.<\/p>\n<p data-start=\"3068\" data-end=\"3202\">Tinka kasdieniam naudojimui bei odos atstatymui po r\u016bg\u0161\u010di\u0173, retinolio ir intensyvi\u0173 proced\u016br\u0173, u\u017etikrinant komfort\u0105 net jautriai odai.<\/p>\n<p data-start=\"3204\" data-end=\"3235\"><strong>Pagrindini\u0173 komponent\u0173 veikimas:<\/strong><\/p>\n<p data-start=\"3237\" data-end=\"3365\"><strong data-start=\"3237\" data-end=\"3294\">3% Pre- &amp; Probiotics Complex + 3% Brown Algae Extract<\/strong> &#8211; atkuria mikrobiom\u0105, aktyvina regeneracij\u0105 ir didina odos atsparum\u0105<\/p>\n<p data-start=\"3367\" data-end=\"3530\"><strong data-start=\"3367\" data-end=\"3454\">Barrier &amp; Protection Complex (Plant Ceramides + Squalane + Cherimoya + Albatrellus)<\/strong> &#8211; stiprina odos barjer\u0105, ma\u017eina jautrum\u0105 ir apsaugo nuo dr\u0117gm\u0117s praradimo<\/p>\n<p data-start=\"3532\" data-end=\"3670\"><strong data-start=\"3532\" data-end=\"3591\">Polyglutamic Acid + Provitamin B5 + antioxidant complex<\/strong> &#8211; u\u017etikrina gil\u0173 dr\u0117kinim\u0105, gerina elastingum\u0105 ir palaiko odos atsinaujinim\u0105<\/p>\n<p data-start=\"3672\" data-end=\"3898\">Kam tinka SuperBiotic Regenerating Cream: vis\u0173 tip\u0173 odai, ypa\u010d jautriai ir reaktyviai, linkusiai \u012f paraudim\u0105, sudirginim\u0105 ir barjero pa\u017eeidimus. Tinka atstatymui po r\u016bg\u0161\u010di\u0173, retinolio ir piling\u0173 bei kasdieninei prie\u017ei\u016brai.<\/p>\n<p data-start=\"3900\" data-end=\"3921\"><strong>T\u016bris:<\/strong> 50 ml (refill)<\/p>\n","protected":false},"excerpt":{"rendered":"<p data-start=\"4215\" data-end=\"4263\">Atkuriamojo kremo su keramidais refill versija<\/p>\n<h2 data-start=\"4265\" data-end=\"4324\"><strong data-start=\"4265\" data-end=\"4324\">INSTYTUTUM &#8211; SuperBiotic Regenerating Cream Savyb\u0117s<\/strong><\/h2>\n<p data-start=\"4326\" data-end=\"4537\">\u2714\ufe0f Stiprina odos barjer\u0105 ir ma\u017eina jautrum\u0105<br data-start=\"4369\" data-end=\"4372\" \/>\u2714\ufe0f Atkuria odos mikrobiomo balans\u0105<br data-start=\"4406\" data-end=\"4409\" \/>\u2714\ufe0f Ma\u017eina paraudim\u0105 ir u\u017edegimines reakcijas<br data-start=\"4453\" data-end=\"4456\" \/>\u2714\ufe0f Intensyviai dr\u0117kina ir gerina elastingum\u0105<br data-start=\"4500\" data-end=\"4503\" \/>\u2714\ufe0f Didina odos atsparum\u0105 stresui<\/p>\n<p data-start=\"4539\" data-end=\"4580\"><span style=\"text-decoration: underline; color: #0000ff;\"><a style=\"color: #0000ff; text-decoration: underline;\" href=\"https:\/\/skinstudio.ee\/lt\/catalog\/instytutum\/superbiotic-regenerating-cream-next-gen\/\">Taip pat prieinama pilno dyd\u017eio versija!<\/a><\/span><\/p>\n<p data-start=\"4649\" data-end=\"4684\">\n","protected":false},"featured_media":88901,"template":"","meta":[],"pwb-brand":[1208],"product_brand":[],"product_cat":[742,738,746,1407,750,748],"product_tag":[],"giftcard-category":[],"class_list":{"0":"post-88920","1":"product","2":"type-product","3":"status-publish","4":"has-post-thumbnail","6":"pwb-brand-instytutum","7":"product_cat-berimai","8":"product_cat-drekinimas","9":"product_cat-jautriai-odai","10":"product_cat-naujiena","11":"product_cat-senstanti-oda","12":"product_cat-taukainai-adai-lt","14":"first","15":"instock","16":"taxable","17":"shipping-taxable","18":"purchasable","19":"product-type-simple"},"acf":[],"brands":[{"id":1208,"name":"Instytutum","slug":"instytutum"}],"_links":{"self":[{"href":"https:\/\/skinstudio.ee\/lt\/wp-json\/wp\/v2\/product\/88920","targetHints":{"allow":["GET"]}}],"collection":[{"href":"https:\/\/skinstudio.ee\/lt\/wp-json\/wp\/v2\/product"}],"about":[{"href":"https:\/\/skinstudio.ee\/lt\/wp-json\/wp\/v2\/types\/product"}],"version-history":[{"count":2,"href":"https:\/\/skinstudio.ee\/lt\/wp-json\/wp\/v2\/product\/88920\/revisions"}],"predecessor-version":[{"id":88922,"href":"https:\/\/skinstudio.ee\/lt\/wp-json\/wp\/v2\/product\/88920\/revisions\/88922"}],"wp:featuredmedia":[{"embeddable":true,"href":"https:\/\/skinstudio.ee\/lt\/wp-json\/wp\/v2\/media\/88901"}],"wp:attachment":[{"href":"https:\/\/skinstudio.ee\/lt\/wp-json\/wp\/v2\/media?parent=88920"}],"wp:term":[{"taxonomy":"pwb-brand","embeddable":true,"href":"https:\/\/skinstudio.ee\/lt\/wp-json\/wp\/v2\/pwb-brand?post=88920"},{"taxonomy":"product_brand","embeddable":true,"href":"https:\/\/skinstudio.ee\/lt\/wp-json\/wp\/v2\/product_brand?post=88920"},{"taxonomy":"product_cat","embeddable":true,"href":"https:\/\/skinstudio.ee\/lt\/wp-json\/wp\/v2\/product_cat?post=88920"},{"taxonomy":"product_tag","embeddable":true,"href":"https:\/\/skinstudio.ee\/lt\/wp-json\/wp\/v2\/product_tag?post=88920"},{"taxonomy":"giftcard-category","embeddable":true,"href":"https:\/\/skinstudio.ee\/lt\/wp-json\/wp\/v2\/giftcard-category?post=88920"}],"curies":[{"name":"wp","href":"https:\/\/api.w.org\/{rel}","templated":true}]}}