{"id":89631,"date":"2026-04-04T09:29:12","date_gmt":"2026-04-04T09:29:12","guid":{"rendered":"https:\/\/skinstudio.ee\/?post_type=product&#038;p=89631"},"modified":"2026-04-04T09:34:20","modified_gmt":"2026-04-04T09:34:20","slug":"neurosmooth","status":"publish","type":"product","link":"https:\/\/skinstudio.ee\/lt\/catalog\/marini-skinsolutions\/neurosmooth\/","title":{"rendered":"NeuroSmooth\u2122"},"content":{"rendered":"<p data-start=\"2159\" data-end=\"2517\"><strong data-start=\"2159\" data-end=\"2200\">NeuroSmooth\u2122 nuo Marini SkinSolutions<\/strong> yra pa\u017eangus daugiafunkcis serumas su neuropeptidais, skirtas odos tekst\u016brai i\u0161lyginti ir \u201eglass skin\u201c efektui sukurti. Formul\u0117 veikia pagrindinius mechanizmus, lemian\u010dius por\u0173 matomum\u0105, \u012fskaitant mikromuskulinius susitraukimus ir odos tankio suma\u017e\u0117jim\u0105, suteikdama tolygesn\u0119, pails\u0117jusi\u0105 ir jaunatvi\u0161kesn\u0119 i\u0161vaizd\u0105.<\/p>\n<p data-start=\"2519\" data-end=\"2885\">Serumas sujungia neuromoduliuojan\u010dius peptidus, kolageno palaikymo komponentus ir atkuriam\u0105sias technologijas, kurios padeda suma\u017einti por\u0173 matomum\u0105, pagerinti odos ton\u0105 ir tekst\u016br\u0105. Papildomi raminamieji ir antioksidaciniai kompleksai ma\u017eina paraudim\u0105, stiprina od\u0105 ir didina jos atsparum\u0105 i\u0161oriniams veiksniams. Oda tampa tankesn\u0117, skaistesn\u0117 ir vizualiai lygesn\u0117.<\/p>\n<p data-start=\"2887\" data-end=\"2936\"><strong data-start=\"2887\" data-end=\"2936\">Kaip veikia pagrindiniai aktyv\u016bs komponentai?<\/strong><\/p>\n<ul data-start=\"2938\" data-end=\"3282\">\n<li data-section-id=\"111ed8f\" data-start=\"2938\" data-end=\"3078\"><strong data-start=\"2940\" data-end=\"2987\">Neuromodulating Peptides + Collagen Support<\/strong> &#8211; padeda reguliuoti mikromuskulin\u0119 veikl\u0105 ir palaiko odos tank\u012f, ma\u017eindami por\u0173 matomum\u0105<\/li>\n<li data-section-id=\"9kj91k\" data-start=\"3079\" data-end=\"3169\"><strong data-start=\"3081\" data-end=\"3113\">Soothing + Recovery Peptides<\/strong> &#8211; ramina od\u0105, ma\u017eina paraudim\u0105 ir skatina atsistatym\u0105<\/li>\n<li data-section-id=\"7sep5i\" data-start=\"3170\" data-end=\"3282\"><strong data-start=\"3172\" data-end=\"3212\">Antioxidants + Essential Fatty Acids<\/strong> &#8211; gerina odos ton\u0105, saugo nuo oksidacinio streso ir didina komfort\u0105<\/li>\n<\/ul>\n<p data-start=\"3284\" data-end=\"3419\"><strong data-start=\"3284\" data-end=\"3310\">Kam tinka NeuroSmooth\u2122<\/strong> &#8211; vis\u0173 tip\u0173 odai, \u012fskaitant mi\u0161ri\u0105, saus\u0105 ir riebi\u0105 od\u0105, ypa\u010d esant matomoms poroms ir nelygiai tekst\u016brai.<\/p>\n<p data-start=\"3421\" data-end=\"3437\"><strong data-start=\"3421\" data-end=\"3437\">T\u016bris: 30 ml<\/strong><\/p>\n","protected":false},"excerpt":{"rendered":"<p data-start=\"3518\" data-end=\"3552\">Odos tekst\u016br\u0105 lyginantis serumas<\/p>\n<h2 data-start=\"3554\" data-end=\"3601\"><strong data-start=\"3554\" data-end=\"3601\">Marini SkinSolutions &#8211; NeuroSmooth\u2122 Savyb\u0117s<\/strong><\/h2>\n<p data-start=\"3603\" data-end=\"3786\">\u2714\ufe0f Vizualiai suma\u017eina por\u0173 matomum\u0105<br data-start=\"3638\" data-end=\"3641\" \/>\u2714\ufe0f I\u0161lygina odos tekst\u016br\u0105 ir ton\u0105<br data-start=\"3674\" data-end=\"3677\" \/>\u2714\ufe0f Suteikia odai glotnumo ir spindesio<br data-start=\"3715\" data-end=\"3718\" \/>\u2714\ufe0f Ma\u017eina paraudim\u0105 ir jautrum\u0105<br data-start=\"3749\" data-end=\"3752\" \/>\u2714\ufe0f Tinka po proced\u016br\u0173 naudojimui<\/p>\n","protected":false},"featured_media":89618,"template":"","meta":[],"pwb-brand":[1246],"product_brand":[],"product_cat":[1407,750,724],"product_tag":[],"giftcard-category":[],"class_list":{"0":"post-89631","1":"product","2":"type-product","3":"status-publish","4":"has-post-thumbnail","6":"pwb-brand-marini-skinsolutions","7":"product_cat-naujiena","8":"product_cat-senstanti-oda","9":"product_cat-serumai","11":"first","12":"instock","13":"taxable","14":"shipping-taxable","15":"purchasable","16":"product-type-simple"},"acf":[],"brands":[{"id":1246,"name":"MARINI SKINSOLUTIONS","slug":"marini-skinsolutions"}],"_links":{"self":[{"href":"https:\/\/skinstudio.ee\/lt\/wp-json\/wp\/v2\/product\/89631","targetHints":{"allow":["GET"]}}],"collection":[{"href":"https:\/\/skinstudio.ee\/lt\/wp-json\/wp\/v2\/product"}],"about":[{"href":"https:\/\/skinstudio.ee\/lt\/wp-json\/wp\/v2\/types\/product"}],"version-history":[{"count":2,"href":"https:\/\/skinstudio.ee\/lt\/wp-json\/wp\/v2\/product\/89631\/revisions"}],"predecessor-version":[{"id":89633,"href":"https:\/\/skinstudio.ee\/lt\/wp-json\/wp\/v2\/product\/89631\/revisions\/89633"}],"wp:featuredmedia":[{"embeddable":true,"href":"https:\/\/skinstudio.ee\/lt\/wp-json\/wp\/v2\/media\/89618"}],"wp:attachment":[{"href":"https:\/\/skinstudio.ee\/lt\/wp-json\/wp\/v2\/media?parent=89631"}],"wp:term":[{"taxonomy":"pwb-brand","embeddable":true,"href":"https:\/\/skinstudio.ee\/lt\/wp-json\/wp\/v2\/pwb-brand?post=89631"},{"taxonomy":"product_brand","embeddable":true,"href":"https:\/\/skinstudio.ee\/lt\/wp-json\/wp\/v2\/product_brand?post=89631"},{"taxonomy":"product_cat","embeddable":true,"href":"https:\/\/skinstudio.ee\/lt\/wp-json\/wp\/v2\/product_cat?post=89631"},{"taxonomy":"product_tag","embeddable":true,"href":"https:\/\/skinstudio.ee\/lt\/wp-json\/wp\/v2\/product_tag?post=89631"},{"taxonomy":"giftcard-category","embeddable":true,"href":"https:\/\/skinstudio.ee\/lt\/wp-json\/wp\/v2\/giftcard-category?post=89631"}],"curies":[{"name":"wp","href":"https:\/\/api.w.org\/{rel}","templated":true}]}}