{"id":89909,"date":"2026-04-08T08:58:49","date_gmt":"2026-04-08T08:58:49","guid":{"rendered":"https:\/\/skinstudio.ee\/?post_type=product&#038;p=89909"},"modified":"2026-04-08T09:03:42","modified_gmt":"2026-04-08T09:03:42","slug":"vol-u-lift-glp-1-4d-skin-rebound-complex","status":"publish","type":"product","link":"https:\/\/skinstudio.ee\/lt\/catalog\/image-skincare\/vol-u-lift-glp-1-4d-skin-rebound-complex\/","title":{"rendered":"VOL.U.LIFT\u2122 GLP-1 4D Skin Rebound Complex"},"content":{"rendered":"<p data-start=\"2767\" data-end=\"3295\"><strong data-start=\"2767\" data-end=\"2831\">VOL.U.LIFT\u2122 GLP-1 4D Skin Rebound Complex nuo Image Skincare<\/strong> &#8211; daugiafunkcis veido kremas, skirtas atkurti odos tank\u012f, elastingum\u0105 ir apimt\u012f bei koreguoti poky\u010dius, susijusius su apimties praradimu ir odos tekst\u016bros blog\u0117jimu. Formul\u0117 padeda suma\u017einti odos suglebim\u0105, sausum\u0105, gilias rauk\u0161les ir suplon\u0117jusi\u0105 od\u0105, suteikdama jai lygesn\u0119, stangresn\u0119 ir pilnesn\u0119 i\u0161vaizd\u0105. Aminor\u016bg\u0161\u010di\u0173, bakuchiolo, augalinio kolageno fragment\u0173 ir naujos kartos hialurono r\u016bg\u0161ties derinys padeda pagerinti veido kont\u016brus ir bendr\u0105 odos kokyb\u0119.<\/p>\n<p data-start=\"3297\" data-end=\"3469\">Klinikiniai rezultatai: veido apimties padid\u0117jimas 20,1%; stangrumo padid\u0117jimas 22,5%; elastingumo padid\u0117jimas 23,2%; rauk\u0161li\u0173 suma\u017e\u0117jimas 20,7%; dr\u0117gm\u0117s padid\u0117jimas 21,8%.<\/p>\n<p data-start=\"3471\" data-end=\"3497\"><strong data-start=\"3471\" data-end=\"3497\">Veikliosios med\u017eiagos:<\/strong><\/p>\n<ul data-start=\"3499\" data-end=\"3927\">\n<li data-section-id=\"1lhqpx9\" data-start=\"3499\" data-end=\"3659\"><strong data-start=\"3501\" data-end=\"3521\">XOSM\u2122 Technology<\/strong> &#8211; sustiprina formul\u0117s veikim\u0105 naudodama kapsuliuotus antioksidantus, palaiko odos barjer\u0105 ir padeda i\u0161laikyti odos tank\u012f bei atsparum\u0105.<\/li>\n<li data-section-id=\"1w9r8xf\" data-start=\"3660\" data-end=\"3773\"><strong data-start=\"3662\" data-end=\"3677\">L-ornitinas<\/strong> &#8211; padeda pagerinti odos tank\u012f ir suteikia pilnesn\u0119 i\u0161vaizd\u0105 vietose, kuriose prarastas t\u016bris.<\/li>\n<li data-section-id=\"1oriq8u\" data-start=\"3774\" data-end=\"3927\"><strong data-start=\"3776\" data-end=\"3834\">Bakuchiol + HA Silanol + augalinio kolageno fragmentai<\/strong> &#8211; intensyviai atkuria od\u0105, lygina rauk\u0161les, gerina elastingum\u0105 ir suteikia gil\u0173 dr\u0117kinim\u0105.<\/li>\n<\/ul>\n<p data-start=\"3929\" data-end=\"4152\"><strong data-start=\"3929\" data-end=\"3987\">Kam skirtas VOL.U.LIFT\u2122 GLP-1 4D Skin Rebound Complex:<\/strong> vis\u0173 tip\u0173 odai, ypa\u010d esant t\u016brio praradimui, suglebimui, rauk\u0161l\u0117ms, dehidratacijai ir suma\u017e\u0117jusiam odos tankiui, taip pat poky\u010diams, susijusiems su GLP-1 naudojimu.<\/p>\n<p data-start=\"4154\" data-end=\"4169\"><strong data-start=\"4154\" data-end=\"4164\">T\u016bris:<\/strong> 57 g<\/p>\n","protected":false},"excerpt":{"rendered":"<p data-start=\"4885\" data-end=\"4933\">Stangrinantis ir apimt\u012f atkuriantis veido kremas<\/p>\n<h2 data-start=\"4935\" data-end=\"5005\"><strong data-start=\"4935\" data-end=\"5005\">Image Skincare &#8211; VOL.U.LIFT\u2122 GLP-1 4D Skin Rebound Complex Savyb\u0117s<\/strong><\/h2>\n<p data-start=\"5007\" data-end=\"5185\">\u2714\ufe0f Atkuria odos apimt\u012f ir tank\u012f<br data-start=\"5038\" data-end=\"5041\" \/>\u2714\ufe0f Stangrina ir pakelia veido kont\u016brus<br data-start=\"5079\" data-end=\"5082\" \/>\u2714\ufe0f Lygina gilias rauk\u0161les<br data-start=\"5107\" data-end=\"5110\" \/>\u2714\ufe0f Intensyviai dr\u0117kina ir maitina od\u0105<br data-start=\"5147\" data-end=\"5150\" \/>\u2714\ufe0f Gerina odos tekst\u016br\u0105 ir kokyb\u0119<\/p>\n","protected":false},"featured_media":89881,"template":"","meta":[],"pwb-brand":[1135],"product_brand":[],"product_cat":[738,1407,740,750],"product_tag":[],"giftcard-category":[],"class_list":{"0":"post-89909","1":"product","2":"type-product","3":"status-publish","4":"has-post-thumbnail","6":"pwb-brand-image-skincare","7":"product_cat-drekinimas","8":"product_cat-naujiena","9":"product_cat-sausai-odai","10":"product_cat-senstanti-oda","12":"first","13":"instock","14":"sale","15":"taxable","16":"shipping-taxable","17":"purchasable","18":"product-type-simple"},"acf":[],"brands":[{"id":1135,"name":"Image Skincare","slug":"image-skincare"}],"_links":{"self":[{"href":"https:\/\/skinstudio.ee\/lt\/wp-json\/wp\/v2\/product\/89909","targetHints":{"allow":["GET"]}}],"collection":[{"href":"https:\/\/skinstudio.ee\/lt\/wp-json\/wp\/v2\/product"}],"about":[{"href":"https:\/\/skinstudio.ee\/lt\/wp-json\/wp\/v2\/types\/product"}],"version-history":[{"count":1,"href":"https:\/\/skinstudio.ee\/lt\/wp-json\/wp\/v2\/product\/89909\/revisions"}],"predecessor-version":[{"id":89910,"href":"https:\/\/skinstudio.ee\/lt\/wp-json\/wp\/v2\/product\/89909\/revisions\/89910"}],"wp:featuredmedia":[{"embeddable":true,"href":"https:\/\/skinstudio.ee\/lt\/wp-json\/wp\/v2\/media\/89881"}],"wp:attachment":[{"href":"https:\/\/skinstudio.ee\/lt\/wp-json\/wp\/v2\/media?parent=89909"}],"wp:term":[{"taxonomy":"pwb-brand","embeddable":true,"href":"https:\/\/skinstudio.ee\/lt\/wp-json\/wp\/v2\/pwb-brand?post=89909"},{"taxonomy":"product_brand","embeddable":true,"href":"https:\/\/skinstudio.ee\/lt\/wp-json\/wp\/v2\/product_brand?post=89909"},{"taxonomy":"product_cat","embeddable":true,"href":"https:\/\/skinstudio.ee\/lt\/wp-json\/wp\/v2\/product_cat?post=89909"},{"taxonomy":"product_tag","embeddable":true,"href":"https:\/\/skinstudio.ee\/lt\/wp-json\/wp\/v2\/product_tag?post=89909"},{"taxonomy":"giftcard-category","embeddable":true,"href":"https:\/\/skinstudio.ee\/lt\/wp-json\/wp\/v2\/giftcard-category?post=89909"}],"curies":[{"name":"wp","href":"https:\/\/api.w.org\/{rel}","templated":true}]}}