{"id":89925,"date":"2026-04-08T09:09:43","date_gmt":"2026-04-08T09:09:43","guid":{"rendered":"https:\/\/skinstudio.ee\/?post_type=product&#038;p=89925"},"modified":"2026-04-08T09:13:07","modified_gmt":"2026-04-08T09:13:07","slug":"md-biotech-longevity-creme","status":"publish","type":"product","link":"https:\/\/skinstudio.ee\/lt\/catalog\/image-skincare\/md-biotech-longevity-creme\/","title":{"rendered":"MD Biotech Longevity Creme"},"content":{"rendered":"<p data-start=\"2188\" data-end=\"2615\"><strong data-start=\"2188\" data-end=\"2237\">MD Biotech Longevity Creme nuo Image Skincare<\/strong> &#8211; biotechnologi\u0161kai sukurtas veido kremas, skirtas palaikyti odos tank\u012f, elastingum\u0105 ir bendr\u0105 odos gyvybingum\u0105. Formul\u0117 padeda pagerinti odos i\u0161vaizd\u0105, suteikdama jai glotnumo, stangrumo ir didesn\u012f atsparum\u0105 i\u0161oriniams veiksniams. Phyto NAD+ booster, antioksidantai ir biotechnologiniai aktyv\u016bs komponentai padeda didinti odos energijos lyg\u012f ir suteikia jai gaivesn\u0119 i\u0161vaizd\u0105.<\/p>\n<p data-start=\"2617\" data-end=\"2962\">Klinikiniai rezultatai: odos stangrumo padid\u0117jimas <strong data-start=\"2668\" data-end=\"2675\">31%<\/strong> per 8 savaites; elastingumo padid\u0117jimas iki <strong data-start=\"2720\" data-end=\"2729\">17,4%<\/strong>; odos atsistatymo geb\u0117jimo pager\u0117jimas iki <strong data-start=\"2773\" data-end=\"2782\">13,7%<\/strong>; dr\u0117gm\u0117s padid\u0117jimas iki <strong data-start=\"2808\" data-end=\"2815\">28%<\/strong>; odos barjero stiprinimas ir dr\u0117gm\u0117s praradimo suma\u017e\u0117jimas per 4 savaites; odos tankio pager\u0117jimas su i\u0161matuojamais rezultatais jau po 4 savai\u010di\u0173.<\/p>\n<p data-start=\"2964\" data-end=\"2990\"><strong data-start=\"2964\" data-end=\"2990\">Veikliosios med\u017eiagos:<\/strong><\/p>\n<ul data-start=\"2992\" data-end=\"3389\">\n<li data-section-id=\"165rxla\" data-start=\"2992\" data-end=\"3115\"><strong data-start=\"2994\" data-end=\"3014\">XOSM\u2122 Technology<\/strong> &#8211; stiprina antioksidant\u0173 veikim\u0105, palaiko odos barjer\u0105, ma\u017eina paraudim\u0105 ir didina odos atsparum\u0105.<\/li>\n<li data-section-id=\"n6cnmc\" data-start=\"3116\" data-end=\"3237\"><strong data-start=\"3118\" data-end=\"3140\">Phyto NAD+ Booster<\/strong> &#8211; palaiko nat\u016bral\u0173 odos energijos lyg\u012f, padeda gerinti stangrum\u0105 ir ma\u017einti sen\u0117jimo po\u017eymius.<\/li>\n<li data-section-id=\"jld3gk\" data-start=\"3238\" data-end=\"3389\"><strong data-start=\"3240\" data-end=\"3297\">Genomic AI Longevity Flavonoid + Lapacho Bark Extract<\/strong> &#8211; padeda apsaugoti od\u0105 nuo aplinkos veiksni\u0173, gerina odos atsparum\u0105 ir palaiko dr\u0117kinim\u0105.<\/li>\n<\/ul>\n<p data-start=\"3391\" data-end=\"3544\"><strong data-start=\"3391\" data-end=\"3434\">Kam skirtas MD Biotech Longevity Creme:<\/strong> vis\u0173 tip\u0173 odai, ypa\u010d esant sen\u0117jimo po\u017eymiams, elastingumo suma\u017e\u0117jimui, papilk\u0117jusiai odai ir dehidratacijai.<\/p>\n<p data-start=\"3546\" data-end=\"3561\"><strong data-start=\"3546\" data-end=\"3556\">T\u016bris:<\/strong> 50 g<\/p>\n","protected":false},"excerpt":{"rendered":"<p data-start=\"3740\" data-end=\"3783\">Stangrinamasis ir dr\u0117kinamasis veido kremas<\/p>\n<h2 data-start=\"3785\" data-end=\"3840\"><strong data-start=\"3785\" data-end=\"3840\">Image Skincare &#8211; MD Biotech Longevity Creme Savyb\u0117s<\/strong><\/h2>\n<p data-start=\"3842\" data-end=\"4032\">\u2714\ufe0f Gerina odos stangrum\u0105 ir tank\u012f<br data-start=\"3875\" data-end=\"3878\" \/>\u2714\ufe0f Didina elastingum\u0105 ir atsparum\u0105<br data-start=\"3912\" data-end=\"3915\" \/>\u2714\ufe0f Intensyviai dr\u0117kina ir maitina od\u0105<br data-start=\"3952\" data-end=\"3955\" \/>\u2714\ufe0f Stiprina odos apsaugin\u012f barjer\u0105<br data-start=\"3989\" data-end=\"3992\" \/>\u2714\ufe0f Suteikia odai glotnumo ir spindesio<\/p>\n","protected":false},"featured_media":89916,"template":"","meta":[],"pwb-brand":[1135],"product_brand":[],"product_cat":[738,1407,740,750],"product_tag":[],"giftcard-category":[],"class_list":{"0":"post-89925","1":"product","2":"type-product","3":"status-publish","4":"has-post-thumbnail","6":"pwb-brand-image-skincare","7":"product_cat-drekinimas","8":"product_cat-naujiena","9":"product_cat-sausai-odai","10":"product_cat-senstanti-oda","12":"first","13":"instock","14":"sale","15":"taxable","16":"shipping-taxable","17":"purchasable","18":"product-type-simple"},"acf":[],"brands":[{"id":1135,"name":"Image Skincare","slug":"image-skincare"}],"_links":{"self":[{"href":"https:\/\/skinstudio.ee\/lt\/wp-json\/wp\/v2\/product\/89925","targetHints":{"allow":["GET"]}}],"collection":[{"href":"https:\/\/skinstudio.ee\/lt\/wp-json\/wp\/v2\/product"}],"about":[{"href":"https:\/\/skinstudio.ee\/lt\/wp-json\/wp\/v2\/types\/product"}],"version-history":[{"count":1,"href":"https:\/\/skinstudio.ee\/lt\/wp-json\/wp\/v2\/product\/89925\/revisions"}],"predecessor-version":[{"id":89926,"href":"https:\/\/skinstudio.ee\/lt\/wp-json\/wp\/v2\/product\/89925\/revisions\/89926"}],"wp:featuredmedia":[{"embeddable":true,"href":"https:\/\/skinstudio.ee\/lt\/wp-json\/wp\/v2\/media\/89916"}],"wp:attachment":[{"href":"https:\/\/skinstudio.ee\/lt\/wp-json\/wp\/v2\/media?parent=89925"}],"wp:term":[{"taxonomy":"pwb-brand","embeddable":true,"href":"https:\/\/skinstudio.ee\/lt\/wp-json\/wp\/v2\/pwb-brand?post=89925"},{"taxonomy":"product_brand","embeddable":true,"href":"https:\/\/skinstudio.ee\/lt\/wp-json\/wp\/v2\/product_brand?post=89925"},{"taxonomy":"product_cat","embeddable":true,"href":"https:\/\/skinstudio.ee\/lt\/wp-json\/wp\/v2\/product_cat?post=89925"},{"taxonomy":"product_tag","embeddable":true,"href":"https:\/\/skinstudio.ee\/lt\/wp-json\/wp\/v2\/product_tag?post=89925"},{"taxonomy":"giftcard-category","embeddable":true,"href":"https:\/\/skinstudio.ee\/lt\/wp-json\/wp\/v2\/giftcard-category?post=89925"}],"curies":[{"name":"wp","href":"https:\/\/api.w.org\/{rel}","templated":true}]}}