{"id":89966,"date":"2026-04-08T09:29:00","date_gmt":"2026-04-08T09:29:00","guid":{"rendered":"https:\/\/skinstudio.ee\/?post_type=product&#038;p=89966"},"modified":"2026-04-08T09:32:37","modified_gmt":"2026-04-08T09:32:37","slug":"md-gentle-cleansing-balm","status":"publish","type":"product","link":"https:\/\/skinstudio.ee\/lt\/catalog\/image-skincare\/md-gentle-cleansing-balm\/","title":{"rendered":"MD Gentle Cleansing Balm"},"content":{"rendered":"<p data-start=\"2072\" data-end=\"2465\"><strong data-start=\"2072\" data-end=\"2119\">MD Gentle Cleansing Balm nuo Image Skincare<\/strong> &#8211; \u0161velnus, aliejin\u0117s tekst\u016bros valomasis balzamas, skirtas odos valymui ir atsistatymo palaikymui po estetikos proced\u016br\u0173. Formul\u0117 efektyviai pa\u0161alina ne\u0161varumus ir liku\u010dius, nepa\u017eeisdama odos apsauginio barjero, tuo pa\u010diu dr\u0117kindama ir suteikdama komfort\u0105. Balzamas virsta \u0161velniu valomuoju pieneliu, palikdamas od\u0105 \u0161vari\u0105, mink\u0161t\u0105 ir nuramint\u0105.<\/p>\n<p data-start=\"2467\" data-end=\"2665\">Priemon\u0117 padeda atkurti jautri\u0105 ir pa\u017eeist\u0105 od\u0105, ma\u017eina sausum\u0105, diskomfort\u0105 ir paraudim\u0105. Augalini\u0173 aliej\u0173 ir raminan\u010di\u0173 ekstrakt\u0173 kompleksas stiprina odos barjer\u0105 ir skatina greitesn\u012f atsistatym\u0105.<\/p>\n<p data-start=\"2667\" data-end=\"2693\"><strong data-start=\"2667\" data-end=\"2693\">Veikliosios med\u017eiagos:<\/strong><\/p>\n<ul data-start=\"2695\" data-end=\"3102\">\n<li data-section-id=\"3y1eq6\" data-start=\"2695\" data-end=\"2802\"><strong data-start=\"2697\" data-end=\"2726\">Vynuogi\u0173 kauliuk\u0173 aliejus<\/strong> &#8211; maitina od\u0105, stiprina barjer\u0105 ir gerina odos mink\u0161tum\u0105 bei elastingum\u0105.<\/li>\n<li data-section-id=\"17xruas\" data-start=\"2803\" data-end=\"2893\"><strong data-start=\"2805\" data-end=\"2839\">Ramun\u0117li\u0173 + vanil\u0117s ekstraktai<\/strong> &#8211; ramina od\u0105, ma\u017eina paraudim\u0105 ir atkuria komfort\u0105.<\/li>\n<li data-section-id=\"lgdf3o\" data-start=\"2894\" data-end=\"3102\"><strong data-start=\"2896\" data-end=\"3019\">Fito antioksidant\u0173 kompleksas (obuoli\u0173 kamienin\u0117s l\u0105stel\u0117s + \u017ealioji arbata + alyvuogi\u0173 aliejus + opuncijos ekstraktas)<\/strong> &#8211; saugo od\u0105 nuo aplinkos veiksni\u0173, palaiko dr\u0117kinim\u0105 ir padeda odai atsistatyti.<\/li>\n<\/ul>\n<p data-start=\"3104\" data-end=\"3227\"><strong data-start=\"3104\" data-end=\"3145\">Kam skirtas MD Gentle Cleansing Balm:<\/strong> jautriai, pa\u017eeistai ir dehidratuotai odai, ypa\u010d po proced\u016br\u0173 ir esant paraudimui.<\/p>\n<p data-start=\"3229\" data-end=\"3244\"><strong data-start=\"3229\" data-end=\"3239\">T\u016bris:<\/strong> 28 g<\/p>\n","protected":false},"excerpt":{"rendered":"<p data-start=\"3587\" data-end=\"3613\">\u0160velnus valomasis balzamas<\/p>\n<h2 data-start=\"3615\" data-end=\"3668\"><strong data-start=\"3615\" data-end=\"3668\">Image Skincare &#8211; MD Gentle Cleansing Balm Savyb\u0117s<\/strong><\/h2>\n<p data-start=\"3670\" data-end=\"3855\">\u2714\ufe0f \u0160velniai valo od\u0105 be dirginimo<br data-start=\"3703\" data-end=\"3706\" \/>\u2714\ufe0f Palaiko ir stiprina odos barjer\u0105<br data-start=\"3741\" data-end=\"3744\" \/>\u2714\ufe0f Ramina jautri\u0105 ir sudirgusi\u0105 od\u0105<br data-start=\"3779\" data-end=\"3782\" \/>\u2714\ufe0f Dr\u0117kina ir saugo nuo sausumo<br data-start=\"3813\" data-end=\"3816\" \/>\u2714\ufe0f Palieka od\u0105 mink\u0161t\u0105 ir komforti\u0161k\u0105<\/p>\n","protected":false},"featured_media":89958,"template":"","meta":[],"pwb-brand":[1135],"product_brand":[],"product_cat":[746,1407,718],"product_tag":[],"giftcard-category":[],"class_list":{"0":"post-89966","1":"product","2":"type-product","3":"status-publish","4":"has-post-thumbnail","6":"pwb-brand-image-skincare","7":"product_cat-jautriai-odai","8":"product_cat-naujiena","9":"product_cat-valymas","11":"first","12":"instock","13":"sale","14":"taxable","15":"shipping-taxable","16":"purchasable","17":"product-type-simple"},"acf":[],"brands":[{"id":1135,"name":"Image Skincare","slug":"image-skincare"}],"_links":{"self":[{"href":"https:\/\/skinstudio.ee\/lt\/wp-json\/wp\/v2\/product\/89966","targetHints":{"allow":["GET"]}}],"collection":[{"href":"https:\/\/skinstudio.ee\/lt\/wp-json\/wp\/v2\/product"}],"about":[{"href":"https:\/\/skinstudio.ee\/lt\/wp-json\/wp\/v2\/types\/product"}],"version-history":[{"count":1,"href":"https:\/\/skinstudio.ee\/lt\/wp-json\/wp\/v2\/product\/89966\/revisions"}],"predecessor-version":[{"id":89967,"href":"https:\/\/skinstudio.ee\/lt\/wp-json\/wp\/v2\/product\/89966\/revisions\/89967"}],"wp:featuredmedia":[{"embeddable":true,"href":"https:\/\/skinstudio.ee\/lt\/wp-json\/wp\/v2\/media\/89958"}],"wp:attachment":[{"href":"https:\/\/skinstudio.ee\/lt\/wp-json\/wp\/v2\/media?parent=89966"}],"wp:term":[{"taxonomy":"pwb-brand","embeddable":true,"href":"https:\/\/skinstudio.ee\/lt\/wp-json\/wp\/v2\/pwb-brand?post=89966"},{"taxonomy":"product_brand","embeddable":true,"href":"https:\/\/skinstudio.ee\/lt\/wp-json\/wp\/v2\/product_brand?post=89966"},{"taxonomy":"product_cat","embeddable":true,"href":"https:\/\/skinstudio.ee\/lt\/wp-json\/wp\/v2\/product_cat?post=89966"},{"taxonomy":"product_tag","embeddable":true,"href":"https:\/\/skinstudio.ee\/lt\/wp-json\/wp\/v2\/product_tag?post=89966"},{"taxonomy":"giftcard-category","embeddable":true,"href":"https:\/\/skinstudio.ee\/lt\/wp-json\/wp\/v2\/giftcard-category?post=89966"}],"curies":[{"name":"wp","href":"https:\/\/api.w.org\/{rel}","templated":true}]}}