{"id":90191,"date":"2026-04-09T10:20:19","date_gmt":"2026-04-09T10:20:19","guid":{"rendered":"https:\/\/skinstudio.ee\/?post_type=product&#038;p=90191"},"modified":"2026-04-09T10:26:05","modified_gmt":"2026-04-09T10:26:05","slug":"aktuva-ak-100-repair-cream","status":"publish","type":"product","link":"https:\/\/skinstudio.ee\/lt\/catalog\/cantabria-labs\/aktuva-ak-100-repair-cream\/","title":{"rendered":"Aktuva AK 100 Repair Cream"},"content":{"rendered":"<p data-start=\"6950\" data-end=\"7272\"><strong data-start=\"6950\" data-end=\"6999\">Aktuva AK 100 Repair Cream nuo Cantabria Labs<\/strong> yra dermokosmetinis atstatomasis ir apsauginis dieninis kremas su labai auk\u0161ta apsauga nuo saul\u0117s, skirtas odai, kuri nuolat veikiama saul\u0117s ir agresyvi\u0173 aplinkos veiksni\u0173. Formul\u0117 palaiko nat\u016bralius odos apsaugos mechanizmus ir padeda atkurti od\u0105, pa\u017eeist\u0105 fotopa\u017eeidim\u0173.<\/p>\n<p data-start=\"7274\" data-end=\"7503\">Kremas derina intensyv\u0173 atstatom\u0105j\u012f poveik\u012f su plataus spektro UV apsauga, pad\u0117damas suma\u017einti veiksni\u0173, skatinan\u010di\u0173 prie\u0161laikin\u012f sen\u0117jim\u0105, poveik\u012f. Jis stiprina odos barjer\u0105, padeda ma\u017einti paraudim\u0105 ir gerina bendr\u0105 odos b\u016bkl\u0119.<\/p>\n<p data-start=\"7505\" data-end=\"7737\">Aktyvi\u0173j\u0173 med\u017eiag\u0173 kompleksas palaiko odos atsinaujinimo procesus ir saugo nuo oksidacinio streso. Reguliarus naudojimas padeda pagerinti odos b\u016bkl\u0119, didina jos atsparum\u0105 i\u0161oriniams veiksniams ir padeda i\u0161laikyti tolygesn\u0119 i\u0161vaizd\u0105.<\/p>\n<p data-start=\"7739\" data-end=\"7885\">Produktas tinkamas kasdieniam naudojimui esant padidintam saul\u0117s poveikiui ir gali b\u016bti naudojamas kaip kasdien\u0117s prie\u017ei\u016bros dalis su SPF apsauga.<\/p>\n<p data-start=\"7887\" data-end=\"8078\"><strong data-start=\"7887\" data-end=\"7928\">Kam tinka Aktuva AK 100 Repair Cream:<\/strong> tinka visiems odos tipams, ypa\u010d jautriai, pa\u017eeistai ir saul\u0117s veikiamai odai. Tinka esant paraudimui, fotopa\u017eeidimams ir padid\u0117jusiam odos jautrumui.<\/p>\n<p data-start=\"8080\" data-end=\"8096\"><strong data-start=\"8080\" data-end=\"8096\">T\u016bris: 50 ml<\/strong><\/p>\n","protected":false},"excerpt":{"rendered":"<p data-start=\"8298\" data-end=\"8335\">Atstatomasis dieninis kremas su SPF50<\/p>\n<h2 data-start=\"8337\" data-end=\"8392\"><strong data-start=\"8337\" data-end=\"8392\">Cantabria Labs &#8211; Aktuva AK 100 Repair Cream Savyb\u0117s<\/strong><\/h2>\n<p data-start=\"8394\" data-end=\"8578\">\u2714\ufe0f U\u017etikrina labai auk\u0161t\u0105 apsaug\u0105 nuo saul\u0117s<br data-start=\"8438\" data-end=\"8441\" \/>\u2714\ufe0f Palaiko pa\u017eeistos odos atstatym\u0105<br data-start=\"8476\" data-end=\"8479\" \/>\u2714\ufe0f Stiprina odos apsaugin\u012f barjer\u0105<br data-start=\"8513\" data-end=\"8516\" \/>\u2714\ufe0f Padeda ma\u017einti paraudim\u0105<br data-start=\"8543\" data-end=\"8546\" \/>\u2714\ufe0f Tinka kasdieniam naudojimui<\/p>\n","protected":false},"featured_media":90171,"template":"","meta":[],"pwb-brand":[1202],"product_brand":[],"product_cat":[738,1407,740,732],"product_tag":[],"giftcard-category":[],"class_list":{"0":"post-90191","1":"product","2":"type-product","3":"status-publish","4":"has-post-thumbnail","6":"pwb-brand-cantabria-labs","7":"product_cat-drekinimas","8":"product_cat-naujiena","9":"product_cat-sausai-odai","10":"product_cat-spf-apsauga","12":"first","13":"instock","14":"taxable","15":"shipping-taxable","16":"purchasable","17":"product-type-simple"},"acf":[],"brands":[{"id":1202,"name":"Cantabria Labs","slug":"cantabria-labs"}],"_links":{"self":[{"href":"https:\/\/skinstudio.ee\/lt\/wp-json\/wp\/v2\/product\/90191","targetHints":{"allow":["GET"]}}],"collection":[{"href":"https:\/\/skinstudio.ee\/lt\/wp-json\/wp\/v2\/product"}],"about":[{"href":"https:\/\/skinstudio.ee\/lt\/wp-json\/wp\/v2\/types\/product"}],"version-history":[{"count":1,"href":"https:\/\/skinstudio.ee\/lt\/wp-json\/wp\/v2\/product\/90191\/revisions"}],"predecessor-version":[{"id":90192,"href":"https:\/\/skinstudio.ee\/lt\/wp-json\/wp\/v2\/product\/90191\/revisions\/90192"}],"wp:featuredmedia":[{"embeddable":true,"href":"https:\/\/skinstudio.ee\/lt\/wp-json\/wp\/v2\/media\/90171"}],"wp:attachment":[{"href":"https:\/\/skinstudio.ee\/lt\/wp-json\/wp\/v2\/media?parent=90191"}],"wp:term":[{"taxonomy":"pwb-brand","embeddable":true,"href":"https:\/\/skinstudio.ee\/lt\/wp-json\/wp\/v2\/pwb-brand?post=90191"},{"taxonomy":"product_brand","embeddable":true,"href":"https:\/\/skinstudio.ee\/lt\/wp-json\/wp\/v2\/product_brand?post=90191"},{"taxonomy":"product_cat","embeddable":true,"href":"https:\/\/skinstudio.ee\/lt\/wp-json\/wp\/v2\/product_cat?post=90191"},{"taxonomy":"product_tag","embeddable":true,"href":"https:\/\/skinstudio.ee\/lt\/wp-json\/wp\/v2\/product_tag?post=90191"},{"taxonomy":"giftcard-category","embeddable":true,"href":"https:\/\/skinstudio.ee\/lt\/wp-json\/wp\/v2\/giftcard-category?post=90191"}],"curies":[{"name":"wp","href":"https:\/\/api.w.org\/{rel}","templated":true}]}}