{"id":90219,"date":"2026-04-09T10:32:11","date_gmt":"2026-04-09T10:32:11","guid":{"rendered":"https:\/\/skinstudio.ee\/?post_type=product&#038;p=90219"},"modified":"2026-04-09T10:36:00","modified_gmt":"2026-04-09T10:36:00","slug":"aktuva-ak-100-prevent-stick","status":"publish","type":"product","link":"https:\/\/skinstudio.ee\/lt\/catalog\/cantabria-labs\/aktuva-ak-100-prevent-stick\/","title":{"rendered":"Aktuva AK 100 Prevent Stick"},"content":{"rendered":"<p data-start=\"6697\" data-end=\"6951\"><strong data-start=\"6697\" data-end=\"6747\">Aktuva AK 100 Prevent Stick nuo Cantabria Labs<\/strong> yra apsaugin\u0117 lazdel\u0117 su labai auk\u0161tu apsaugos lygiu, skirta lokaliam naudojimui jautriose ir pa\u017eeid\u017eiamose odos vietose. Formul\u0117 padeda apsaugoti nuo fotopa\u017eeidim\u0173 ir stiprina odos apsaugines funkcijas.<\/p>\n<p data-start=\"6953\" data-end=\"7117\">Produktas u\u017etikrina patikim\u0105 apsaug\u0105 nuo UV spinduli\u0173, padeda suma\u017einti pigmentacijos ir fotosen\u0117jimo rizik\u0105. Jis stiprina odos barjer\u0105 ir saugo jautriausias zonas.<\/p>\n<p data-start=\"7119\" data-end=\"7251\">Lazdel\u0117s formatas leid\u017eia tiksliai ir greitai naudoti produkt\u0105 be kontakto su rankomis. Galima naudoti dienos metu, net ant makia\u017eo.<\/p>\n<p data-start=\"7253\" data-end=\"7361\">Tinka naudoti \u012fvairiose zonose \u2014 veidui, l\u016bpoms, nosiai, skruostikauliams, randams ir pigmentuotoms vietoms.<\/p>\n<p data-start=\"7363\" data-end=\"7501\"><strong data-start=\"7363\" data-end=\"7405\">Kam tinka Aktuva AK 100 Prevent Stick:<\/strong> tinka visiems odos tipams, \u012fskaitant jautri\u0105 od\u0105, ypa\u010d esant pigmentacijai ir jautrioms zonoms.<\/p>\n<p data-start=\"7503\" data-end=\"7519\"><strong data-start=\"7503\" data-end=\"7519\">T\u016bris: 15 ml<\/strong><\/p>\n","protected":false},"excerpt":{"rendered":"<p data-start=\"7735\" data-end=\"7759\">Apsaugin\u0117 lazdel\u0117 SPF50+<\/p>\n<h2 data-start=\"7761\" data-end=\"7817\"><strong data-start=\"7761\" data-end=\"7817\">Cantabria Labs &#8211; Aktuva AK 100 Prevent Stick Savyb\u0117s<\/strong><\/h2>\n<p data-start=\"7819\" data-end=\"7995\">\u2714\ufe0f U\u017etikrina labai auk\u0161t\u0105 apsaug\u0105<br data-start=\"7852\" data-end=\"7855\" \/>\u2714\ufe0f Ma\u017eina pigmentacijos atsiradimo rizik\u0105<br data-start=\"7896\" data-end=\"7899\" \/>\u2714\ufe0f Saugo jautrias odos zonas<br data-start=\"7927\" data-end=\"7930\" \/>\u2714\ufe0f Stiprina odos apsaugin\u012f barjer\u0105<br data-start=\"7964\" data-end=\"7967\" \/>\u2714\ufe0f Patogu naudoti lokaliai<\/p>\n","protected":false},"featured_media":90199,"template":"","meta":[],"pwb-brand":[1202],"product_brand":[],"product_cat":[1407,732],"product_tag":[],"giftcard-category":[],"class_list":{"0":"post-90219","1":"product","2":"type-product","3":"status-publish","4":"has-post-thumbnail","6":"pwb-brand-cantabria-labs","7":"product_cat-naujiena","8":"product_cat-spf-apsauga","10":"first","11":"instock","12":"taxable","13":"shipping-taxable","14":"purchasable","15":"product-type-simple"},"acf":[],"brands":[{"id":1202,"name":"Cantabria Labs","slug":"cantabria-labs"}],"_links":{"self":[{"href":"https:\/\/skinstudio.ee\/lt\/wp-json\/wp\/v2\/product\/90219","targetHints":{"allow":["GET"]}}],"collection":[{"href":"https:\/\/skinstudio.ee\/lt\/wp-json\/wp\/v2\/product"}],"about":[{"href":"https:\/\/skinstudio.ee\/lt\/wp-json\/wp\/v2\/types\/product"}],"version-history":[{"count":1,"href":"https:\/\/skinstudio.ee\/lt\/wp-json\/wp\/v2\/product\/90219\/revisions"}],"predecessor-version":[{"id":90220,"href":"https:\/\/skinstudio.ee\/lt\/wp-json\/wp\/v2\/product\/90219\/revisions\/90220"}],"wp:featuredmedia":[{"embeddable":true,"href":"https:\/\/skinstudio.ee\/lt\/wp-json\/wp\/v2\/media\/90199"}],"wp:attachment":[{"href":"https:\/\/skinstudio.ee\/lt\/wp-json\/wp\/v2\/media?parent=90219"}],"wp:term":[{"taxonomy":"pwb-brand","embeddable":true,"href":"https:\/\/skinstudio.ee\/lt\/wp-json\/wp\/v2\/pwb-brand?post=90219"},{"taxonomy":"product_brand","embeddable":true,"href":"https:\/\/skinstudio.ee\/lt\/wp-json\/wp\/v2\/product_brand?post=90219"},{"taxonomy":"product_cat","embeddable":true,"href":"https:\/\/skinstudio.ee\/lt\/wp-json\/wp\/v2\/product_cat?post=90219"},{"taxonomy":"product_tag","embeddable":true,"href":"https:\/\/skinstudio.ee\/lt\/wp-json\/wp\/v2\/product_tag?post=90219"},{"taxonomy":"giftcard-category","embeddable":true,"href":"https:\/\/skinstudio.ee\/lt\/wp-json\/wp\/v2\/giftcard-category?post=90219"}],"curies":[{"name":"wp","href":"https:\/\/api.w.org\/{rel}","templated":true}]}}