{"id":90288,"date":"2026-04-09T10:44:42","date_gmt":"2026-04-09T10:44:42","guid":{"rendered":"https:\/\/skinstudio.ee\/?post_type=product&#038;p=90288"},"modified":"2026-04-09T11:23:40","modified_gmt":"2026-04-09T11:23:40","slug":"endocare-radiance-vitamin-c20-serum","status":"publish","type":"product","link":"https:\/\/skinstudio.ee\/lt\/catalog\/cantabria-labs\/endocare-radiance-vitamin-c20-serum\/","title":{"rendered":"Endocare Radiance Vitamin C20 Serum"},"content":{"rendered":"<p data-start=\"2348\" data-end=\"2646\"><strong data-start=\"2348\" data-end=\"2406\">Endocare Radiance Vitamin C20 Serum nuo Cantabria Labs<\/strong> yra didel\u0117s koncentracijos serumas su 20% vitamino C, skirtas odos \u0161viesinimui, tono suvienodinimui ir stangrumo gerinimui. Formul\u0117 skirta suma\u017einti fotosen\u0117jimo po\u017eymius, \u012fskaitant papilk\u0117jusi\u0105 od\u0105, pigmentacij\u0105 ir odos tankio suma\u017e\u0117jim\u0105.<\/p>\n<p data-start=\"2648\" data-end=\"2926\">Vitamino C kompleksas sujungia 15% grynos L-askorbo r\u016bg\u0161ties ir 5% stabilizuoto vitamino C, u\u017etikrindamas tiek greit\u0105 antioksidacin\u012f poveik\u012f, tiek ilgalaik\u012f efekt\u0105. Serumas gerina odos tekst\u016br\u0105, daro j\u0105 lygesn\u0119 ir tolygesn\u0119, tuo pa\u010diu skatindamas kolageno sintez\u0119 ir odos tank\u012f.<\/p>\n<p data-start=\"2928\" data-end=\"3195\">EDAFENCE\u00ae technologija sustiprina apsaug\u0105 nuo aplinkos veiksni\u0173, pad\u0117dama suma\u017einti prie\u0161laikin\u012f sen\u0117jim\u0105 skatinan\u010di\u0173 veiksni\u0173 poveik\u012f. Formul\u0117 padeda neutralizuoti laisvuosius radikalus ir suma\u017einti oksidacin\u012f stres\u0105, suteikdama odai skaistesn\u0119 ir gaivesn\u0119 i\u0161vaizd\u0105.<\/p>\n<p data-start=\"3197\" data-end=\"3327\">Reguliarus naudojimas padeda odai tapti \u0161viesesnei, stangresnei ir vizualiai atsinaujinusiai, pagerinant bendr\u0105 jos ton\u0105 ir b\u016bkl\u0119.<\/p>\n<p data-start=\"3329\" data-end=\"3537\"><strong data-start=\"3329\" data-end=\"3379\">Kam tinka Endocare Radiance Vitamin C20 Serum:<\/strong> tinka visiems odos tipams, ypa\u010d papilk\u0117jusiai odai, esant pigmentacijai, fotosen\u0117jimo po\u017eymiams ir suma\u017e\u0117jusiam stangrumui. Tinka kasdieniam naudojimui ryte.<\/p>\n<p data-start=\"3539\" data-end=\"3555\"><strong data-start=\"3539\" data-end=\"3555\">T\u016bris: 30 ml<\/strong><\/p>\n","protected":false},"excerpt":{"rendered":"<p data-start=\"3872\" data-end=\"3894\">Vitamino C serumas 20%<\/p>\n<h2 data-start=\"3896\" data-end=\"3960\"><strong data-start=\"3896\" data-end=\"3960\">Cantabria Labs &#8211; Endocare Radiance Vitamin C20 Serum Savyb\u0117s<\/strong><\/h2>\n<p data-start=\"3962\" data-end=\"4146\">\u2714\ufe0f Skaistina od\u0105 ir suteikia \u0161vyt\u0117jimo<br data-start=\"4000\" data-end=\"4003\" \/>\u2714\ufe0f Suvienodina odos ton\u0105 ir tekst\u016br\u0105<br data-start=\"4039\" data-end=\"4042\" \/>\u2714\ufe0f Gerina odos stangrum\u0105 ir tank\u012f<br data-start=\"4075\" data-end=\"4078\" \/>\u2714\ufe0f Ma\u017eina pigmentacijos matomum\u0105<br data-start=\"4110\" data-end=\"4113\" \/>\u2714\ufe0f Saugo nuo oksidacinio streso<\/p>\n","protected":false},"featured_media":90244,"template":"","meta":[],"pwb-brand":[1202],"product_brand":[],"product_cat":[1407,752,750,724,730],"product_tag":[],"giftcard-category":[],"class_list":{"0":"post-90288","1":"product","2":"type-product","3":"status-publish","4":"has-post-thumbnail","6":"pwb-brand-cantabria-labs","7":"product_cat-naujiena","8":"product_cat-pigmentacija-lt","9":"product_cat-senstanti-oda","10":"product_cat-serumai","11":"product_cat-vitaminas-c","13":"first","14":"instock","15":"taxable","16":"shipping-taxable","17":"purchasable","18":"product-type-simple"},"acf":[],"brands":[{"id":1202,"name":"Cantabria Labs","slug":"cantabria-labs"}],"_links":{"self":[{"href":"https:\/\/skinstudio.ee\/lt\/wp-json\/wp\/v2\/product\/90288","targetHints":{"allow":["GET"]}}],"collection":[{"href":"https:\/\/skinstudio.ee\/lt\/wp-json\/wp\/v2\/product"}],"about":[{"href":"https:\/\/skinstudio.ee\/lt\/wp-json\/wp\/v2\/types\/product"}],"version-history":[{"count":1,"href":"https:\/\/skinstudio.ee\/lt\/wp-json\/wp\/v2\/product\/90288\/revisions"}],"predecessor-version":[{"id":90289,"href":"https:\/\/skinstudio.ee\/lt\/wp-json\/wp\/v2\/product\/90288\/revisions\/90289"}],"wp:featuredmedia":[{"embeddable":true,"href":"https:\/\/skinstudio.ee\/lt\/wp-json\/wp\/v2\/media\/90244"}],"wp:attachment":[{"href":"https:\/\/skinstudio.ee\/lt\/wp-json\/wp\/v2\/media?parent=90288"}],"wp:term":[{"taxonomy":"pwb-brand","embeddable":true,"href":"https:\/\/skinstudio.ee\/lt\/wp-json\/wp\/v2\/pwb-brand?post=90288"},{"taxonomy":"product_brand","embeddable":true,"href":"https:\/\/skinstudio.ee\/lt\/wp-json\/wp\/v2\/product_brand?post=90288"},{"taxonomy":"product_cat","embeddable":true,"href":"https:\/\/skinstudio.ee\/lt\/wp-json\/wp\/v2\/product_cat?post=90288"},{"taxonomy":"product_tag","embeddable":true,"href":"https:\/\/skinstudio.ee\/lt\/wp-json\/wp\/v2\/product_tag?post=90288"},{"taxonomy":"giftcard-category","embeddable":true,"href":"https:\/\/skinstudio.ee\/lt\/wp-json\/wp\/v2\/giftcard-category?post=90288"}],"curies":[{"name":"wp","href":"https:\/\/api.w.org\/{rel}","templated":true}]}}