{"id":90319,"date":"2026-04-09T11:29:50","date_gmt":"2026-04-09T11:29:50","guid":{"rendered":"https:\/\/skinstudio.ee\/?post_type=product&#038;p=90319"},"modified":"2026-04-09T11:36:04","modified_gmt":"2026-04-09T11:36:04","slug":"endocare-age-barrier-hyaluboost-gel-cream","status":"publish","type":"product","link":"https:\/\/skinstudio.ee\/lt\/catalog\/cantabria-labs\/endocare-age-barrier-hyaluboost-gel-cream\/","title":{"rendered":"Endocare Age Barrier Hyaluboost Gel Cream"},"content":{"rendered":"<p data-start=\"2271\" data-end=\"2604\"><strong data-start=\"2271\" data-end=\"2335\">Endocare Age Barrier Hyaluboost Gel Cream nuo Cantabria Labs<\/strong> yra dr\u0117kinamasis gelinis kremas, sukurtas intensyviam odos dr\u0117kinimui ir apsauginio barjero stiprinimui. Formul\u0117 skirta suma\u017einti dehidratacij\u0105, pagerinti odos stangrum\u0105 ir koreguoti ankstyvus sen\u0117jimo po\u017eymius, tokius kaip smulkios linijos ir odos tankio suma\u017e\u0117jimas.<\/p>\n<p data-start=\"2606\" data-end=\"2838\">Skirting\u0173 molekulini\u0173 svori\u0173 hialurono r\u016bg\u0161ties sistema u\u017etikrina daugialyg\u012f dr\u0117kinim\u0105, pad\u0117dama i\u0161laikyti dr\u0117gm\u0119 tiek odos pavir\u0161iuje, tiek gilesniuose sluoksniuose. Tai padeda odai tapti lygesnei, tankesnei ir vizualiai putlesnei.<\/p>\n<p data-start=\"2840\" data-end=\"3079\">3% niacinamidas stiprina odos barjer\u0105, gerina atsparum\u0105 i\u0161oriniams veiksniams ir padeda suvienodinti odos ton\u0105. EDAFENCE\u00ae technologija sustiprina apsaug\u0105 nuo aplinkos veiksni\u0173, kurie spartina sen\u0117jim\u0105 ir silpnina odos apsaugines funkcijas.<\/p>\n<p data-start=\"3081\" data-end=\"3239\">Reguliarus naudojimas padeda padidinti odos dr\u0117gm\u0117s lyg\u012f, pagerina bendr\u0105 jos b\u016bkl\u0119 ir padeda i\u0161laikyti sveikesn\u0119, stangresn\u0119 ir labiau subalansuot\u0105 i\u0161vaizd\u0105.<\/p>\n<p data-start=\"3241\" data-end=\"3495\"><strong data-start=\"3241\" data-end=\"3297\">Kam tinka Endocare Age Barrier Hyaluboost Gel Cream:<\/strong> tinka visiems odos tipams, \u012fskaitant jautri\u0105 od\u0105, ypa\u010d esant dehidratacijai, suma\u017e\u0117jusiam stangrumui, smulkioms linijoms ir susilpn\u0117jusiam odos barjerui. Tinka kasdieniam naudojimui ryte ir vakare.<\/p>\n<p data-start=\"3497\" data-end=\"3513\"><strong data-start=\"3497\" data-end=\"3513\">T\u016bris: 50 ml<\/strong><\/p>\n","protected":false},"excerpt":{"rendered":"<p data-start=\"3756\" data-end=\"3790\">Dr\u0117kinamasis gelinis kremas veidui<\/p>\n<h2 data-start=\"3792\" data-end=\"3862\"><strong data-start=\"3792\" data-end=\"3862\">Cantabria Labs &#8211; Endocare Age Barrier Hyaluboost Gel Cream Savyb\u0117s<\/strong><\/h2>\n<p data-start=\"3864\" data-end=\"4047\">\u2714\ufe0f U\u017etikrina intensyv\u0173 daugialyg\u012f dr\u0117kinim\u0105<br data-start=\"3907\" data-end=\"3910\" \/>\u2714\ufe0f Stiprina odos apsaugin\u012f barjer\u0105<br data-start=\"3944\" data-end=\"3947\" \/>\u2714\ufe0f Gerina odos stangrum\u0105 ir tank\u012f<br data-start=\"3980\" data-end=\"3983\" \/>\u2714\ufe0f Lygina dehidratacijos linijas<br data-start=\"4015\" data-end=\"4018\" \/>\u2714\ufe0f Gerina bendr\u0105 odos b\u016bkl\u0119<\/p>\n","protected":false},"featured_media":90295,"template":"","meta":[],"pwb-brand":[1202],"product_brand":[],"product_cat":[738,740],"product_tag":[],"giftcard-category":[],"class_list":{"0":"post-90319","1":"product","2":"type-product","3":"status-publish","4":"has-post-thumbnail","6":"pwb-brand-cantabria-labs","7":"product_cat-drekinimas","8":"product_cat-sausai-odai","10":"first","11":"instock","12":"taxable","13":"shipping-taxable","14":"purchasable","15":"product-type-simple"},"acf":[],"brands":[{"id":1202,"name":"Cantabria Labs","slug":"cantabria-labs"}],"_links":{"self":[{"href":"https:\/\/skinstudio.ee\/lt\/wp-json\/wp\/v2\/product\/90319","targetHints":{"allow":["GET"]}}],"collection":[{"href":"https:\/\/skinstudio.ee\/lt\/wp-json\/wp\/v2\/product"}],"about":[{"href":"https:\/\/skinstudio.ee\/lt\/wp-json\/wp\/v2\/types\/product"}],"version-history":[{"count":1,"href":"https:\/\/skinstudio.ee\/lt\/wp-json\/wp\/v2\/product\/90319\/revisions"}],"predecessor-version":[{"id":90320,"href":"https:\/\/skinstudio.ee\/lt\/wp-json\/wp\/v2\/product\/90319\/revisions\/90320"}],"wp:featuredmedia":[{"embeddable":true,"href":"https:\/\/skinstudio.ee\/lt\/wp-json\/wp\/v2\/media\/90295"}],"wp:attachment":[{"href":"https:\/\/skinstudio.ee\/lt\/wp-json\/wp\/v2\/media?parent=90319"}],"wp:term":[{"taxonomy":"pwb-brand","embeddable":true,"href":"https:\/\/skinstudio.ee\/lt\/wp-json\/wp\/v2\/pwb-brand?post=90319"},{"taxonomy":"product_brand","embeddable":true,"href":"https:\/\/skinstudio.ee\/lt\/wp-json\/wp\/v2\/product_brand?post=90319"},{"taxonomy":"product_cat","embeddable":true,"href":"https:\/\/skinstudio.ee\/lt\/wp-json\/wp\/v2\/product_cat?post=90319"},{"taxonomy":"product_tag","embeddable":true,"href":"https:\/\/skinstudio.ee\/lt\/wp-json\/wp\/v2\/product_tag?post=90319"},{"taxonomy":"giftcard-category","embeddable":true,"href":"https:\/\/skinstudio.ee\/lt\/wp-json\/wp\/v2\/giftcard-category?post=90319"}],"curies":[{"name":"wp","href":"https:\/\/api.w.org\/{rel}","templated":true}]}}