{"id":90341,"date":"2026-04-09T11:41:18","date_gmt":"2026-04-09T11:41:18","guid":{"rendered":"https:\/\/skinstudio.ee\/?post_type=product&#038;p=90341"},"modified":"2026-04-09T12:01:42","modified_gmt":"2026-04-09T12:01:42","slug":"iraltone-reset-deep-cleansing-shampoo","status":"publish","type":"product","link":"https:\/\/skinstudio.ee\/lt\/catalog\/cantabria-labs\/iraltone-reset-deep-cleansing-shampoo\/","title":{"rendered":"Iraltone Reset Deep Cleansing Shampoo"},"content":{"rendered":"<p data-start=\"2240\" data-end=\"2570\"><strong data-start=\"2240\" data-end=\"2300\">Iraltone Reset Deep Cleansing Shampoo nuo Cantabria Labs<\/strong> yra giliai valantis \u0161amp\u016bnas, kuris efektyviai pa\u0161alina riebal\u0173 pertekli\u0173, ne\u0161varumus ir formavimo priemoni\u0173 liku\u010dius, i\u0161laikydamas galvos odos pusiausvyr\u0105. Formul\u0117 u\u017etikrina kruop\u0161t\u0173 valym\u0105 nepa\u017eeid\u017eiant apsauginio barjero ir padeda palaikyti sveik\u0105 galvos odos b\u016bkl\u0119.<\/p>\n<p data-start=\"2572\" data-end=\"2757\">\u0160amp\u016bnas sujungia valan\u010dias med\u017eiagas su sebum\u0105 reguliuojan\u010diu poveikiu, pad\u0117damas i\u0161laikyti balans\u0105 net esant riebiai galvos odai. Jis suteikia \u0161varos ir gaivumo poj\u016bt\u012f be i\u0161saus\u0117jimo.<\/p>\n<p data-start=\"2759\" data-end=\"2949\">Prebiotikai padeda palaikyti galvos odos mikrobiomo pusiausvyr\u0105, ma\u017eina nie\u017e\u0117jim\u0105 ir diskomfort\u0105. Aktyvi\u0173j\u0173 med\u017eiag\u0173 kompleksas stiprina plaukus ir didina j\u0173 atsparum\u0105 i\u0161oriniams veiksniams.<\/p>\n<p data-start=\"2951\" data-end=\"3103\">MetforHair\u00ae technologija palaiko plauk\u0173 kokyb\u0119 ir padeda kovoti su ankstyvais sen\u0117jimo po\u017eymiais, i\u0161laikant stipresnius ir sveikiau atrodan\u010dius plaukus.<\/p>\n<p data-start=\"3105\" data-end=\"3304\"><strong data-start=\"3105\" data-end=\"3157\">Kam tinka Iraltone Reset Deep Cleansing Shampoo:<\/strong> tinka normaliai ir riebiai galvos odai, taip pat naudojantiems formavimo priemones. Tinka galvos odos valymui, nie\u017e\u0117jimo ir diskomforto ma\u017einimui.<\/p>\n<p data-start=\"3306\" data-end=\"3323\"><strong data-start=\"3306\" data-end=\"3323\">T\u016bris: 250 ml<\/strong><\/p>\n","protected":false},"excerpt":{"rendered":"<p data-start=\"3670\" data-end=\"3694\">Giliai valantis \u0161amp\u016bnas<\/p>\n<h2 data-start=\"3696\" data-end=\"3762\"><strong data-start=\"3696\" data-end=\"3762\">Cantabria Labs &#8211; Iraltone Reset Deep Cleansing Shampoo Savyb\u0117s<\/strong><\/h2>\n<p data-start=\"3764\" data-end=\"3960\">\u2714\ufe0f Giliai valo galvos od\u0105 ir plaukus<br data-start=\"3800\" data-end=\"3803\" \/>\u2714\ufe0f Reguliuoja sebumo i\u0161siskyrim\u0105<br data-start=\"3835\" data-end=\"3838\" \/>\u2714\ufe0f Ma\u017eina nie\u017e\u0117jim\u0105 ir diskomfort\u0105<br data-start=\"3872\" data-end=\"3875\" \/>\u2714\ufe0f Palaiko galvos odos mikrobiomo balans\u0105<br data-start=\"3916\" data-end=\"3919\" \/>\u2714\ufe0f Stiprina plaukus ir didina atsparum\u0105<\/p>\n","protected":false},"featured_media":90326,"template":"","meta":[],"pwb-brand":[1202],"product_brand":[],"product_cat":[763],"product_tag":[],"giftcard-category":[],"class_list":{"0":"post-90341","1":"product","2":"type-product","3":"status-publish","4":"has-post-thumbnail","6":"pwb-brand-cantabria-labs","7":"product_cat-plauku-prieziura","9":"first","10":"instock","11":"taxable","12":"shipping-taxable","13":"purchasable","14":"product-type-simple"},"acf":[],"brands":[{"id":1202,"name":"Cantabria Labs","slug":"cantabria-labs"}],"_links":{"self":[{"href":"https:\/\/skinstudio.ee\/lt\/wp-json\/wp\/v2\/product\/90341","targetHints":{"allow":["GET"]}}],"collection":[{"href":"https:\/\/skinstudio.ee\/lt\/wp-json\/wp\/v2\/product"}],"about":[{"href":"https:\/\/skinstudio.ee\/lt\/wp-json\/wp\/v2\/types\/product"}],"version-history":[{"count":1,"href":"https:\/\/skinstudio.ee\/lt\/wp-json\/wp\/v2\/product\/90341\/revisions"}],"predecessor-version":[{"id":90342,"href":"https:\/\/skinstudio.ee\/lt\/wp-json\/wp\/v2\/product\/90341\/revisions\/90342"}],"wp:featuredmedia":[{"embeddable":true,"href":"https:\/\/skinstudio.ee\/lt\/wp-json\/wp\/v2\/media\/90326"}],"wp:attachment":[{"href":"https:\/\/skinstudio.ee\/lt\/wp-json\/wp\/v2\/media?parent=90341"}],"wp:term":[{"taxonomy":"pwb-brand","embeddable":true,"href":"https:\/\/skinstudio.ee\/lt\/wp-json\/wp\/v2\/pwb-brand?post=90341"},{"taxonomy":"product_brand","embeddable":true,"href":"https:\/\/skinstudio.ee\/lt\/wp-json\/wp\/v2\/product_brand?post=90341"},{"taxonomy":"product_cat","embeddable":true,"href":"https:\/\/skinstudio.ee\/lt\/wp-json\/wp\/v2\/product_cat?post=90341"},{"taxonomy":"product_tag","embeddable":true,"href":"https:\/\/skinstudio.ee\/lt\/wp-json\/wp\/v2\/product_tag?post=90341"},{"taxonomy":"giftcard-category","embeddable":true,"href":"https:\/\/skinstudio.ee\/lt\/wp-json\/wp\/v2\/giftcard-category?post=90341"}],"curies":[{"name":"wp","href":"https:\/\/api.w.org\/{rel}","templated":true}]}}