{"id":90364,"date":"2026-04-09T13:03:03","date_gmt":"2026-04-09T13:03:03","guid":{"rendered":"https:\/\/skinstudio.ee\/?post_type=product&#038;p=90364"},"modified":"2026-04-09T13:05:56","modified_gmt":"2026-04-09T13:05:56","slug":"iraltone-barrier-comfort-repair-shampoo","status":"publish","type":"product","link":"https:\/\/skinstudio.ee\/lt\/catalog\/cantabria-labs\/iraltone-barrier-comfort-repair-shampoo\/","title":{"rendered":"Iraltone Barrier Comfort Repair Shampoo"},"content":{"rendered":"<p data-start=\"2300\" data-end=\"2581\"><strong data-start=\"2300\" data-end=\"2362\">Iraltone Barrier Comfort Repair Shampoo nuo Cantabria Labs<\/strong> yra \u0161velnus atkuriamasis \u0161amp\u016bnas, skirtas delika\u010diam valymui ir galvos odos apsauginio barjero stiprinimui. Formul\u0117 padeda suma\u017einti sausum\u0105, diskomfort\u0105 ir atkurti jautrios bei susilpn\u0117jusios galvos odos pusiausvyr\u0105.<\/p>\n<p data-start=\"2583\" data-end=\"2772\">\u0160amp\u016bnas valo galvos od\u0105 be agresyvaus poveikio, pad\u0117damas i\u0161laikyti nat\u016bralias apsaugines funkcijas. Jis ma\u017eina sausumo ir tempimo poj\u016bt\u012f, gerina dr\u0117gm\u0117s lyg\u012f ir suteikia daugiau komforto.<\/p>\n<p data-start=\"2774\" data-end=\"2975\">Niacinamidas ramina galvos od\u0105, ma\u017eina sudirginim\u0105 ir palaiko apsauginio barjero atk\u016brim\u0105. Aktyvi\u0173j\u0173 med\u017eiag\u0173 kompleksas stiprina plaukus, gerina j\u0173 strukt\u016br\u0105 ir didina atsparum\u0105 i\u0161oriniams veiksniams.<\/p>\n<p data-start=\"2977\" data-end=\"3136\">MetforHair\u00ae technologija padeda palaikyti plauk\u0173 kokyb\u0119 ir saugo nuo ankstyv\u0173 sen\u0117jimo po\u017eymi\u0173, padedant i\u0161laikyti stipresnius ir sveikiau atrodan\u010dius plaukus.<\/p>\n<p data-start=\"3138\" data-end=\"3362\"><strong data-start=\"3138\" data-end=\"3192\">Kam tinka Iraltone Barrier Comfort Repair Shampoo:<\/strong> tinka normaliai ir sausai galvos odai, \u012fskaitant jautri\u0105 ir susilpn\u0117jusi\u0105. Tinka esant sausumui, sudirginimui ir diskomfortui, taip pat galvos odos atk\u016brimo laikotarpiu.<\/p>\n<p data-start=\"3364\" data-end=\"3381\"><strong data-start=\"3364\" data-end=\"3381\">T\u016bris: 250 ml<\/strong><\/p>\n","protected":false},"excerpt":{"rendered":"<p data-start=\"3714\" data-end=\"3747\">Atkuriamasis \u0161amp\u016bnas galvos odai<\/p>\n<h2 data-start=\"3749\" data-end=\"3817\"><strong data-start=\"3749\" data-end=\"3817\">Cantabria Labs &#8211; Iraltone Barrier Comfort Repair Shampoo Savyb\u0117s<\/strong><\/h2>\n<p data-start=\"3819\" data-end=\"4003\">\u2714\ufe0f \u0160velniai valo nepa\u017eeisdamas barjero<br data-start=\"3857\" data-end=\"3860\" \/>\u2714\ufe0f Ma\u017eina sausum\u0105 ir diskomfort\u0105<br data-start=\"3892\" data-end=\"3895\" \/>\u2714\ufe0f Ramina ir ma\u017eina sudirginim\u0105<br data-start=\"3926\" data-end=\"3929\" \/>\u2714\ufe0f Stiprina plaukus ir gerina strukt\u016br\u0105<br data-start=\"3968\" data-end=\"3971\" \/>\u2714\ufe0f Tinka kasdieniam naudojimui<\/p>\n","protected":false},"featured_media":90349,"template":"","meta":[],"pwb-brand":[1202],"product_brand":[],"product_cat":[1407,763],"product_tag":[],"giftcard-category":[],"class_list":{"0":"post-90364","1":"product","2":"type-product","3":"status-publish","4":"has-post-thumbnail","6":"pwb-brand-cantabria-labs","7":"product_cat-naujiena","8":"product_cat-plauku-prieziura","10":"first","11":"instock","12":"taxable","13":"shipping-taxable","14":"purchasable","15":"product-type-simple"},"acf":[],"brands":[{"id":1202,"name":"Cantabria Labs","slug":"cantabria-labs"}],"_links":{"self":[{"href":"https:\/\/skinstudio.ee\/lt\/wp-json\/wp\/v2\/product\/90364","targetHints":{"allow":["GET"]}}],"collection":[{"href":"https:\/\/skinstudio.ee\/lt\/wp-json\/wp\/v2\/product"}],"about":[{"href":"https:\/\/skinstudio.ee\/lt\/wp-json\/wp\/v2\/types\/product"}],"version-history":[{"count":1,"href":"https:\/\/skinstudio.ee\/lt\/wp-json\/wp\/v2\/product\/90364\/revisions"}],"predecessor-version":[{"id":90365,"href":"https:\/\/skinstudio.ee\/lt\/wp-json\/wp\/v2\/product\/90364\/revisions\/90365"}],"wp:featuredmedia":[{"embeddable":true,"href":"https:\/\/skinstudio.ee\/lt\/wp-json\/wp\/v2\/media\/90349"}],"wp:attachment":[{"href":"https:\/\/skinstudio.ee\/lt\/wp-json\/wp\/v2\/media?parent=90364"}],"wp:term":[{"taxonomy":"pwb-brand","embeddable":true,"href":"https:\/\/skinstudio.ee\/lt\/wp-json\/wp\/v2\/pwb-brand?post=90364"},{"taxonomy":"product_brand","embeddable":true,"href":"https:\/\/skinstudio.ee\/lt\/wp-json\/wp\/v2\/product_brand?post=90364"},{"taxonomy":"product_cat","embeddable":true,"href":"https:\/\/skinstudio.ee\/lt\/wp-json\/wp\/v2\/product_cat?post=90364"},{"taxonomy":"product_tag","embeddable":true,"href":"https:\/\/skinstudio.ee\/lt\/wp-json\/wp\/v2\/product_tag?post=90364"},{"taxonomy":"giftcard-category","embeddable":true,"href":"https:\/\/skinstudio.ee\/lt\/wp-json\/wp\/v2\/giftcard-category?post=90364"}],"curies":[{"name":"wp","href":"https:\/\/api.w.org\/{rel}","templated":true}]}}