{"id":90417,"date":"2026-04-09T13:21:22","date_gmt":"2026-04-09T13:21:22","guid":{"rendered":"https:\/\/skinstudio.ee\/?post_type=product&#038;p=90417"},"modified":"2026-04-09T13:27:11","modified_gmt":"2026-04-09T13:27:11","slug":"sunforgettable-total-protection-face-shield-flex","status":"publish","type":"product","link":"https:\/\/skinstudio.ee\/lt\/catalog\/colorescience\/sunforgettable-total-protection-face-shield-flex\/","title":{"rendered":"Sunforgettable\u00ae Total Protection\u2122 Face Shield Flex"},"content":{"rendered":"<p data-start=\"2309\" data-end=\"2675\">Sunforgettable\u00ae Total Protection\u2122 Face Shield Flex SPF 50 \u2013 tai adaptyvus mineralinis apsauginis kremas nuo saul\u0117s veidui, kuris u\u017etikrina auk\u0161to lygio apsaug\u0105 nuo aplinkos veiksni\u0173 ir akimirksniu suvienodina odos atspalv\u012f. D\u0117l inovatyvi\u0173 kapsuliuot\u0173 pigment\u0173 formul\u0117 prisitaiko prie individualaus odos tono, suteikdama nat\u016bral\u0173 ir tolyg\u0173 padengim\u0105 be kauk\u0117s efekto.<\/p>\n<p data-start=\"2677\" data-end=\"2886\">Lengva tekst\u016bra komforti\u0161kai pasiskirsto, neapsunkina odos ir tinka kasdieniam naudojimui. Ypa\u010d tinka \u012f netobulumus linkusiai odai \u2013 padeda vizualiai i\u0161lyginti odos pavir\u0161i\u0173 ir pagerinti bendr\u0105 veido i\u0161vaizd\u0105.<\/p>\n<p data-start=\"2888\" data-end=\"3248\">Priemon\u0117 sukurta naudojant patentuot\u0105 <strong data-start=\"2926\" data-end=\"2943\">EnviroScreen\u2122<\/strong> technologij\u0105, kuri u\u017etikrina 100% mineralin\u0119 plataus spektro apsaug\u0105 nuo UVA ir UVB spinduli\u0173, tar\u0161os, m\u0117lynosios \u0161viesos ir infraraudonosios spinduliuot\u0117s. Galingas antioksidant\u0173 kompleksas padeda neutralizuoti laisvuosius radikalus, palaiko odos dr\u0117gm\u0117s balans\u0105 ir ma\u017eina prie\u0161laikinio sen\u0117jimo rizik\u0105.<\/p>\n<p data-start=\"3250\" data-end=\"3323\">Galima rinktis i\u0161 keturi\u0173 adaptyvi\u0173 atspalvi\u0173, tinka visiems odos tonams.<\/p>\n<p data-start=\"3325\" data-end=\"3418\"><strong data-start=\"3325\" data-end=\"3340\">UV apsauga:<\/strong> SPF 50 \/ PA++++<br data-start=\"3356\" data-end=\"3359\" \/><strong data-start=\"3359\" data-end=\"3384\">Atsparumas vandeniui:<\/strong> iki 40 minu\u010di\u0173<br data-start=\"3399\" data-end=\"3402\" \/><strong data-start=\"3402\" data-end=\"3412\">T\u016bris:<\/strong> 55 ml<\/p>\n","protected":false},"excerpt":{"rendered":"<p data-start=\"3870\" data-end=\"3930\">Veido apsauginis kremas nuo saul\u0117s su adaptyviais pigmentais<\/p>\n<h2 data-start=\"3932\" data-end=\"4267\"><strong data-start=\"3932\" data-end=\"4015\">COLORESCIENCE &#8211; Sunforgettable\u00ae Total Protection\u2122 Face Shield Flex Savyb\u0117s<\/strong><\/h2>\n<p data-start=\"3932\" data-end=\"4267\">\u2714\ufe0f Suvienodina odos atspalv\u012f ir pagerina i\u0161vaizd\u0105<br data-start=\"4067\" data-end=\"4070\" \/>\u2714\ufe0f Prisitaiko prie individualaus odos tono<br data-start=\"4112\" data-end=\"4115\" \/>\u2714\ufe0f U\u017etikrina mineralin\u0119 plataus spektro SPF 50 apsaug\u0105<br data-start=\"4169\" data-end=\"4172\" \/>\u2714\ufe0f Padeda apsaugoti od\u0105 nuo fotosen\u0117jimo<br data-start=\"4212\" data-end=\"4215\" \/>\u2714\ufe0f Tinka kasdieniam naudojimui ir probleminei odai<\/p>\n","protected":false},"featured_media":90391,"template":"","meta":[],"pwb-brand":[1230],"product_brand":[],"product_cat":[738,746,752,740,750,732,748],"product_tag":[],"giftcard-category":[],"class_list":{"0":"post-90417","1":"product","2":"type-product","3":"status-publish","4":"has-post-thumbnail","6":"pwb-brand-colorescience","7":"product_cat-drekinimas","8":"product_cat-jautriai-odai","9":"product_cat-pigmentacija-lt","10":"product_cat-sausai-odai","11":"product_cat-senstanti-oda","12":"product_cat-spf-apsauga","13":"product_cat-taukainai-adai-lt","15":"first","16":"instock","17":"taxable","18":"shipping-taxable","19":"purchasable","20":"product-type-variable"},"acf":[],"brands":[{"id":1230,"name":"Colorescience","slug":"colorescience"}],"_links":{"self":[{"href":"https:\/\/skinstudio.ee\/lt\/wp-json\/wp\/v2\/product\/90417","targetHints":{"allow":["GET"]}}],"collection":[{"href":"https:\/\/skinstudio.ee\/lt\/wp-json\/wp\/v2\/product"}],"about":[{"href":"https:\/\/skinstudio.ee\/lt\/wp-json\/wp\/v2\/types\/product"}],"version-history":[{"count":1,"href":"https:\/\/skinstudio.ee\/lt\/wp-json\/wp\/v2\/product\/90417\/revisions"}],"predecessor-version":[{"id":90421,"href":"https:\/\/skinstudio.ee\/lt\/wp-json\/wp\/v2\/product\/90417\/revisions\/90421"}],"wp:featuredmedia":[{"embeddable":true,"href":"https:\/\/skinstudio.ee\/lt\/wp-json\/wp\/v2\/media\/90391"}],"wp:attachment":[{"href":"https:\/\/skinstudio.ee\/lt\/wp-json\/wp\/v2\/media?parent=90417"}],"wp:term":[{"taxonomy":"pwb-brand","embeddable":true,"href":"https:\/\/skinstudio.ee\/lt\/wp-json\/wp\/v2\/pwb-brand?post=90417"},{"taxonomy":"product_brand","embeddable":true,"href":"https:\/\/skinstudio.ee\/lt\/wp-json\/wp\/v2\/product_brand?post=90417"},{"taxonomy":"product_cat","embeddable":true,"href":"https:\/\/skinstudio.ee\/lt\/wp-json\/wp\/v2\/product_cat?post=90417"},{"taxonomy":"product_tag","embeddable":true,"href":"https:\/\/skinstudio.ee\/lt\/wp-json\/wp\/v2\/product_tag?post=90417"},{"taxonomy":"giftcard-category","embeddable":true,"href":"https:\/\/skinstudio.ee\/lt\/wp-json\/wp\/v2\/giftcard-category?post=90417"}],"curies":[{"name":"wp","href":"https:\/\/api.w.org\/{rel}","templated":true}]}}