{"id":90462,"date":"2026-04-09T13:39:15","date_gmt":"2026-04-09T13:39:15","guid":{"rendered":"https:\/\/skinstudio.ee\/?post_type=product&#038;p=90462"},"modified":"2026-04-09T13:52:29","modified_gmt":"2026-04-09T13:52:29","slug":"iraltone-sublime-hair-repair-oil","status":"publish","type":"product","link":"https:\/\/skinstudio.ee\/lt\/catalog\/cantabria-labs\/iraltone-sublime-hair-repair-oil\/","title":{"rendered":"Iraltone Sublime Hair Repair Oil"},"content":{"rendered":"<p data-start=\"2127\" data-end=\"2387\"><strong data-start=\"2127\" data-end=\"2182\">Iraltone Sublime Hair Repair Oil nuo Cantabria Labs<\/strong> yra atkuriamasis plauk\u0173 aliejus, skirtas saus\u0173 ir pa\u017eeist\u0173 plauk\u0173 maitinimui, apsaugai ir strukt\u016bros gerinimui. Formul\u0117 stiprina plaukus, didina j\u0173 atsparum\u0105 pa\u017eeidimams ir suteikia tvarkingesn\u0119 i\u0161vaizd\u0105.<\/p>\n<p data-start=\"2389\" data-end=\"2588\">Aliejus padeda i\u0161lyginti plauk\u0173 pavir\u0161i\u0173, u\u017edaryti kutikul\u0119 ir suma\u017eina i\u0161si\u0161akojusi\u0173 galiuk\u0173 matomum\u0105 jau nuo pirmo naudojimo. Jis suteikia plaukams daugiau \u0161velnumo, glotnumo ir sveikesn\u0119 i\u0161vaizd\u0105.<\/p>\n<p data-start=\"2590\" data-end=\"2796\">Augalini\u0173 aliej\u0173 kompleksas maitina plaukus ir padeda palaikyti optimal\u0173 dr\u0117gm\u0117s lyg\u012f, gerina elastingum\u0105 ir suteikia blizgesio. Produktas taip pat padeda apsaugoti plaukus nuo kar\u0161\u010dio ir aplinkos veiksni\u0173.<\/p>\n<p data-start=\"2798\" data-end=\"2970\">MetforHair\u00ae technologija didina plauk\u0173 atsparum\u0105 ir padeda i\u0161laikyti j\u0173 kokyb\u0119, ma\u017eindama ankstyvus sen\u0117jimo po\u017eymius ir suteikdama stipresn\u0119 bei geriau apsaugot\u0105 i\u0161vaizd\u0105.<\/p>\n<p data-start=\"2972\" data-end=\"3185\"><strong data-start=\"2972\" data-end=\"3019\">Kam tinka Iraltone Sublime Hair Repair Oil:<\/strong> tinka normaliems, sausiems ir pa\u017eeistiems plaukams, ypa\u010d esant i\u0161si\u0161akojusiems galiukams, blankumui ir po terminio ar cheminio poveikio. Tinka kasdieniam naudojimui.<\/p>\n<p data-start=\"3187\" data-end=\"3203\"><strong data-start=\"3187\" data-end=\"3203\">T\u016bris: 50 ml<\/strong><\/p>\n","protected":false},"excerpt":{"rendered":"<p data-start=\"3475\" data-end=\"3502\">Atkuriamasis plauk\u0173 aliejus<\/p>\n<h2 data-start=\"3504\" data-end=\"3565\"><strong data-start=\"3504\" data-end=\"3565\">Cantabria Labs &#8211; Iraltone Sublime Hair Repair Oil Savyb\u0117s<\/strong><\/h2>\n<p data-start=\"3567\" data-end=\"3790\">\u2714\ufe0f I\u0161lygina kutikul\u0119 ir ma\u017eina i\u0161si\u0161akojusius galiukus<br data-start=\"3621\" data-end=\"3624\" \/>\u2714\ufe0f Suteikia plaukams blizgesio ir \u0161velnumo<br data-start=\"3666\" data-end=\"3669\" \/>\u2714\ufe0f Stiprina plaukus ir gerina atsparum\u0105<br data-start=\"3708\" data-end=\"3711\" \/>\u2714\ufe0f Saugo nuo kar\u0161\u010dio pa\u017eeidim\u0173<br data-start=\"3741\" data-end=\"3744\" \/>\u2714\ufe0f Gerina bendr\u0105 plauk\u0173 i\u0161vaizd\u0105 ir tekst\u016br\u0105<\/p>\n","protected":false},"featured_media":90449,"template":"","meta":[],"pwb-brand":[1202],"product_brand":[],"product_cat":[1407,763],"product_tag":[],"giftcard-category":[],"class_list":{"0":"post-90462","1":"product","2":"type-product","3":"status-publish","4":"has-post-thumbnail","6":"pwb-brand-cantabria-labs","7":"product_cat-naujiena","8":"product_cat-plauku-prieziura","10":"first","11":"instock","12":"taxable","13":"shipping-taxable","14":"purchasable","15":"product-type-simple"},"acf":[],"brands":[{"id":1202,"name":"Cantabria Labs","slug":"cantabria-labs"}],"_links":{"self":[{"href":"https:\/\/skinstudio.ee\/lt\/wp-json\/wp\/v2\/product\/90462","targetHints":{"allow":["GET"]}}],"collection":[{"href":"https:\/\/skinstudio.ee\/lt\/wp-json\/wp\/v2\/product"}],"about":[{"href":"https:\/\/skinstudio.ee\/lt\/wp-json\/wp\/v2\/types\/product"}],"version-history":[{"count":1,"href":"https:\/\/skinstudio.ee\/lt\/wp-json\/wp\/v2\/product\/90462\/revisions"}],"predecessor-version":[{"id":90463,"href":"https:\/\/skinstudio.ee\/lt\/wp-json\/wp\/v2\/product\/90462\/revisions\/90463"}],"wp:featuredmedia":[{"embeddable":true,"href":"https:\/\/skinstudio.ee\/lt\/wp-json\/wp\/v2\/media\/90449"}],"wp:attachment":[{"href":"https:\/\/skinstudio.ee\/lt\/wp-json\/wp\/v2\/media?parent=90462"}],"wp:term":[{"taxonomy":"pwb-brand","embeddable":true,"href":"https:\/\/skinstudio.ee\/lt\/wp-json\/wp\/v2\/pwb-brand?post=90462"},{"taxonomy":"product_brand","embeddable":true,"href":"https:\/\/skinstudio.ee\/lt\/wp-json\/wp\/v2\/product_brand?post=90462"},{"taxonomy":"product_cat","embeddable":true,"href":"https:\/\/skinstudio.ee\/lt\/wp-json\/wp\/v2\/product_cat?post=90462"},{"taxonomy":"product_tag","embeddable":true,"href":"https:\/\/skinstudio.ee\/lt\/wp-json\/wp\/v2\/product_tag?post=90462"},{"taxonomy":"giftcard-category","embeddable":true,"href":"https:\/\/skinstudio.ee\/lt\/wp-json\/wp\/v2\/giftcard-category?post=90462"}],"curies":[{"name":"wp","href":"https:\/\/api.w.org\/{rel}","templated":true}]}}