{"id":90484,"date":"2026-04-09T14:06:11","date_gmt":"2026-04-09T14:06:11","guid":{"rendered":"https:\/\/skinstudio.ee\/?post_type=product&#038;p=90484"},"modified":"2026-04-09T14:11:42","modified_gmt":"2026-04-09T14:11:42","slug":"neoretin-dc-microexfoliating-cleanser","status":"publish","type":"product","link":"https:\/\/skinstudio.ee\/lt\/catalog\/cantabria-labs\/neoretin-dc-microexfoliating-cleanser\/","title":{"rendered":"Neoretin DC Microexfoliating Cleanser"},"content":{"rendered":"<p data-start=\"2344\" data-end=\"2609\"><strong data-start=\"2344\" data-end=\"2404\">Neoretin DC Microexfoliating Cleanser nuo Cantabria Labs<\/strong> yra valomasis produktas su trigubu eksfoliavimo poveikiu, skirtas odos tekst\u016brai i\u0161lyginti, poroms i\u0161valyti ir odos tonui pagerinti. Formul\u0117 skirta odos atsinaujinimui bei glotnumo ir \u0161vyt\u0117jimo gerinimui.<\/p>\n<p data-start=\"2611\" data-end=\"2883\">Triguba eksfoliacijos sistema apjungia chemin\u012f \u0161veitim\u0105 su polihidroksi r\u016bg\u0161timis, fermentin\u012f poveik\u012f su granato fermentu ir \u0161veln\u0173 fizin\u012f valym\u0105. Tai leid\u017eia efektyviai pa\u0161alinti negyvas odos l\u0105steles, giliai i\u0161valyti od\u0105 ir pagerinti jos tekst\u016br\u0105 be agresyvaus poveikio.<\/p>\n<p data-start=\"2885\" data-end=\"3138\">Traneksamo r\u016bg\u0161tis ir niacinamidas padeda suvienodinti odos ton\u0105, suma\u017einti pigmentacijos matomum\u0105 ir stiprina odos apsaugin\u012f barjer\u0105. Aktyvi\u0173j\u0173 med\u017eiag\u0173 kompleksas padeda suma\u017einti blankum\u0105, pagerinti odos i\u0161vaizd\u0105 ir paruo\u0161ti j\u0105 tolimesnei prie\u017ei\u016brai.<\/p>\n<p data-start=\"3140\" data-end=\"3304\">Reguliarus naudojimas padeda odai tapti lygesnei, tolygesnei ir \u0161vytin\u010diai, taip pat pagerina jos geb\u0117jim\u0105 \u012fsisavinti aktyvi\u0105sias med\u017eiagas tolimesn\u0117je prie\u017ei\u016broje.<\/p>\n<p data-start=\"3306\" data-end=\"3517\"><strong data-start=\"3306\" data-end=\"3358\">Kam tinka Neoretin DC Microexfoliating Cleanser:<\/strong> tinka odai su pigmentacija, nelygiu tonu, blankumu ir u\u017esikim\u0161usiomis poromis. Tinka kasdieniam naudojimui, palaipsniui didinant da\u017en\u012f pagal odos tolerancij\u0105.<\/p>\n<p data-start=\"3519\" data-end=\"3536\"><strong data-start=\"3519\" data-end=\"3536\">T\u016bris: 200 ml<\/strong><\/p>\n","protected":false},"excerpt":{"rendered":"<p data-start=\"3899\" data-end=\"3936\">Mikroeksfolijuojantis valomasis gelis<\/p>\n<h2 data-start=\"3938\" data-end=\"4004\"><strong data-start=\"3938\" data-end=\"4004\">Cantabria Labs &#8211; Neoretin DC Microexfoliating Cleanser Savyb\u0117s<\/strong><\/h2>\n<p data-start=\"4006\" data-end=\"4201\">\u2714\ufe0f Valo poras ir pa\u0161alina ne\u0161varumus<br data-start=\"4042\" data-end=\"4045\" \/>\u2714\ufe0f Atnaujina od\u0105 ir i\u0161lygina tekst\u016br\u0105<br data-start=\"4082\" data-end=\"4085\" \/>\u2714\ufe0f Ma\u017eina pigmentacijos matomum\u0105<br data-start=\"4117\" data-end=\"4120\" \/>\u2714\ufe0f Gerina odos ton\u0105 ir suteikia \u0161vyt\u0117jimo<br data-start=\"4161\" data-end=\"4164\" \/>\u2714\ufe0f Paruo\u0161ia od\u0105 aktyviai prie\u017ei\u016brai<\/p>\n","protected":false},"featured_media":90490,"template":"","meta":[],"pwb-brand":[1202],"product_brand":[],"product_cat":[1407,752,718],"product_tag":[],"giftcard-category":[],"class_list":{"0":"post-90484","1":"product","2":"type-product","3":"status-publish","4":"has-post-thumbnail","6":"pwb-brand-cantabria-labs","7":"product_cat-naujiena","8":"product_cat-pigmentacija-lt","9":"product_cat-valymas","11":"first","12":"instock","13":"taxable","14":"shipping-taxable","15":"purchasable","16":"product-type-simple"},"acf":[],"brands":[{"id":1202,"name":"Cantabria Labs","slug":"cantabria-labs"}],"_links":{"self":[{"href":"https:\/\/skinstudio.ee\/lt\/wp-json\/wp\/v2\/product\/90484","targetHints":{"allow":["GET"]}}],"collection":[{"href":"https:\/\/skinstudio.ee\/lt\/wp-json\/wp\/v2\/product"}],"about":[{"href":"https:\/\/skinstudio.ee\/lt\/wp-json\/wp\/v2\/types\/product"}],"version-history":[{"count":1,"href":"https:\/\/skinstudio.ee\/lt\/wp-json\/wp\/v2\/product\/90484\/revisions"}],"predecessor-version":[{"id":90485,"href":"https:\/\/skinstudio.ee\/lt\/wp-json\/wp\/v2\/product\/90484\/revisions\/90485"}],"wp:featuredmedia":[{"embeddable":true,"href":"https:\/\/skinstudio.ee\/lt\/wp-json\/wp\/v2\/media\/90490"}],"wp:attachment":[{"href":"https:\/\/skinstudio.ee\/lt\/wp-json\/wp\/v2\/media?parent=90484"}],"wp:term":[{"taxonomy":"pwb-brand","embeddable":true,"href":"https:\/\/skinstudio.ee\/lt\/wp-json\/wp\/v2\/pwb-brand?post=90484"},{"taxonomy":"product_brand","embeddable":true,"href":"https:\/\/skinstudio.ee\/lt\/wp-json\/wp\/v2\/product_brand?post=90484"},{"taxonomy":"product_cat","embeddable":true,"href":"https:\/\/skinstudio.ee\/lt\/wp-json\/wp\/v2\/product_cat?post=90484"},{"taxonomy":"product_tag","embeddable":true,"href":"https:\/\/skinstudio.ee\/lt\/wp-json\/wp\/v2\/product_tag?post=90484"},{"taxonomy":"giftcard-category","embeddable":true,"href":"https:\/\/skinstudio.ee\/lt\/wp-json\/wp\/v2\/giftcard-category?post=90484"}],"curies":[{"name":"wp","href":"https:\/\/api.w.org\/{rel}","templated":true}]}}