{"id":90520,"date":"2026-04-09T14:18:10","date_gmt":"2026-04-09T14:18:10","guid":{"rendered":"https:\/\/skinstudio.ee\/?post_type=product&#038;p=90520"},"modified":"2026-04-09T14:22:27","modified_gmt":"2026-04-09T14:22:27","slug":"neoretin-dc-concentrate-serum","status":"publish","type":"product","link":"https:\/\/skinstudio.ee\/lt\/catalog\/cantabria-labs\/neoretin-dc-concentrate-serum\/","title":{"rendered":"Neoretin DC Concentrate Serum"},"content":{"rendered":"<p data-start=\"2279\" data-end=\"2557\"><strong data-start=\"2279\" data-end=\"2331\">Neoretin DC Concentrate Serum nuo Cantabria Labs<\/strong> yra didel\u0117s koncentracijos depigmentuojantis serumas, skirtas odos tono suvienodinimui, pigmentacijos ma\u017einimui ir odos atsinaujinimo skatinimui. Formul\u0117 skirta hiperpigmentacijos korekcijai ir bendros odos kokyb\u0117s gerinimui.<\/p>\n<p data-start=\"2559\" data-end=\"2788\">R\u016bg\u0161\u010di\u0173 ir retinoid\u0173 technologijos derinys u\u017etikrina intensyv\u0173 odos atsinaujinim\u0105, pagreitindamas l\u0105steli\u0173 atsinaujinim\u0105 ir pad\u0117damas i\u0161lyginti odos tekst\u016br\u0105. Serumas padeda odai tapti lygesnei, tankesnei ir vizualiai tolygesnei.<\/p>\n<p data-start=\"2790\" data-end=\"3042\">Traneksamo r\u016bg\u0161tis, niacinamidas ir azelaino r\u016bg\u0161ties darinys veikia melanino sintez\u0119, pad\u0117dami suma\u017einti pigmentacijos matomum\u0105 ir u\u017ekirsti keli\u0105 nauj\u0173 d\u0117mi\u0173 atsiradimui. Antioksidantai padeda apsaugoti od\u0105 nuo i\u0161orini\u0173 veiksni\u0173 ir oksidacinio streso.<\/p>\n<p data-start=\"3044\" data-end=\"3188\">Reguliarus naudojimas padeda pasiekti tolygesn\u012f, \u0161viesesn\u012f ir vienodesn\u012f odos ton\u0105, pagerina odos i\u0161vaizd\u0105 ir paruo\u0161ia j\u0105 tolimesnei prie\u017ei\u016brai.<\/p>\n<p data-start=\"3190\" data-end=\"3388\"><strong data-start=\"3190\" data-end=\"3234\">Kam tinka Neoretin DC Concentrate Serum:<\/strong> tinka odai su hiperpigmentacija, melasma, postaknin\u0117mis d\u0117m\u0117mis ir nelygiu tonu. Tinka naudoti vakare, palaipsniui didinant da\u017en\u012f pagal odos tolerancij\u0105.<\/p>\n<p data-start=\"3390\" data-end=\"3406\"><strong data-start=\"3390\" data-end=\"3406\">T\u016bris: 30 ml<\/strong><\/p>\n","protected":false},"excerpt":{"rendered":"<p data-start=\"3775\" data-end=\"3807\">Depigmentuojantis serumas veidui<\/p>\n<h2 data-start=\"3809\" data-end=\"3867\"><strong data-start=\"3809\" data-end=\"3867\">Cantabria Labs &#8211; Neoretin DC Concentrate Serum Savyb\u0117s<\/strong><\/h2>\n<p data-start=\"3869\" data-end=\"4055\">\u2714\ufe0f Ma\u017eina pigmentacijos matomum\u0105<br data-start=\"3901\" data-end=\"3904\" \/>\u2714\ufe0f Suvienodina odos ton\u0105 ir tekst\u016br\u0105<br data-start=\"3940\" data-end=\"3943\" \/>\u2714\ufe0f Skatina odos atsinaujinim\u0105<br data-start=\"3972\" data-end=\"3975\" \/>\u2714\ufe0f Padaro od\u0105 lygesn\u0119 ir \u0161vytin\u010di\u0105<br data-start=\"4009\" data-end=\"4012\" \/>\u2714\ufe0f Padeda i\u0161vengti nauj\u0173 d\u0117mi\u0173 atsiradimo<\/p>\n","protected":false},"featured_media":90501,"template":"","meta":[],"pwb-brand":[1202],"product_brand":[],"product_cat":[742,1407,752,724],"product_tag":[],"giftcard-category":[],"class_list":{"0":"post-90520","1":"product","2":"type-product","3":"status-publish","4":"has-post-thumbnail","6":"pwb-brand-cantabria-labs","7":"product_cat-berimai","8":"product_cat-naujiena","9":"product_cat-pigmentacija-lt","10":"product_cat-serumai","12":"first","13":"instock","14":"taxable","15":"shipping-taxable","16":"purchasable","17":"product-type-simple"},"acf":[],"brands":[{"id":1202,"name":"Cantabria Labs","slug":"cantabria-labs"}],"_links":{"self":[{"href":"https:\/\/skinstudio.ee\/lt\/wp-json\/wp\/v2\/product\/90520","targetHints":{"allow":["GET"]}}],"collection":[{"href":"https:\/\/skinstudio.ee\/lt\/wp-json\/wp\/v2\/product"}],"about":[{"href":"https:\/\/skinstudio.ee\/lt\/wp-json\/wp\/v2\/types\/product"}],"version-history":[{"count":1,"href":"https:\/\/skinstudio.ee\/lt\/wp-json\/wp\/v2\/product\/90520\/revisions"}],"predecessor-version":[{"id":90521,"href":"https:\/\/skinstudio.ee\/lt\/wp-json\/wp\/v2\/product\/90520\/revisions\/90521"}],"wp:featuredmedia":[{"embeddable":true,"href":"https:\/\/skinstudio.ee\/lt\/wp-json\/wp\/v2\/media\/90501"}],"wp:attachment":[{"href":"https:\/\/skinstudio.ee\/lt\/wp-json\/wp\/v2\/media?parent=90520"}],"wp:term":[{"taxonomy":"pwb-brand","embeddable":true,"href":"https:\/\/skinstudio.ee\/lt\/wp-json\/wp\/v2\/pwb-brand?post=90520"},{"taxonomy":"product_brand","embeddable":true,"href":"https:\/\/skinstudio.ee\/lt\/wp-json\/wp\/v2\/product_brand?post=90520"},{"taxonomy":"product_cat","embeddable":true,"href":"https:\/\/skinstudio.ee\/lt\/wp-json\/wp\/v2\/product_cat?post=90520"},{"taxonomy":"product_tag","embeddable":true,"href":"https:\/\/skinstudio.ee\/lt\/wp-json\/wp\/v2\/product_tag?post=90520"},{"taxonomy":"giftcard-category","embeddable":true,"href":"https:\/\/skinstudio.ee\/lt\/wp-json\/wp\/v2\/giftcard-category?post=90520"}],"curies":[{"name":"wp","href":"https:\/\/api.w.org\/{rel}","templated":true}]}}